{"id":779664,"date":"2025-12-30T12:05:20","date_gmt":"2025-12-30T09:05:20","guid":{"rendered":"https:\/\/roveyayinevi.com.tr\/index.php\/urun\/dort-hirsizlar-sirkesi\/"},"modified":"2026-03-12T03:41:34","modified_gmt":"2026-03-12T00:41:34","slug":"dort-hirsizlar-sirkesi","status":"publish","type":"product","link":"https:\/\/roveyayinevi.com.tr\/index.php\/urun\/dort-hirsizlar-sirkesi\/","title":{"rendered":"D\u00f6rt H\u0131rs\u0131zlar Sirkesi"},"content":{"rendered":"<p>Yeni Roman \u201cD\u00f6rt H\u0131rs\u0131zlar Sirkesi\u201d Yay\u0131nda: Tarih, Pandemi ve Sessizlik \u00dczerine Kurgusal Bir Hesapla\u015fma Caner TEK\u2019in kaleme ald\u0131\u011f\u0131 \u201cD\u00f6rt H\u0131rs\u0131zlar Sirkesi\u201d, ge\u00e7mi\u015fin tozlu raflar\u0131ndan bug\u00fcn\u00fcn laboratuvarlar\u0131na uzanan nefes kesici bir tarihsel gerilim. Orta \u00c7a\u011f Avrupas\u0131\u2019nda vebaya kar\u015f\u0131 kullan\u0131lan efsanevi bir kar\u0131\u015f\u0131m olan \u201cD\u00f6rt H\u0131rs\u0131zlar Sirkesi\u201d, bu kez modern pandemiler \u00e7a\u011f\u0131nda yeniden sahneye \u00e7\u0131k\u0131yor. Roman, 2022 y\u0131l\u0131nda Cenevre\u2019de d\u00fczenlenen bir pandemi kongresinde tan\u0131\u015fan iki ana karakterin\u2014ara\u015ft\u0131rmac\u0131 gazeteci Mina Demir ve t\u0131p tarih\u00e7isi Dr. Adrien Moreau\u2019nun\u2014bilgiyle in\u015fa edilen ama sessizlikle korunan bir komplonun izini s\u00fcrmelerini konu al\u0131yor. Pandemilerin sadece vir\u00fcs de\u011fil, ayn\u0131 zamanda \u201chaf\u0131za\u201d ve \u201cetik\u201d krizleri yaratt\u0131\u011f\u0131n\u0131 savunan roman, okuyucuyu Marsilya\u2019n\u0131n karantina alt\u0131ndaki limanlar\u0131ndan, Toledo\u2019nun sinagoglar\u0131na, Venedik\u2019in sularla \u00e7evrili s\u0131rlar\u0131na kadar \u00e7ok katmanl\u0131 bir ke\u015ffe \u00e7\u0131kar\u0131yor. K\u00fcresel sa\u011fl\u0131k politikalar\u0131na, modern t\u0131bb\u0131n s\u0131n\u0131rlar\u0131na ve bilimsel dogmalar\u0131n sorgulanmas\u0131na cesurca dokunan eser, ayn\u0131 zamanda edebi zenginli\u011fiyle de dikkat \u00e7ekiyor. Betimlemeleriyle adeta bir sinema sahnesini and\u0131ran roman, Dan Brown\u2019un gerilim ritmiyle, Umberto Eco\u2019nun tarihsel \u00e7\u00f6z\u00fcmleme gelene\u011fini harmanl\u0131yor. Caner TEK, roman\u0131yla ilgili \u015f\u00f6yle diyor: \u201cBu kitap sadece bir pandemi roman\u0131 de\u011fil. Sessizli\u011fe g\u00f6m\u00fclen bilgilerin, saklanan tedavilerin ve unutturulan hakikatlerin roman\u0131. \u00c7\u00fcnk\u00fc bazen \u00f6l\u00fcm, tarihte de\u011fil; suskunlukta gizlidir.\u201d D\u00f6rt H\u0131rs\u0131zlar Sirkesi, pandemi sonras\u0131 d\u00fcnyada yeniden sorulmas\u0131 gereken sorulara cesur ve edebi bir yan\u0131t arayan herkes i\u00e7in s\u00fcr\u00fckleyici bir okuma vadediyor. <\/p>\n","protected":false},"excerpt":{"rendered":"<p>Yeni Roman \u201cD\u00f6rt H\u0131rs\u0131zlar Sirkesi\u201d Yay\u0131nda: Tarih, Pandemi ve Sessizlik \u00dczerine Kurgusal Bir Hesapla\u015fma Caner TEK\u2019in kaleme ald\u0131\u011f\u0131 \u201cD\u00f6rt H\u0131rs\u0131zlar Sirkesi\u201d, ge\u00e7mi\u015fin tozlu raflar\u0131ndan bug\u00fcn\u00fcn laboratuvarlar\u0131na<span class=\"excerpt-hellip\"> [\u2026]<\/span><\/p>\n","protected":false},"featured_media":0,"template":"","meta":{"_monsterinsights_skip_tracking":false,"_monsterinsights_sitenote_active":false,"_monsterinsights_sitenote_note":"","_monsterinsights_sitenote_category":0},"product_brand":[],"product_cat":[12291,12711],"product_tag":[],"class_list":{"0":"post-779664","1":"product","2":"type-product","3":"status-publish","5":"product_cat-edebiyat","6":"product_cat-roman-oyku","7":"pa_cilt-ciltsiz","8":"pa_tur-kitap","9":"pa_yayinevi-kirmizi-cati-yayinlari","10":"pa_yazar-caner-tek","12":"first","13":"instock","14":"sale","15":"shipping-taxable","16":"purchasable","17":"product-type-simple"},"_links":{"self":[{"href":"https:\/\/roveyayinevi.com.tr\/index.php\/wp-json\/wp\/v2\/product\/779664","targetHints":{"allow":["GET"]}}],"collection":[{"href":"https:\/\/roveyayinevi.com.tr\/index.php\/wp-json\/wp\/v2\/product"}],"about":[{"href":"https:\/\/roveyayinevi.com.tr\/index.php\/wp-json\/wp\/v2\/types\/product"}],"wp:attachment":[{"href":"https:\/\/roveyayinevi.com.tr\/index.php\/wp-json\/wp\/v2\/media?parent=779664"}],"wp:term":[{"taxonomy":"product_brand","embeddable":true,"href":"https:\/\/roveyayinevi.com.tr\/index.php\/wp-json\/wp\/v2\/product_brand?post=779664"},{"taxonomy":"product_cat","embeddable":true,"href":"https:\/\/roveyayinevi.com.tr\/index.php\/wp-json\/wp\/v2\/product_cat?post=779664"},{"taxonomy":"product_tag","embeddable":true,"href":"https:\/\/roveyayinevi.com.tr\/index.php\/wp-json\/wp\/v2\/product_tag?post=779664"}],"curies":[{"name":"wp","href":"https:\/\/api.w.org\/{rel}","templated":true}]}}