{"id":779658,"date":"2025-12-30T12:05:01","date_gmt":"2025-12-30T09:05:01","guid":{"rendered":"https:\/\/roveyayinevi.com.tr\/index.php\/urun\/hudavent-hatun-sivama-cilt\/"},"modified":"2026-04-15T03:44:16","modified_gmt":"2026-04-15T00:44:16","slug":"hudavent-hatun-sivama-cilt","status":"publish","type":"product","link":"https:\/\/roveyayinevi.com.tr\/index.php\/urun\/hudavent-hatun-sivama-cilt\/","title":{"rendered":"H\u00fcdavent Hatun (S\u0131vama Cilt)"},"content":{"rendered":"<p>Anadolu\u2019nun siyasi ve k\u00fclt\u00fcrel tarihinde iz b\u0131rakan s\u0131ra d\u0131\u015f\u0131 bir kad\u0131n: H\u00fcdavend Hatun. Sel\u00e7uklu Sultan\u0131 IV. K\u0131l\u0131\u00e7 Arslan\u2019\u0131n k\u0131z\u0131, \u0130lhanl\u0131 H\u00fck\u00fcmdar\u0131 Argun Han\u2019\u0131n e\u015fi olan H\u00fcdavend Hatun, sadece diplomatik ve y\u00f6netsel kimli\u011fiyle de\u011fil, ard\u0131nda b\u0131rakt\u0131\u011f\u0131 g\u00f6rkemli mimari mirasla da tarihe damga vurdu.   Cahit \u00c7elik\u2019in titiz kaynak \u00e7al\u0131\u015fmalar\u0131yla haz\u0131rlad\u0131\u011f\u0131 bu kitap, H\u00fcdavend Hatun\u2019un \u0130lhanl\u0131 saray\u0131ndaki ya\u015fam\u0131ndan Ni\u011fde\u2019de y\u00fcr\u00fctt\u00fc\u011f\u00fc melikelik g\u00f6revine ve 1312-1313 y\u0131llar\u0131nda kendi ad\u0131na in\u015fa ettirdi\u011fi an\u0131tsal t\u00fcrbesine uzanan \u00e7ok y\u00f6nl\u00fc bir portre sunuyor. \u015eamanist, Budist ve \u0130slami \u00f6\u011feleri bir araya getiren ta\u015f bezemeleriyle dikkat \u00e7eken H\u00fcdavend Hatun T\u00fcrbesi, sadece T\u00fcrk mezar mimarisinin de\u011fil, Orta\u00e7a\u011f Anadolu sanat\u0131n\u0131n da zirve \u00f6rneklerinden biri olarak kabul ediliyor.   H\u00fcdavend Hatun: Anadolu\u2019n\u0131n \u0130lk Kad\u0131n Valisi, g\u00fc\u00e7l\u00fc bir kad\u0131n fig\u00fcr\u00fcn\u00fcn izinde tarih, siyaset ve sanat\u0131n kesi\u015fti\u011fi \u00f6zg\u00fcn bir anlat\u0131 sunarken;  Anadolu\u2019nun zengin k\u00fclt\u00fcrel katmanlar\u0131na da \u0131\u015f\u0131k tutuyor. Bu eser, mimari esteti\u011fin bir y\u00f6netici kimli\u011fiyle nas\u0131l b\u00fct\u00fcnle\u015fti\u011fini g\u00f6steren nadir \u00e7al\u0131\u015fmalardan biridir. <\/p>\n","protected":false},"excerpt":{"rendered":"<p>Anadolu\u2019nun siyasi ve k\u00fclt\u00fcrel tarihinde iz b\u0131rakan s\u0131ra d\u0131\u015f\u0131 bir kad\u0131n: H\u00fcdavend Hatun. Sel\u00e7uklu Sultan\u0131 IV. K\u0131l\u0131\u00e7 Arslan\u2019\u0131n k\u0131z\u0131, \u0130lhanl\u0131 H\u00fck\u00fcmdar\u0131 Argun Han\u2019\u0131n e\u015fi olan H\u00fcdavend<span class=\"excerpt-hellip\"> [\u2026]<\/span><\/p>\n","protected":false},"featured_media":0,"template":"","meta":{"_monsterinsights_skip_tracking":false,"_monsterinsights_sitenote_active":false,"_monsterinsights_sitenote_note":"","_monsterinsights_sitenote_category":0},"product_brand":[],"product_cat":[13946,12304],"product_tag":[],"class_list":{"0":"post-779658","1":"product","2":"type-product","3":"status-publish","5":"product_cat-biyografi-otobiyografi","6":"product_cat-tarih","7":"pa_cilt-ciltli","8":"pa_tur-kitap","9":"pa_yayinevi-idealkent-yayinlari","10":"pa_yazar-cahit-celik","12":"first","13":"instock","14":"sale","15":"shipping-taxable","16":"purchasable","17":"product-type-simple"},"_links":{"self":[{"href":"https:\/\/roveyayinevi.com.tr\/index.php\/wp-json\/wp\/v2\/product\/779658","targetHints":{"allow":["GET"]}}],"collection":[{"href":"https:\/\/roveyayinevi.com.tr\/index.php\/wp-json\/wp\/v2\/product"}],"about":[{"href":"https:\/\/roveyayinevi.com.tr\/index.php\/wp-json\/wp\/v2\/types\/product"}],"wp:attachment":[{"href":"https:\/\/roveyayinevi.com.tr\/index.php\/wp-json\/wp\/v2\/media?parent=779658"}],"wp:term":[{"taxonomy":"product_brand","embeddable":true,"href":"https:\/\/roveyayinevi.com.tr\/index.php\/wp-json\/wp\/v2\/product_brand?post=779658"},{"taxonomy":"product_cat","embeddable":true,"href":"https:\/\/roveyayinevi.com.tr\/index.php\/wp-json\/wp\/v2\/product_cat?post=779658"},{"taxonomy":"product_tag","embeddable":true,"href":"https:\/\/roveyayinevi.com.tr\/index.php\/wp-json\/wp\/v2\/product_tag?post=779658"}],"curies":[{"name":"wp","href":"https:\/\/api.w.org\/{rel}","templated":true}]}}