{"id":779657,"date":"2025-12-30T12:04:56","date_gmt":"2025-12-30T09:04:56","guid":{"rendered":"https:\/\/roveyayinevi.com.tr\/index.php\/urun\/kagit-saray\/"},"modified":"2026-04-15T03:44:16","modified_gmt":"2026-04-15T00:44:16","slug":"kagit-saray","status":"publish","type":"product","link":"https:\/\/roveyayinevi.com.tr\/index.php\/urun\/kagit-saray\/","title":{"rendered":"Ka\u011f\u0131t Saray"},"content":{"rendered":"<p>Ge\u00e7mi\u015finden kurtulmak i\u00e7in, \u015fu an sahip oldu\u011fun nelerden vazge\u00e7ebilirsin? Evli ve \u00fc\u00e7 \u00e7ocuk annesi Elle, \u00e7ocuklu\u011fundan bu yana yaz aylar\u0131n\u0131 ge\u00e7irdi\u011fi g\u00f6l evinde sars\u0131c\u0131 bir sabaha uyan\u0131r: Y\u0131llar boyunca yap\u0131lan tercihler, i\u015flenen su\u00e7lar ve saklanan s\u0131rlar nedeniyle bir araya gelemedi\u011fi \u00e7ocukluk a\u015fk\u0131yla, Jonas\u2019la nihayet birlikte olduklar\u0131 gecenin sabah\u0131d\u0131r bu, hem de her ikisinin e\u015fleri evde sohbet ederken&#8230; Art\u0131k ka\u00e7\u0131n\u0131lmaz bir tercih yapmak zorundad\u0131r Elle: Zonklayan, ac\u0131 veren ama y\u0131llard\u0131r unutamad\u0131\u011f\u0131 bir a\u015fk m\u0131; yoksa sab\u0131r dolu, m\u00fc\u015ffik, ama y\u0131llar\u0131n eskitti\u011fi bir a\u015fk m\u0131?   Miranda Cowley Heller\u2019\u0131n k\u0131sa s\u00fcrede The New York Times \u00e7oksatarlar listesine giren ilk roman\u0131 K\u00e2\u011f\u0131t Saray, Elle\u2019in iyi bir k\u0131z \u00e7ocu\u011fu, iyi bir e\u015f ve iyi bir anne olmaya \u00e7al\u0131\u015f\u0131rken bast\u0131rd\u0131klar\u0131n\u0131; istismar\u0131n g\u00f6lgesinde \u015fekillenen, \u00f6zg\u00fcrl\u00fc\u011f\u00fc elinden al\u0131nm\u0131\u015f hayat\u0131n\u0131 anlat\u0131yor.   \u201cGe\u00e7mi\u015fimizi bir a\u011f\u0131rl\u0131k gibi pe\u015fimizden s\u00fcr\u00fckl\u00fcyoruz, h\u00e2l\u00e2 ona zincirli olabiliriz, ama yeterince geride kald\u0131\u011f\u0131na g\u00f6re art\u0131k ne onu g\u00f6rmek ne de bir zamanlar \u00f6yle biri oldu\u011fumuzu kabul etmek zorunday\u0131z.\u201d   \u201cB\u00fcy\u00fcleyici bir atmosfere yerle\u015ftirilmi\u015f, karma\u015f\u0131k bir ailenin kar\u015f\u0131 konulmaz hik\u00e2yesi.\u201d The New York Times   \u201cYo\u011fun duygularla \u00f6r\u00fcl\u00fc bir a\u015fk hik\u00e2yesi\u2026 S\u0131rlar, yalanlar ve olduk\u00e7a karma\u015f\u0131k bir a\u015fk \u00fc\u00e7geninin \u00e7\u00f6z\u00fcl\u00fc\u015f\u00fc.\u201d Reese Witherspoon, Reese\u2019s Book Club Temmuz 2021 Se\u00e7imi<\/p>\n","protected":false},"excerpt":{"rendered":"<p>Ge\u00e7mi\u015finden kurtulmak i\u00e7in, \u015fu an sahip oldu\u011fun nelerden vazge\u00e7ebilirsin? Evli ve \u00fc\u00e7 \u00e7ocuk annesi Elle, \u00e7ocuklu\u011fundan bu yana yaz aylar\u0131n\u0131 ge\u00e7irdi\u011fi g\u00f6l evinde sars\u0131c\u0131 bir sabaha<span class=\"excerpt-hellip\"> [\u2026]<\/span><\/p>\n","protected":false},"featured_media":0,"template":"","meta":{"_monsterinsights_skip_tracking":false,"_monsterinsights_sitenote_active":false,"_monsterinsights_sitenote_note":"","_monsterinsights_sitenote_category":0},"product_brand":[],"product_cat":[12291,12711],"product_tag":[],"class_list":{"0":"post-779657","1":"product","2":"type-product","3":"status-publish","5":"product_cat-edebiyat","6":"product_cat-roman-oyku","7":"pa_cilt-ciltsiz","8":"pa_tur-kitap","9":"pa_yayinevi-mundi","10":"pa_yazar-miranda-cowley-heller","12":"first","13":"instock","14":"sale","15":"shipping-taxable","16":"purchasable","17":"product-type-simple"},"_links":{"self":[{"href":"https:\/\/roveyayinevi.com.tr\/index.php\/wp-json\/wp\/v2\/product\/779657","targetHints":{"allow":["GET"]}}],"collection":[{"href":"https:\/\/roveyayinevi.com.tr\/index.php\/wp-json\/wp\/v2\/product"}],"about":[{"href":"https:\/\/roveyayinevi.com.tr\/index.php\/wp-json\/wp\/v2\/types\/product"}],"wp:attachment":[{"href":"https:\/\/roveyayinevi.com.tr\/index.php\/wp-json\/wp\/v2\/media?parent=779657"}],"wp:term":[{"taxonomy":"product_brand","embeddable":true,"href":"https:\/\/roveyayinevi.com.tr\/index.php\/wp-json\/wp\/v2\/product_brand?post=779657"},{"taxonomy":"product_cat","embeddable":true,"href":"https:\/\/roveyayinevi.com.tr\/index.php\/wp-json\/wp\/v2\/product_cat?post=779657"},{"taxonomy":"product_tag","embeddable":true,"href":"https:\/\/roveyayinevi.com.tr\/index.php\/wp-json\/wp\/v2\/product_tag?post=779657"}],"curies":[{"name":"wp","href":"https:\/\/api.w.org\/{rel}","templated":true}]}}