{"id":779655,"date":"2025-12-30T12:04:49","date_gmt":"2025-12-30T09:04:49","guid":{"rendered":"https:\/\/roveyayinevi.com.tr\/index.php\/urun\/cocuk-kitabi-yazarinin-yolculugu\/"},"modified":"2026-04-15T03:44:16","modified_gmt":"2026-04-15T00:44:16","slug":"cocuk-kitabi-yazarinin-yolculugu","status":"publish","type":"product","link":"https:\/\/roveyayinevi.com.tr\/index.php\/urun\/cocuk-kitabi-yazarinin-yolculugu\/","title":{"rendered":"\u00c7ocuk Kitab\u0131 Yazar\u0131n\u0131n Yolculu\u011fu"},"content":{"rendered":"<p>\u00c7ocuklar i\u00e7in yazmaya nereden ba\u015flamal\u0131? Tudem\u2019in yay\u0131nc\u0131l\u0131kta 40 y\u0131l\u0131 a\u015fan birikiminin \u0131\u015f\u0131\u011f\u0131yla 18 yazar, ressam ve edit\u00f6r\u00fcn yol g\u00f6stericili\u011finde \u015fekillenen \u00c7ocuk Kitab\u0131 Yazar\u0131n\u0131n Yolculu\u011fu, ki\u015fisel deneyimle teoriyi birle\u015ftiren zamans\u0131z bir eser. \u00c7ocuklar i\u00e7in kalem oynatan her ya\u015ftan yazar ve yazar aday\u0131na ilham vermesi i\u00e7in haz\u0131rlanan bu kapsaml\u0131 k\u0131lavuz; t\u00fcr se\u00e7iminden \u00fcsluba, olay \u00f6rg\u00fcs\u00fcnden hayal g\u00fcc\u00fcn\u00fcn s\u0131n\u0131rlar\u0131n\u0131 zorlamaya, \u00e7ocuklarla kurulan ba\u011fdan ressam ve edit\u00f6rle ileti\u015fime kadar pek \u00e7ok k\u00f6\u015fe ta\u015f\u0131 ba\u015fl\u0131\u011f\u0131 mercek alt\u0131na al\u0131yor. \u00c7ocuk edebiyat\u0131m\u0131za yo\u011fun emek ve g\u00f6n\u00fcl veren isimlerin \u201ctecr\u00fcbeyle sabit\u201d g\u00f6r\u00fc\u015fleri e\u015fli\u011finde yeni ufuklar sunan kitap, i\u015fledi\u011fi konularla Michel Tournier\u2019nin \u201c\u00c7ocuklar i\u00e7in yazmak \u00e7ocuk oyunca\u011f\u0131 de\u011fildir,\u201d s\u00f6z\u00fcn\u00fc destekliyor. Feyza Hep\u00e7ilingirler, Miyase Sertbarut, Sedat Sever, Mavisel Yener, Koray Avc\u0131 \u00c7akman, Ferda \u0130zbudak Ak\u0131nc\u0131 ba\u015fta olmak \u00fczere nice usta isim; \u201c\u00c7ocuk edebiyat\u0131n\u0131n yeti\u015fkin edebiyat\u0131ndan fark\u0131 nedir?\u201d, \u201cBir \u00e7ocu\u011fun ilk tan\u0131\u015ft\u0131\u011f\u0131 resimli kitaplar\u201d, \u201cYazmadan \u00f6nce dil, yazarken dil, yazd\u0131ktan sonra dil\u201d, \u201c\u00c7ocuk edebiyat\u0131 \u2018basit\u2019 midir? Yazma cesaretimiz nereden geliyor?\u201d, \u201cToplumsal cinsiyet e\u015fitsizli\u011fini g\u00f6zeterek yazmak\u201d, \u201cSans\u00fcr, otosans\u00fcr ve aileler\u201d, \u201c\u00c7ocuk edebiyat\u0131nda didaktiklik tuza\u011f\u0131: Anlatmadan anlatma sanat\u0131\u201d gibi kilit ba\u015fl\u0131klara de\u011finirken \u00e7ocuk edebiyat\u0131n\u0131 alt\u0131 ana b\u00f6l\u00fcmde enikonu irdeliyor. \u00c7ocuklara yazmak ate\u015fini kalbinde ta\u015f\u0131yanlara \u00e7al\u0131\u015fmalar\u0131nda rehberlik etmeyi ama\u00e7layan \u00c7ocuk Kitab\u0131 Yazar\u0131n\u0131n Yolculu\u011fu, yaratma s\u00fcreci sanc\u0131lar\u0131na esin verecek olmazsa olmaz bir ba\u015f ucu rehberi. <\/p>\n","protected":false},"excerpt":{"rendered":"<p>\u00c7ocuklar i\u00e7in yazmaya nereden ba\u015flamal\u0131? Tudem\u2019in yay\u0131nc\u0131l\u0131kta 40 y\u0131l\u0131 a\u015fan birikiminin \u0131\u015f\u0131\u011f\u0131yla 18 yazar, ressam ve edit\u00f6r\u00fcn yol g\u00f6stericili\u011finde \u015fekillenen \u00c7ocuk Kitab\u0131 Yazar\u0131n\u0131n Yolculu\u011fu, ki\u015fisel deneyimle<span class=\"excerpt-hellip\"> [\u2026]<\/span><\/p>\n","protected":false},"featured_media":0,"template":"","meta":{"_monsterinsights_skip_tracking":false,"_monsterinsights_sitenote_active":false,"_monsterinsights_sitenote_note":"","_monsterinsights_sitenote_category":0},"product_brand":[],"product_cat":[12291],"product_tag":[],"class_list":{"0":"post-779655","1":"product","2":"type-product","3":"status-publish","5":"product_cat-edebiyat","6":"pa_cilt-ciltsiz","7":"pa_tur-kitap","8":"pa_yayinevi-tudem-yayinlari","9":"pa_yazar-baris-ince","11":"first","12":"instock","13":"sale","14":"shipping-taxable","15":"purchasable","16":"product-type-simple"},"_links":{"self":[{"href":"https:\/\/roveyayinevi.com.tr\/index.php\/wp-json\/wp\/v2\/product\/779655","targetHints":{"allow":["GET"]}}],"collection":[{"href":"https:\/\/roveyayinevi.com.tr\/index.php\/wp-json\/wp\/v2\/product"}],"about":[{"href":"https:\/\/roveyayinevi.com.tr\/index.php\/wp-json\/wp\/v2\/types\/product"}],"wp:attachment":[{"href":"https:\/\/roveyayinevi.com.tr\/index.php\/wp-json\/wp\/v2\/media?parent=779655"}],"wp:term":[{"taxonomy":"product_brand","embeddable":true,"href":"https:\/\/roveyayinevi.com.tr\/index.php\/wp-json\/wp\/v2\/product_brand?post=779655"},{"taxonomy":"product_cat","embeddable":true,"href":"https:\/\/roveyayinevi.com.tr\/index.php\/wp-json\/wp\/v2\/product_cat?post=779655"},{"taxonomy":"product_tag","embeddable":true,"href":"https:\/\/roveyayinevi.com.tr\/index.php\/wp-json\/wp\/v2\/product_tag?post=779655"}],"curies":[{"name":"wp","href":"https:\/\/api.w.org\/{rel}","templated":true}]}}