{"id":779653,"date":"2025-12-30T12:04:41","date_gmt":"2025-12-30T09:04:41","guid":{"rendered":"https:\/\/roveyayinevi.com.tr\/index.php\/urun\/susmam\/"},"modified":"2026-04-15T03:44:16","modified_gmt":"2026-04-15T00:44:16","slug":"susmam","status":"publish","type":"product","link":"https:\/\/roveyayinevi.com.tr\/index.php\/urun\/susmam\/","title":{"rendered":"Susmam"},"content":{"rendered":"<p>Zul\u00fcm varsa, \u00f6l\u00fcm varsa Her i\u015fte bir film varsa Benim de bir dilim varsa Konu\u015furum ben arkada\u015f.   Haram, helal kar\u0131\u015fm\u0131\u015fsa Yolsuzluklar yar\u0131\u015fm\u0131\u015fsa, Kul \u015feytanla bar\u0131\u015fm\u0131\u015fsa Konu\u015furum ben arkada\u015f.   Yetimin hakk\u0131 yenirken, Evlere bayku\u015f t\u00fcnerken, Haks\u0131z, hakl\u0131y\u0131 yenerken Konu\u015furum ben arkada\u015f.   R\u00fc\u015fvet, \u201cH\u0130MMET\u201d kol gezerken, H\u0131rs\u0131z, ars\u0131z yol keserken, Millet devlete k\u00fcserken Konu\u015furum ben arkada\u015f.   Halk, a\u00e7 biila\u00e7, \u00e7\u0131plakken, Kimi, t\u0131ka basa tokken, Fukaran\u0131n donu yokken Konu\u015furum ben arkada\u015f. <\/p>\n","protected":false},"excerpt":{"rendered":"<p>Zul\u00fcm varsa, \u00f6l\u00fcm varsa Her i\u015fte bir film varsa Benim de bir dilim varsa Konu\u015furum ben arkada\u015f. Haram, helal kar\u0131\u015fm\u0131\u015fsa Yolsuzluklar yar\u0131\u015fm\u0131\u015fsa, Kul \u015feytanla bar\u0131\u015fm\u0131\u015fsa Konu\u015furum<span class=\"excerpt-hellip\"> [\u2026]<\/span><\/p>\n","protected":false},"featured_media":0,"template":"","meta":{"_monsterinsights_skip_tracking":false,"_monsterinsights_sitenote_active":false,"_monsterinsights_sitenote_note":"","_monsterinsights_sitenote_category":0},"product_brand":[],"product_cat":[12291,12509],"product_tag":[],"class_list":{"0":"post-779653","1":"product","2":"type-product","3":"status-publish","5":"product_cat-edebiyat","6":"product_cat-siir","7":"pa_cilt-ciltsiz","8":"pa_tur-kitap","9":"pa_yayinevi-karina-yayinevi","10":"pa_yazar-necat-onder","12":"first","13":"instock","14":"sale","15":"shipping-taxable","16":"purchasable","17":"product-type-simple"},"_links":{"self":[{"href":"https:\/\/roveyayinevi.com.tr\/index.php\/wp-json\/wp\/v2\/product\/779653","targetHints":{"allow":["GET"]}}],"collection":[{"href":"https:\/\/roveyayinevi.com.tr\/index.php\/wp-json\/wp\/v2\/product"}],"about":[{"href":"https:\/\/roveyayinevi.com.tr\/index.php\/wp-json\/wp\/v2\/types\/product"}],"wp:attachment":[{"href":"https:\/\/roveyayinevi.com.tr\/index.php\/wp-json\/wp\/v2\/media?parent=779653"}],"wp:term":[{"taxonomy":"product_brand","embeddable":true,"href":"https:\/\/roveyayinevi.com.tr\/index.php\/wp-json\/wp\/v2\/product_brand?post=779653"},{"taxonomy":"product_cat","embeddable":true,"href":"https:\/\/roveyayinevi.com.tr\/index.php\/wp-json\/wp\/v2\/product_cat?post=779653"},{"taxonomy":"product_tag","embeddable":true,"href":"https:\/\/roveyayinevi.com.tr\/index.php\/wp-json\/wp\/v2\/product_tag?post=779653"}],"curies":[{"name":"wp","href":"https:\/\/api.w.org\/{rel}","templated":true}]}}