{"id":779647,"date":"2025-12-30T12:04:19","date_gmt":"2025-12-30T09:04:19","guid":{"rendered":"https:\/\/roveyayinevi.com.tr\/index.php\/urun\/kendilik-projesi\/"},"modified":"2026-04-11T14:46:38","modified_gmt":"2026-04-11T11:46:38","slug":"kendilik-projesi","status":"publish","type":"product","link":"https:\/\/roveyayinevi.com.tr\/index.php\/urun\/kendilik-projesi\/","title":{"rendered":"Kendilik Projesi"},"content":{"rendered":"<p>HEM B\u0130R BA\u015eYAPIT HEM DE DEVAM EDEN B\u0130R PROJES\u0130N   Hayat\u0131n\u0131 in\u015fa etmeye nereden ba\u015flayaca\u011f\u0131n\u0131 bilemiyor musun? Ya da belki de ba\u015fkalar\u0131n\u0131n beklentileri aras\u0131nda kendi sesini kaybetti\u011fini hissediyorsun&#8230; T\u00fcm bunlar\u0131n \u00f6tesinde, as\u0131l aray\u0131\u015f\u0131n kendi \u00f6z\u00fcne ula\u015fmak olabilir. Kendilik Projesi seni, en \u00f6nemli projeye \u2013kendine\u2013 davet ediyor. Bu kitap; yaln\u0131zca ba\u015far\u0131ya ula\u015fmak i\u00e7in de\u011fil, \u00f6z kimli\u011fini bulmak, onu d\u00f6n\u00fc\u015ft\u00fcrmek ve ya\u015fam\u0131n\u0131 kendi de\u011ferlerine g\u00f6re yeniden \u015fekillendirmek isteyen bir yol arkada\u015f\u0131 olarak seninle. Bu sayfalarda, bir ba\u015fkas\u0131 gibi olmak i\u00e7in de\u011fil, kim oldu\u011funla bar\u0131\u015f\u0131p onu geli\u015ftirerek yol alabilmek i\u00e7in bir rehber bulacaks\u0131n. Bilgelik yolunda ad\u0131m ad\u0131m ilerlerken, kendinle ve hayatla kurdu\u011fun ili\u015fkiyi g\u00fc\u00e7lendirecek bir ke\u015ffe \u00e7\u0131kacaks\u0131n. Hayat\u0131n h\u0131zla akt\u0131\u011f\u0131 modern d\u00fcnyada, kendi sesini bulmak ve onu yitirmemek i\u00e7in ihtiyac\u0131n olan g\u00fc\u00e7 bu sat\u0131rlarda. Her bir b\u00f6l\u00fcm, ya\u015fam\u0131n\u0131 daha derin, daha anlaml\u0131 ve kendi de\u011ferlerine uyumlu hale getirebilmen i\u00e7in yaz\u0131ld\u0131. Bu yolculukta, ba\u015fkalar\u0131n\u0131n g\u00f6zlerinden ba\u011f\u0131ms\u0131z bir benlik in\u015fa etmeyi, kendi kararlar\u0131n\u0131 cesaretle almay\u0131 ve ad\u0131mlar\u0131n\u0131 g\u00fcvenle atmay\u0131 \u00f6\u011freneceksin. Kendini oldu\u011fu gibi kabul ederken, s\u0131n\u0131rlar\u0131n\u0131 nas\u0131l geni\u015fletece\u011fini g\u00f6recek, hayat\u0131n\u0131n mimar\u0131 olmaya do\u011fru yol alacaks\u0131n. \u015eimdi ise kendine yat\u0131r\u0131m yapma zaman\u0131. \u00c7\u00fcnk\u00fc ger\u00e7ekle\u015ftirilmesi gereken en b\u00fcy\u00fck ve en \u00f6nemli proje sensin.  \u015eark\u0131larla Deneyimle: www.kendilikprojesi.com <\/p>\n","protected":false},"excerpt":{"rendered":"<p>HEM B\u0130R BA\u015eYAPIT HEM DE DEVAM EDEN B\u0130R PROJES\u0130N Hayat\u0131n\u0131 in\u015fa etmeye nereden ba\u015flayaca\u011f\u0131n\u0131 bilemiyor musun? Ya da belki de ba\u015fkalar\u0131n\u0131n beklentileri aras\u0131nda kendi sesini kaybetti\u011fini<span class=\"excerpt-hellip\"> [\u2026]<\/span><\/p>\n","protected":false},"featured_media":0,"template":"","meta":{"_monsterinsights_skip_tracking":false,"_monsterinsights_sitenote_active":false,"_monsterinsights_sitenote_note":"","_monsterinsights_sitenote_category":0},"product_brand":[],"product_cat":[12364,12376],"product_tag":[],"class_list":{"0":"post-779647","1":"product","2":"type-product","3":"status-publish","5":"product_cat-genel-konular","6":"product_cat-kisisel-gelisim","7":"pa_cilt-ciltsiz","8":"pa_tur-kitap","9":"pa_yayinevi-destek-yayinlari","10":"pa_yazar-serhat-pelvanlar","12":"first","13":"instock","14":"sale","15":"shipping-taxable","16":"purchasable","17":"product-type-simple"},"_links":{"self":[{"href":"https:\/\/roveyayinevi.com.tr\/index.php\/wp-json\/wp\/v2\/product\/779647","targetHints":{"allow":["GET"]}}],"collection":[{"href":"https:\/\/roveyayinevi.com.tr\/index.php\/wp-json\/wp\/v2\/product"}],"about":[{"href":"https:\/\/roveyayinevi.com.tr\/index.php\/wp-json\/wp\/v2\/types\/product"}],"wp:attachment":[{"href":"https:\/\/roveyayinevi.com.tr\/index.php\/wp-json\/wp\/v2\/media?parent=779647"}],"wp:term":[{"taxonomy":"product_brand","embeddable":true,"href":"https:\/\/roveyayinevi.com.tr\/index.php\/wp-json\/wp\/v2\/product_brand?post=779647"},{"taxonomy":"product_cat","embeddable":true,"href":"https:\/\/roveyayinevi.com.tr\/index.php\/wp-json\/wp\/v2\/product_cat?post=779647"},{"taxonomy":"product_tag","embeddable":true,"href":"https:\/\/roveyayinevi.com.tr\/index.php\/wp-json\/wp\/v2\/product_tag?post=779647"}],"curies":[{"name":"wp","href":"https:\/\/api.w.org\/{rel}","templated":true}]}}