{"id":779644,"date":"2025-12-30T12:04:11","date_gmt":"2025-12-30T09:04:11","guid":{"rendered":"https:\/\/roveyayinevi.com.tr\/index.php\/urun\/emile-durkheim-bir-disiplinin-dogusu\/"},"modified":"2026-04-15T03:44:16","modified_gmt":"2026-04-15T00:44:16","slug":"emile-durkheim-bir-disiplinin-dogusu","status":"publish","type":"product","link":"https:\/\/roveyayinevi.com.tr\/index.php\/urun\/emile-durkheim-bir-disiplinin-dogusu\/","title":{"rendered":"Emile Durkheim : Bir Disiplinin Do\u011fu\u015fu"},"content":{"rendered":"<p>Bug\u00fcn ne Durkheim\u2019in kendisi ne de onun sosyoloji tasar\u0131s\u0131 b\u00fct\u00fcn\u00fcyle ge\u00e7mi\u015fe havale edilebilir. Durkheim\u2019i yaln\u0131zca tarihsel ba\u011flam\u0131nda de\u011fil, sosyolojinin bug\u00fcnk\u00fc teorik \u00e7o\u011fullu\u011fu ve y\u00f6ntemsel \u00e7e\u015fitlili\u011fi i\u00e7inde yeniden d\u00fc\u015f\u00fcnmek gerekir. Bu diyalo\u011fa vesile olmay\u0131 ama\u00e7layan bu derleme, bir disiplinin do\u011fu\u015funa tan\u0131kl\u0131k eden, kimi T\u00fcrk\u00e7ede ilk kez yer alan kurucu metinleri bir araya getirerek, Durkheim\u2019in d\u00fc\u015f\u00fcncesinin teorik ve y\u00f6ntemsel y\u00f6nlerini birlikte sunan bir sentez metin ortaya koymay\u0131 hedeflemektedir. Bu metinler, Durkheim\u2019in kavrad\u0131\u011f\u0131 bi\u00e7imiyle sosyolojinin hem nesnesini hem y\u00f6ntemini a\u00e7\u0131k bi\u00e7imde tan\u0131mlarken, onun Comte\u00e7u pozitivizmden ve \u00e7a\u011fda\u015flar\u0131ndan hangi esaslarda ayr\u0131ld\u0131\u011f\u0131n\u0131 da g\u00f6sterir. Do\u011fan\u0131n birli\u011fi ilkesini kendine \u015fiar edinen Durkheim i\u00e7in sosyoloji, do\u011fa bilimlerinin a\u00e7\u0131klama ve kan\u0131t rejimi i\u00e7inde yerini almak zorundad\u0131r. Derlemedeki metinler, bu zorunlulu\u011fun Durkheim taraf\u0131ndan nas\u0131l gerek\u00e7elendirildi\u011fini g\u00f6sterirken, bireysel ile kolektif temsiller aras\u0131ndaki ayr\u0131m, \u00e7ift tabiatl\u0131 insan fikri \u2014homo duplex\u2014, sui generis bir varl\u0131k olarak toplum, nat\u00fcralizm, sosyolojide deneysel muhakemenin imk\u00e2n\u0131 ve sosyoloji ile psikoloji yahut tarih aras\u0131ndaki ayr\u0131m gibi, bug\u00fcn dahi canl\u0131l\u0131\u011f\u0131n\u0131 koruyan tart\u0131\u015fmalara do\u011frudan temas eder. B\u00f6ylelikle, bu metinlerin a\u00e7\u0131\u011fa \u00e7\u0131kard\u0131\u011f\u0131 \u015fey, Durkheimci bakiyeden ne\u015fet eden bir sosyolojinin, kendisini di\u011fer disiplinlerden ayr\u0131\u015ft\u0131rarak hem \u00f6zg\u00fcl nesnesini ve sorgulama tarz\u0131n\u0131 kurdu\u011fu hem de varl\u0131k sebebini gerek\u00e7elendirdi\u011fi o kurucu and\u0131r. <\/p>\n","protected":false},"excerpt":{"rendered":"<p>Bug\u00fcn ne Durkheim\u2019in kendisi ne de onun sosyoloji tasar\u0131s\u0131 b\u00fct\u00fcn\u00fcyle ge\u00e7mi\u015fe havale edilebilir. Durkheim\u2019i yaln\u0131zca tarihsel ba\u011flam\u0131nda de\u011fil, sosyolojinin bug\u00fcnk\u00fc teorik \u00e7o\u011fullu\u011fu ve y\u00f6ntemsel \u00e7e\u015fitlili\u011fi i\u00e7inde<span class=\"excerpt-hellip\"> [\u2026]<\/span><\/p>\n","protected":false},"featured_media":0,"template":"","meta":{"_monsterinsights_skip_tracking":false,"_monsterinsights_sitenote_active":false,"_monsterinsights_sitenote_note":"","_monsterinsights_sitenote_category":0},"product_brand":[],"product_cat":[12324],"product_tag":[],"class_list":{"0":"post-779644","1":"product","2":"type-product","3":"status-publish","5":"product_cat-sosyoloji","6":"pa_cilt-ciltsiz","7":"pa_tur-kitap","8":"pa_yayinevi-heretik-yayincilik","9":"pa_yazar-emile-durkheim","11":"first","12":"instock","13":"sale","14":"shipping-taxable","15":"purchasable","16":"product-type-simple"},"_links":{"self":[{"href":"https:\/\/roveyayinevi.com.tr\/index.php\/wp-json\/wp\/v2\/product\/779644","targetHints":{"allow":["GET"]}}],"collection":[{"href":"https:\/\/roveyayinevi.com.tr\/index.php\/wp-json\/wp\/v2\/product"}],"about":[{"href":"https:\/\/roveyayinevi.com.tr\/index.php\/wp-json\/wp\/v2\/types\/product"}],"wp:attachment":[{"href":"https:\/\/roveyayinevi.com.tr\/index.php\/wp-json\/wp\/v2\/media?parent=779644"}],"wp:term":[{"taxonomy":"product_brand","embeddable":true,"href":"https:\/\/roveyayinevi.com.tr\/index.php\/wp-json\/wp\/v2\/product_brand?post=779644"},{"taxonomy":"product_cat","embeddable":true,"href":"https:\/\/roveyayinevi.com.tr\/index.php\/wp-json\/wp\/v2\/product_cat?post=779644"},{"taxonomy":"product_tag","embeddable":true,"href":"https:\/\/roveyayinevi.com.tr\/index.php\/wp-json\/wp\/v2\/product_tag?post=779644"}],"curies":[{"name":"wp","href":"https:\/\/api.w.org\/{rel}","templated":true}]}}