{"id":779643,"date":"2025-12-30T12:04:05","date_gmt":"2025-12-30T09:04:05","guid":{"rendered":"https:\/\/roveyayinevi.com.tr\/index.php\/urun\/homerosla-bir-yaz\/"},"modified":"2026-04-15T03:44:16","modified_gmt":"2026-04-15T00:44:16","slug":"homerosla-bir-yaz","status":"publish","type":"product","link":"https:\/\/roveyayinevi.com.tr\/index.php\/urun\/homerosla-bir-yaz\/","title":{"rendered":"Homeros\u2019la Bir Yaz"},"content":{"rendered":"<p>Frans\u0131z yazar ve gezgin Sylvain Tesson, Homeros\u2019un dizelerini Ege\u2019nin \u0131\u015f\u0131\u011f\u0131yla yeniden ayd\u0131nlat\u0131yor. Homeros\u2019la Bir Yaz, \u00e7a\u011flar \u00f6ncesinin destanlar\u0131n\u0131 bug\u00fcn\u00fcn d\u00fcnyas\u0131na ta\u015f\u0131yan \u015fiirsel bir d\u00fc\u015f\u00fcnme yolculu\u011fu: \u0130lyada\u2019n\u0131n \u00f6fkesinden Odysseia\u2019n\u0131n d\u00f6n\u00fc\u015f arzusuna, insan\u0131n kaderle m\u00fccadelesi ve modern d\u00fcnyan\u0131n k\u0131r\u0131lganl\u0131\u011f\u0131 bulu\u015fuyor. Tesson, deniz ve adalar\u0131n aras\u0131nda, Homeros\u2019un dizelerinde h\u00e2l\u00e2 ya\u015fayan \u201cinsan olma\u201d deneyimini ar\u0131yor. Do\u011fa, sava\u015f, tanr\u0131lar ve sessizlik \u00fczerine yazd\u0131klar\u0131nda hem bir \u015fairin duyarl\u0131l\u0131\u011f\u0131 hem de bir gezginin \u00e7\u0131plak bak\u0131\u015f\u0131 var. Bu kitap, Homeros\u2019u ilk kez okuyacaklar i\u00e7in ilham verici bir ke\u015fif; antik Yunan\u2019\u0131n sesini \u00f6zleyenler i\u00e7inse bir hat\u0131rlay\u0131\u015f. \u00c7\u00fcnk\u00fc Tesson\u2019a g\u00f6re, \u201cinsan h\u00e2l\u00e2 Homeros\u2019un s\u00f6yledikleriyle ya\u015far: r\u00fczg\u00e2rla, denizle ve \u00f6fkesiyle.\u201d \u201cTesson\u2019u okumak tanr\u0131lar\u0131n b\u00fcy\u00fcs\u00fcn\u00fc ve \u00e7ocukluk kahramanlar\u0131m\u0131z\u0131n efsanevi maceralar\u0131n\u0131 yeniden ke\u015ffetmektir.\u201d \u2013Culture-Tops<\/p>\n","protected":false},"excerpt":{"rendered":"<p>Frans\u0131z yazar ve gezgin Sylvain Tesson, Homeros\u2019un dizelerini Ege\u2019nin \u0131\u015f\u0131\u011f\u0131yla yeniden ayd\u0131nlat\u0131yor. Homeros\u2019la Bir Yaz, \u00e7a\u011flar \u00f6ncesinin destanlar\u0131n\u0131 bug\u00fcn\u00fcn d\u00fcnyas\u0131na ta\u015f\u0131yan \u015fiirsel bir d\u00fc\u015f\u00fcnme yolculu\u011fu: \u0130lyada\u2019n\u0131n<span class=\"excerpt-hellip\"> [\u2026]<\/span><\/p>\n","protected":false},"featured_media":0,"template":"","meta":{"_monsterinsights_skip_tracking":false,"_monsterinsights_sitenote_active":false,"_monsterinsights_sitenote_note":"","_monsterinsights_sitenote_category":0},"product_brand":[],"product_cat":[13072,12291],"product_tag":[],"class_list":{"0":"post-779643","1":"product","2":"type-product","3":"status-publish","5":"product_cat-arastirma-inceleme-referans","6":"product_cat-edebiyat","7":"pa_cilt-ciltsiz","8":"pa_tur-kitap","9":"pa_yayinevi-alfa-yayinlari","10":"pa_yazar-sylvain-tesson","12":"first","13":"instock","14":"sale","15":"shipping-taxable","16":"purchasable","17":"product-type-simple"},"_links":{"self":[{"href":"https:\/\/roveyayinevi.com.tr\/index.php\/wp-json\/wp\/v2\/product\/779643","targetHints":{"allow":["GET"]}}],"collection":[{"href":"https:\/\/roveyayinevi.com.tr\/index.php\/wp-json\/wp\/v2\/product"}],"about":[{"href":"https:\/\/roveyayinevi.com.tr\/index.php\/wp-json\/wp\/v2\/types\/product"}],"wp:attachment":[{"href":"https:\/\/roveyayinevi.com.tr\/index.php\/wp-json\/wp\/v2\/media?parent=779643"}],"wp:term":[{"taxonomy":"product_brand","embeddable":true,"href":"https:\/\/roveyayinevi.com.tr\/index.php\/wp-json\/wp\/v2\/product_brand?post=779643"},{"taxonomy":"product_cat","embeddable":true,"href":"https:\/\/roveyayinevi.com.tr\/index.php\/wp-json\/wp\/v2\/product_cat?post=779643"},{"taxonomy":"product_tag","embeddable":true,"href":"https:\/\/roveyayinevi.com.tr\/index.php\/wp-json\/wp\/v2\/product_tag?post=779643"}],"curies":[{"name":"wp","href":"https:\/\/api.w.org\/{rel}","templated":true}]}}