{"id":779642,"date":"2025-12-30T12:04:00","date_gmt":"2025-12-30T09:04:00","guid":{"rendered":"https:\/\/roveyayinevi.com.tr\/index.php\/urun\/golgeden-kalan-izler\/"},"modified":"2026-04-15T03:44:16","modified_gmt":"2026-04-15T00:44:16","slug":"golgeden-kalan-izler","status":"publish","type":"product","link":"https:\/\/roveyayinevi.com.tr\/index.php\/urun\/golgeden-kalan-izler\/","title":{"rendered":"G\u00f6lgeden Kalan \u0130zler"},"content":{"rendered":"<p>Her insan, fark\u0131nda olmadan hayat \u00e7emberinin i\u00e7erisinde semazen gibi d\u00f6n\u00fcp durur. Kimileri, seman\u0131n d\u00f6ne d\u00f6ne a\u00e7\u0131lan kap\u0131lar\u0131nda ba\u015flar\u0131n\u0131 al\u00e7akg\u00f6n\u00fcll\u00fcl\u00fckle e\u011fer, ellerini g\u00f6klere do\u011fru a\u00e7ar. Evrenin sonsuzlu\u011funda varl\u0131klar\u0131n \u00f6tesinde, Hakk\u2019\u0131n sesini duymaya ve kalplerine gelen il\u00e2h\u00ee mesaj\u0131 anlamaya \u00e7al\u0131\u015f\u0131r. Kimileri ise bu manev\u00ee yolculu\u011fu ba\u015fka bir \u015fekilde arar. Ne a\u015fk\u0131n ne de \u015farab\u0131n sarho\u015flu\u011fuyla ilgilenirler. Ne hel\u00e2l ile yetinirler, ne de haramda kaybolurlar. Felek onlar\u0131 savurur; ba\u015flar\u0131 ince bir iple ba\u011fl\u0131, ucu bilinmeyene do\u011fru uzanan bir f\u0131r\u0131ldak gibi\u2026 Ger\u00e7ek anlam\u0131 ararken, sadece g\u00f6lgeden kalan izleri takip ederler.  Ge\u00e7mi\u015fte ya\u015fanm\u0131\u015f travmalar\u0131n i\u00e7sel yolculu\u011fu ve karma\u015f\u0131k duygular\u0131n\u0131n ele al\u0131nd\u0131\u011f\u0131 bu kitapta, tarihsel ve g\u00fcn\u00fcm\u00fcz sosyal sorunlar\u0131na at\u0131fta bulunularak bireylerin hem kendileriyle hem de ba\u015fkalar\u0131yla kurduklar\u0131 karma\u015f\u0131k ili\u015fkiler, toplumsal d\u00fczen \u00e7er\u00e7evesinde ele al\u0131nmaktad\u0131r. <\/p>\n","protected":false},"excerpt":{"rendered":"<p>Her insan, fark\u0131nda olmadan hayat \u00e7emberinin i\u00e7erisinde semazen gibi d\u00f6n\u00fcp durur. Kimileri, seman\u0131n d\u00f6ne d\u00f6ne a\u00e7\u0131lan kap\u0131lar\u0131nda ba\u015flar\u0131n\u0131 al\u00e7akg\u00f6n\u00fcll\u00fcl\u00fckle e\u011fer, ellerini g\u00f6klere do\u011fru a\u00e7ar. Evrenin sonsuzlu\u011funda<span class=\"excerpt-hellip\"> [\u2026]<\/span><\/p>\n","protected":false},"featured_media":0,"template":"","meta":{"_monsterinsights_skip_tracking":false,"_monsterinsights_sitenote_active":false,"_monsterinsights_sitenote_note":"","_monsterinsights_sitenote_category":0},"product_brand":[],"product_cat":[12291,12711],"product_tag":[],"class_list":{"0":"post-779642","1":"product","2":"type-product","3":"status-publish","5":"product_cat-edebiyat","6":"product_cat-roman-oyku","7":"pa_cilt-ciltsiz","8":"pa_tur-kitap","9":"pa_yayinevi-theseus-yayinevi","10":"pa_yazar-memet-cerkez","12":"first","13":"instock","14":"sale","15":"shipping-taxable","16":"purchasable","17":"product-type-simple"},"_links":{"self":[{"href":"https:\/\/roveyayinevi.com.tr\/index.php\/wp-json\/wp\/v2\/product\/779642","targetHints":{"allow":["GET"]}}],"collection":[{"href":"https:\/\/roveyayinevi.com.tr\/index.php\/wp-json\/wp\/v2\/product"}],"about":[{"href":"https:\/\/roveyayinevi.com.tr\/index.php\/wp-json\/wp\/v2\/types\/product"}],"wp:attachment":[{"href":"https:\/\/roveyayinevi.com.tr\/index.php\/wp-json\/wp\/v2\/media?parent=779642"}],"wp:term":[{"taxonomy":"product_brand","embeddable":true,"href":"https:\/\/roveyayinevi.com.tr\/index.php\/wp-json\/wp\/v2\/product_brand?post=779642"},{"taxonomy":"product_cat","embeddable":true,"href":"https:\/\/roveyayinevi.com.tr\/index.php\/wp-json\/wp\/v2\/product_cat?post=779642"},{"taxonomy":"product_tag","embeddable":true,"href":"https:\/\/roveyayinevi.com.tr\/index.php\/wp-json\/wp\/v2\/product_tag?post=779642"}],"curies":[{"name":"wp","href":"https:\/\/api.w.org\/{rel}","templated":true}]}}