{"id":779641,"date":"2025-12-30T12:03:55","date_gmt":"2025-12-30T09:03:55","guid":{"rendered":"https:\/\/roveyayinevi.com.tr\/index.php\/urun\/didim-kehaneti\/"},"modified":"2026-04-08T03:41:06","modified_gmt":"2026-04-08T00:41:06","slug":"didim-kehaneti","status":"publish","type":"product","link":"https:\/\/roveyayinevi.com.tr\/index.php\/urun\/didim-kehaneti\/","title":{"rendered":"Didim Kehaneti"},"content":{"rendered":"<p>Mistik bir sahil kasabas\u0131nda ba\u015flayan s\u0131radan bir yaz, k\u00f6k h\u00fccre  ara\u015ft\u0131rmalar\u0131, zamanla yar\u0131\u015fan bir tedavi ve ku\u015faklar aras\u0131 gizemli bir  s\u0131r e\u015fli\u011finde unutulmaz bir ser\u00fcvene d\u00f6n\u00fc\u015f\u00fcyor. Kayra Yedikale, Didim\u2019de kurmaya \u00e7al\u0131\u015ft\u0131\u011f\u0131 yeni hayat\u0131nda  arkada\u015fl\u0131k, a\u015fk ve aileye dair sorularla bo\u011fu\u015furken, ge\u00e7mi\u015fi sessizlikle  \u00f6rt\u00fclm\u00fc\u015f eski bir n\u00f6robilim profes\u00f6r\u00fcn\u00fcn hayat\u0131na, Glaukos\u2019un  r\u00fcyalar\u0131yla \u015fekillenen bilimsel kehanetlere ve katman katman a\u00e7\u0131lan  bir y\u00fczle\u015fmeye s\u00fcr\u00fcklenir. Kimi zaman antik bir sezgi, kimi zaman etik bir \u00e7\u0131kmaz gibi  beliren bu yolculukta, hem bilimin olanaklar\u0131 hem de insan kalbinin  s\u0131n\u0131rlar\u0131 sorgulan\u0131r. Demans tedavisinde devrim niteli\u011findeki ila\u00e7lar,  biyolojik zaman\u0131n \u00f6tesine uzanan deneyler ve g\u00f6lgeli ge\u00e7mi\u015flerle  \u00f6r\u00fcl\u00fc ili\u015fkiler; gen\u00e7 karakterlerin i\u00e7sel d\u00f6n\u00fc\u015f\u00fcm\u00fcn\u00fc de ka\u00e7\u0131n\u0131lmaz  k\u0131lar. Didim Kehaneti yaln\u0131zca bir ke\u015ffin hik\u00e2yesi de\u011fil; affetmenin,  hat\u0131rlaman\u0131n ve d\u00f6n\u00fc\u015fmenin ne anlama geldi\u011fini irdeleyen, duygusal  derinli\u011fi y\u00fcksek bir anlat\u0131d\u0131r.<\/p>\n","protected":false},"excerpt":{"rendered":"<p>Mistik bir sahil kasabas\u0131nda ba\u015flayan s\u0131radan bir yaz, k\u00f6k h\u00fccre ara\u015ft\u0131rmalar\u0131, zamanla yar\u0131\u015fan bir tedavi ve ku\u015faklar aras\u0131 gizemli bir s\u0131r e\u015fli\u011finde unutulmaz bir ser\u00fcvene d\u00f6n\u00fc\u015f\u00fcyor.<span class=\"excerpt-hellip\"> [\u2026]<\/span><\/p>\n","protected":false},"featured_media":0,"template":"","meta":{"_monsterinsights_skip_tracking":false,"_monsterinsights_sitenote_active":false,"_monsterinsights_sitenote_note":"","_monsterinsights_sitenote_category":0},"product_brand":[],"product_cat":[12291,12711],"product_tag":[],"class_list":{"0":"post-779641","1":"product","2":"type-product","3":"status-publish","5":"product_cat-edebiyat","6":"product_cat-roman-oyku","7":"pa_cilt-ciltsiz","8":"pa_tur-kitap","9":"pa_yayinevi-elpis-yayinlari","10":"pa_yazar-sefik-mermer","12":"first","13":"instock","14":"sale","15":"shipping-taxable","16":"purchasable","17":"product-type-simple"},"_links":{"self":[{"href":"https:\/\/roveyayinevi.com.tr\/index.php\/wp-json\/wp\/v2\/product\/779641","targetHints":{"allow":["GET"]}}],"collection":[{"href":"https:\/\/roveyayinevi.com.tr\/index.php\/wp-json\/wp\/v2\/product"}],"about":[{"href":"https:\/\/roveyayinevi.com.tr\/index.php\/wp-json\/wp\/v2\/types\/product"}],"wp:attachment":[{"href":"https:\/\/roveyayinevi.com.tr\/index.php\/wp-json\/wp\/v2\/media?parent=779641"}],"wp:term":[{"taxonomy":"product_brand","embeddable":true,"href":"https:\/\/roveyayinevi.com.tr\/index.php\/wp-json\/wp\/v2\/product_brand?post=779641"},{"taxonomy":"product_cat","embeddable":true,"href":"https:\/\/roveyayinevi.com.tr\/index.php\/wp-json\/wp\/v2\/product_cat?post=779641"},{"taxonomy":"product_tag","embeddable":true,"href":"https:\/\/roveyayinevi.com.tr\/index.php\/wp-json\/wp\/v2\/product_tag?post=779641"}],"curies":[{"name":"wp","href":"https:\/\/api.w.org\/{rel}","templated":true}]}}