{"id":779639,"date":"2025-12-30T12:03:44","date_gmt":"2025-12-30T09:03:44","guid":{"rendered":"https:\/\/roveyayinevi.com.tr\/index.php\/urun\/bir-gencligin-musveddesi\/"},"modified":"2026-04-15T03:44:16","modified_gmt":"2026-04-15T00:44:16","slug":"bir-gencligin-musveddesi","status":"publish","type":"product","link":"https:\/\/roveyayinevi.com.tr\/index.php\/urun\/bir-gencligin-musveddesi\/","title":{"rendered":"Bir Gen\u00e7li\u011fin M\u00fcsveddesi"},"content":{"rendered":"<p>Bu kitapta g\u00fcn\u00fcm\u00fcz\u00fcn yozla\u015fm\u0131\u015f duygular\u0131n\u0131n g\u00f6lgesinde ya\u015fanm\u0131\u015f hislerin tasvirleri yer al\u0131yor.   Her bir \u015fiir, kelimelerin s\u0131n\u0131rlar\u0131n\u0131 zorlayan, bozulup yeniden in\u015fa edilen bir anlat\u0131m\u0131n izlerini ta\u015f\u0131yor.   D\u00fc\u015f\u00fcncenin ufkunda geni\u015fleyen bu metinler, yazar\u0131n kendi mizac\u0131ndan s\u00fcz\u00fclerek hayata kar\u0131\u015f\u0131yor. Bazen \u201cKendini Bilmi\u015f Sorular\u201dda varolu\u015fun sanc\u0131s\u0131yla y\u00fczle\u015fiyor, bazen de \u201cAyna\u201dda kendi benli\u011fine bakan g\u00f6zlerle hesapla\u015f\u0131yor, bitmeyen bir aray\u0131\u015f\u0131n, t\u00fckenmeyen bir umutsuzlu\u011fun izleri s\u00fcr\u00fcl\u00fcyor.   Bu dizelerde yaln\u0131zl\u0131k, karanl\u0131k ve isyan kadar, hayat\u0131 anlamland\u0131rma \u00e7abas\u0131 da var.   Okur, kendi ya\u015fanm\u0131\u015fl\u0131klar\u0131n\u0131n yank\u0131s\u0131n\u0131 kimi zaman bir bo\u015flukta, kimi zaman bir \u00e7\u0131\u011fl\u0131kta bulacak. \u00c7\u00fcnk\u00fc her \u015fiir, yazar\u0131n kendi hayat\u0131ndan dam\u0131t\u0131lm\u0131\u015f olsa da asl\u0131nda hepimizin i\u00e7inde bir yerde ta\u015f\u0131d\u0131\u011f\u0131 sorulara dokunuyor.   Bir Gen\u00e7li\u011fin M\u00fcsveddesi, insan\u0131n kendine tuttu\u011fu aynan\u0131n \u015fiirleriyle \u00f6r\u00fclm\u00fc\u015f; okuyan herkesin kendi an\u0131lar\u0131ndan, kendi ac\u0131lar\u0131ndan ve kendi yaln\u0131zl\u0131\u011f\u0131ndan bir k\u0131r\u0131nt\u0131 bulabilece\u011fi bir yolculuk\u2026<\/p>\n","protected":false},"excerpt":{"rendered":"<p>Bu kitapta g\u00fcn\u00fcm\u00fcz\u00fcn yozla\u015fm\u0131\u015f duygular\u0131n\u0131n g\u00f6lgesinde ya\u015fanm\u0131\u015f hislerin tasvirleri yer al\u0131yor. Her bir \u015fiir, kelimelerin s\u0131n\u0131rlar\u0131n\u0131 zorlayan, bozulup yeniden in\u015fa edilen bir anlat\u0131m\u0131n izlerini ta\u015f\u0131yor. D\u00fc\u015f\u00fcncenin<span class=\"excerpt-hellip\"> [\u2026]<\/span><\/p>\n","protected":false},"featured_media":0,"template":"","meta":{"_monsterinsights_skip_tracking":false,"_monsterinsights_sitenote_active":false,"_monsterinsights_sitenote_note":"","_monsterinsights_sitenote_category":0},"product_brand":[],"product_cat":[12291,12509],"product_tag":[],"class_list":{"0":"post-779639","1":"product","2":"type-product","3":"status-publish","5":"product_cat-edebiyat","6":"product_cat-siir","7":"pa_cilt-ciltsiz","8":"pa_tur-kitap","9":"pa_yayinevi-elpis-yayinlari","10":"pa_yazar-omer-talha-kartal","12":"first","13":"instock","14":"sale","15":"shipping-taxable","16":"purchasable","17":"product-type-simple"},"_links":{"self":[{"href":"https:\/\/roveyayinevi.com.tr\/index.php\/wp-json\/wp\/v2\/product\/779639","targetHints":{"allow":["GET"]}}],"collection":[{"href":"https:\/\/roveyayinevi.com.tr\/index.php\/wp-json\/wp\/v2\/product"}],"about":[{"href":"https:\/\/roveyayinevi.com.tr\/index.php\/wp-json\/wp\/v2\/types\/product"}],"wp:attachment":[{"href":"https:\/\/roveyayinevi.com.tr\/index.php\/wp-json\/wp\/v2\/media?parent=779639"}],"wp:term":[{"taxonomy":"product_brand","embeddable":true,"href":"https:\/\/roveyayinevi.com.tr\/index.php\/wp-json\/wp\/v2\/product_brand?post=779639"},{"taxonomy":"product_cat","embeddable":true,"href":"https:\/\/roveyayinevi.com.tr\/index.php\/wp-json\/wp\/v2\/product_cat?post=779639"},{"taxonomy":"product_tag","embeddable":true,"href":"https:\/\/roveyayinevi.com.tr\/index.php\/wp-json\/wp\/v2\/product_tag?post=779639"}],"curies":[{"name":"wp","href":"https:\/\/api.w.org\/{rel}","templated":true}]}}