{"id":779636,"date":"2025-12-30T12:03:29","date_gmt":"2025-12-30T09:03:29","guid":{"rendered":"https:\/\/roveyayinevi.com.tr\/index.php\/urun\/shakespeare-plajda\/"},"modified":"2026-04-15T03:44:16","modified_gmt":"2026-04-15T00:44:16","slug":"shakespeare-plajda","status":"publish","type":"product","link":"https:\/\/roveyayinevi.com.tr\/index.php\/urun\/shakespeare-plajda\/","title":{"rendered":"Shakespeare Plajda"},"content":{"rendered":"<p>Frans\u0131z yazar ve e\u011fitmen Eddy Chevalier; \u00e7o\u011fu okur i\u00e7in neye i\u015faret etti\u011fi anla\u015f\u0131lmaz, a\u011f\u0131r ve s\u00fcsl\u00fc Shakespeare alg\u0131s\u0131n\u0131 tersine \u00e7eviriyor. Sahnelerin b\u00fcy\u00fcs\u00fcn\u00fc; a\u015fk, ihtiras, ihanet ve trajedinin evrensel hik\u00e2yelerini, anla\u015f\u0131l\u0131r ve e\u011flenceli bir \u00fcslupla yeniden yorumluyor. Hamlet\u2019ten Macbeth\u2019e, Romeo ve Juliet\u2019ten F\u0131rt\u0131na\u2019ya uzanan bir se\u00e7kiyle Shakespeare\u2019in evrenini hem edebiyat tutkunlar\u0131na hem de Shakespear\u2019le ilk kez bulu\u015facaklara a\u00e7\u0131yor. Chevalier, Shakespeare\u2019i yaln\u0131zca \u201cokunacak\u201d de\u011fil, ayn\u0131 zamanda \u201cya\u015fanacak\u201d bir deneyim olarak sunuyor. Bu kitap, klasik tiyatronun \u015fa\u015faal\u0131 d\u00fcnyas\u0131n\u0131 \u015fezlongda bile elinizden d\u00fc\u015f\u00fcrmek istemeyece\u011finiz kadar keyifli hale getiriyor. \u201cShakespeare ve d\u00f6neminin di\u011fer b\u00fcy\u00fck isimlerinin hayat\u0131 ve \u00f6zellikle eserleri hakk\u0131nda her \u015feyi \u00f6\u011freneceksiniz.\u201d \u2013Le Parisien <\/p>\n","protected":false},"excerpt":{"rendered":"<p>Frans\u0131z yazar ve e\u011fitmen Eddy Chevalier; \u00e7o\u011fu okur i\u00e7in neye i\u015faret etti\u011fi anla\u015f\u0131lmaz, a\u011f\u0131r ve s\u00fcsl\u00fc Shakespeare alg\u0131s\u0131n\u0131 tersine \u00e7eviriyor. Sahnelerin b\u00fcy\u00fcs\u00fcn\u00fc; a\u015fk, ihtiras, ihanet ve<span class=\"excerpt-hellip\"> [\u2026]<\/span><\/p>\n","protected":false},"featured_media":0,"template":"","meta":{"_monsterinsights_skip_tracking":false,"_monsterinsights_sitenote_active":false,"_monsterinsights_sitenote_note":"","_monsterinsights_sitenote_category":0},"product_brand":[],"product_cat":[13072,12291],"product_tag":[],"class_list":{"0":"post-779636","1":"product","2":"type-product","3":"status-publish","5":"product_cat-arastirma-inceleme-referans","6":"product_cat-edebiyat","7":"pa_cilt-ciltsiz","8":"pa_tur-kitap","9":"pa_yayinevi-alfa-yayinlari","10":"pa_yazar-eddy-chevalier","12":"first","13":"instock","14":"sale","15":"shipping-taxable","16":"purchasable","17":"product-type-simple"},"_links":{"self":[{"href":"https:\/\/roveyayinevi.com.tr\/index.php\/wp-json\/wp\/v2\/product\/779636","targetHints":{"allow":["GET"]}}],"collection":[{"href":"https:\/\/roveyayinevi.com.tr\/index.php\/wp-json\/wp\/v2\/product"}],"about":[{"href":"https:\/\/roveyayinevi.com.tr\/index.php\/wp-json\/wp\/v2\/types\/product"}],"wp:attachment":[{"href":"https:\/\/roveyayinevi.com.tr\/index.php\/wp-json\/wp\/v2\/media?parent=779636"}],"wp:term":[{"taxonomy":"product_brand","embeddable":true,"href":"https:\/\/roveyayinevi.com.tr\/index.php\/wp-json\/wp\/v2\/product_brand?post=779636"},{"taxonomy":"product_cat","embeddable":true,"href":"https:\/\/roveyayinevi.com.tr\/index.php\/wp-json\/wp\/v2\/product_cat?post=779636"},{"taxonomy":"product_tag","embeddable":true,"href":"https:\/\/roveyayinevi.com.tr\/index.php\/wp-json\/wp\/v2\/product_tag?post=779636"}],"curies":[{"name":"wp","href":"https:\/\/api.w.org\/{rel}","templated":true}]}}