{"id":779635,"date":"2025-12-30T12:03:26","date_gmt":"2025-12-30T09:03:26","guid":{"rendered":"https:\/\/roveyayinevi.com.tr\/index.php\/urun\/rontgen\/"},"modified":"2026-04-15T03:44:16","modified_gmt":"2026-04-15T00:44:16","slug":"rontgen","status":"publish","type":"product","link":"https:\/\/roveyayinevi.com.tr\/index.php\/urun\/rontgen\/","title":{"rendered":"R\u00f6ntgen"},"content":{"rendered":"<p>Kimi zaman bir bak\u0131\u015f, sayfalar dolusu s\u00f6zc\u00fckten daha \u00e7ok \u015fey s\u00f6yler. Bir elin titremesi, ses tonundaki k\u0131sac\u0131k bir dalgalanma, g\u00fcl\u00fcmsemenin ard\u0131na gizlenen ger\u00e7ek duygu\u2026 \u0130nsan, yaln\u0131zca s\u00f6ylediklerinden ibaret de\u011fildir; as\u0131l hik\u00e2ye alt yaz\u0131larda gizlidir. R\u00f6ntgen: Alt Yaz\u0131lar\u0131yla Beden Dilini Okumak, s\u00f6zc\u00fcklerin \u00f6tesine ge\u00e7erek bedenin, y\u00fcz\u00fcn, rengin ve sesin anlatt\u0131klar\u0131n\u0131 \u00e7\u00f6z\u00fcyor. Mikro ifadeler, y\u00fcz tipolojileri, renk ve k\u0131yafet tercihleri, ses tonu, y\u00fcr\u00fcy\u00fc\u015f tarz\u0131 gibi onlarca farkl\u0131 g\u00f6stergenin ard\u0131ndaki bilimsel ve psikolojik kodlar\u0131 inceliyor. N\u00f6robilimden davran\u0131\u015f psikolojisine, \u00c7in y\u00fcz okuma sanat\u0131ndan modern fizyonomiye uzanan geni\u015f bir perspektifle, insan davran\u0131\u015flar\u0131n\u0131n g\u00f6r\u00fcnmeyen katmanlar\u0131n\u0131 ortaya \u00e7\u0131kar\u0131yor. Dr. Murat Kaplan\u2019\u0131n akademik birikimi, saha deneyimi ve e\u011fitmenlik tecr\u00fcbesiyle haz\u0131rlanan bu eser, okuyucuya hem kuramsal derinlik hem de pratik g\u00f6zlem becerileri kazand\u0131r\u0131yor. Yaln\u0131zca uzmanlara de\u011fil; y\u00f6neticilerden \u00f6\u011fretmenlere, avukatlardan sa\u011fl\u0131k \u00e7al\u0131\u015fanlar\u0131na, ebeveynlerden \u00f6\u011frencilere kadar insanla ileti\u015fim kuran herkese hitap eden kapsaml\u0131 bir rehber niteli\u011fi ta\u015f\u0131yor. \u00c7\u00fcnk\u00fc insanlar\u0131 anlamak, yaln\u0131zca s\u00f6zlerini duymak de\u011fil; onlar\u0131n alt yaz\u0131lar\u0131n\u0131 okuyabilmektir.<\/p>\n","protected":false},"excerpt":{"rendered":"<p>Kimi zaman bir bak\u0131\u015f, sayfalar dolusu s\u00f6zc\u00fckten daha \u00e7ok \u015fey s\u00f6yler. Bir elin titremesi, ses tonundaki k\u0131sac\u0131k bir dalgalanma, g\u00fcl\u00fcmsemenin ard\u0131na gizlenen ger\u00e7ek duygu\u2026 \u0130nsan, yaln\u0131zca<span class=\"excerpt-hellip\"> [\u2026]<\/span><\/p>\n","protected":false},"featured_media":0,"template":"","meta":{"_monsterinsights_skip_tracking":false,"_monsterinsights_sitenote_active":false,"_monsterinsights_sitenote_note":"","_monsterinsights_sitenote_category":0},"product_brand":[],"product_cat":[12364,12376],"product_tag":[],"class_list":{"0":"post-779635","1":"product","2":"type-product","3":"status-publish","5":"product_cat-genel-konular","6":"product_cat-kisisel-gelisim","7":"pa_cilt-ciltsiz","8":"pa_tur-kitap","9":"pa_yayinevi-mona-kitap","10":"pa_yazar-murat-kaplan","12":"first","13":"instock","14":"sale","15":"shipping-taxable","16":"purchasable","17":"product-type-simple"},"_links":{"self":[{"href":"https:\/\/roveyayinevi.com.tr\/index.php\/wp-json\/wp\/v2\/product\/779635","targetHints":{"allow":["GET"]}}],"collection":[{"href":"https:\/\/roveyayinevi.com.tr\/index.php\/wp-json\/wp\/v2\/product"}],"about":[{"href":"https:\/\/roveyayinevi.com.tr\/index.php\/wp-json\/wp\/v2\/types\/product"}],"wp:attachment":[{"href":"https:\/\/roveyayinevi.com.tr\/index.php\/wp-json\/wp\/v2\/media?parent=779635"}],"wp:term":[{"taxonomy":"product_brand","embeddable":true,"href":"https:\/\/roveyayinevi.com.tr\/index.php\/wp-json\/wp\/v2\/product_brand?post=779635"},{"taxonomy":"product_cat","embeddable":true,"href":"https:\/\/roveyayinevi.com.tr\/index.php\/wp-json\/wp\/v2\/product_cat?post=779635"},{"taxonomy":"product_tag","embeddable":true,"href":"https:\/\/roveyayinevi.com.tr\/index.php\/wp-json\/wp\/v2\/product_tag?post=779635"}],"curies":[{"name":"wp","href":"https:\/\/api.w.org\/{rel}","templated":true}]}}