{"id":779632,"date":"2025-12-30T12:03:18","date_gmt":"2025-12-30T09:03:18","guid":{"rendered":"https:\/\/roveyayinevi.com.tr\/index.php\/urun\/merhaba-ben-merhaba-evladim\/"},"modified":"2026-04-15T03:44:16","modified_gmt":"2026-04-15T00:44:16","slug":"merhaba-ben-merhaba-evladim","status":"publish","type":"product","link":"https:\/\/roveyayinevi.com.tr\/index.php\/urun\/merhaba-ben-merhaba-evladim\/","title":{"rendered":"Merhaba Ben Merhaba Evlad\u0131m"},"content":{"rendered":"<p>eveyn olmak; gurur veren, keyifli bir deneyim ve do\u011fru ad\u0131mlar\u0131 att\u0131\u011f\u0131n\u0131zda anlat\u0131ld\u0131\u011f\u0131ndan \u00e7ok daha kolay bir s\u00fcre\u00e7. Can\u0131n\u0131zdan do\u011fan bir canla kar\u015f\u0131la\u015f\u0131yorsunuz ama o sizin bir uzant\u0131n\u0131z de\u011fil, kendi mizac\u0131,  huyu suyu olan yepyeni bir filiz.   Merhaba Ben Merhaba Evlad\u0131m; kadim \u00f6\u011fretilerin \u201cKendini Bil!\u201d \u00e7a\u011fr\u0131s\u0131ndan ilham al\u0131yor ve bu s\u00fcrecin sa\u011fl\u0131kl\u0131 ilerleyebilmesi i\u00e7in \u00f6nce kendinizle (evet, \u00f6nce kendinizle) ard\u0131ndan evlad\u0131n\u0131zla derinlemesine tan\u0131\u015fman\u0131za rehberlik edecek bir yol haritas\u0131 sunuyor.   \u201cMiza\u00e7, insan\u0131n ayak bast\u0131\u011f\u0131 temel zemin gibidir; \u00fczerine koyduklar\u0131n\u0131z ise \u015fekildir. Zemin olmadan \u015fekil olmaz. Kendi zemininizin niteliklerini bilir, mizac\u0131n\u0131z\u0131 iyi tan\u0131rsan\u0131z, \u00fczerine koyacaklar\u0131n\u0131z\u0131 da ayn\u0131 derecede sa\u011flam \u015fekillendirir, neredeyse hayat\u0131n\u0131z\u0131n haritas\u0131n\u0131 \u00e7\u0131kar\u0131rs\u0131n\u0131z. Hem de kaybolmadan! Sonu\u00e7? Mizac\u0131 anlamak, \u2018Ben kimim, ne yap\u0131yorum?\u2019 sorusuna en sa\u011flam cevab\u0131 verir. \u00dcstelik bu ke\u015fif, keyifli bir kendini tan\u0131ma yolculu\u011funa d\u00f6n\u00fc\u015f\u00fcr.\u201d <\/p>\n","protected":false},"excerpt":{"rendered":"<p>eveyn olmak; gurur veren, keyifli bir deneyim ve do\u011fru ad\u0131mlar\u0131 att\u0131\u011f\u0131n\u0131zda anlat\u0131ld\u0131\u011f\u0131ndan \u00e7ok daha kolay bir s\u00fcre\u00e7. Can\u0131n\u0131zdan do\u011fan bir canla kar\u015f\u0131la\u015f\u0131yorsunuz ama o sizin bir<span class=\"excerpt-hellip\"> [\u2026]<\/span><\/p>\n","protected":false},"featured_media":0,"template":"","meta":{"_monsterinsights_skip_tracking":false,"_monsterinsights_sitenote_active":false,"_monsterinsights_sitenote_note":"","_monsterinsights_sitenote_category":0},"product_brand":[],"product_cat":[12831,12324],"product_tag":[],"class_list":{"0":"post-779632","1":"product","2":"type-product","3":"status-publish","5":"product_cat-aile-ve-cocuk","6":"product_cat-sosyoloji","7":"pa_cilt-ciltsiz","8":"pa_tur-kitap","9":"pa_yayinevi-epsilon-yayinlari","10":"pa_yazar-ziya-selcuk","12":"first","13":"instock","14":"sale","15":"shipping-taxable","16":"purchasable","17":"product-type-simple"},"_links":{"self":[{"href":"https:\/\/roveyayinevi.com.tr\/index.php\/wp-json\/wp\/v2\/product\/779632","targetHints":{"allow":["GET"]}}],"collection":[{"href":"https:\/\/roveyayinevi.com.tr\/index.php\/wp-json\/wp\/v2\/product"}],"about":[{"href":"https:\/\/roveyayinevi.com.tr\/index.php\/wp-json\/wp\/v2\/types\/product"}],"wp:attachment":[{"href":"https:\/\/roveyayinevi.com.tr\/index.php\/wp-json\/wp\/v2\/media?parent=779632"}],"wp:term":[{"taxonomy":"product_brand","embeddable":true,"href":"https:\/\/roveyayinevi.com.tr\/index.php\/wp-json\/wp\/v2\/product_brand?post=779632"},{"taxonomy":"product_cat","embeddable":true,"href":"https:\/\/roveyayinevi.com.tr\/index.php\/wp-json\/wp\/v2\/product_cat?post=779632"},{"taxonomy":"product_tag","embeddable":true,"href":"https:\/\/roveyayinevi.com.tr\/index.php\/wp-json\/wp\/v2\/product_tag?post=779632"}],"curies":[{"name":"wp","href":"https:\/\/api.w.org\/{rel}","templated":true}]}}