{"id":779631,"date":"2025-12-30T12:03:14","date_gmt":"2025-12-30T09:03:14","guid":{"rendered":"https:\/\/roveyayinevi.com.tr\/index.php\/urun\/disney-duygu-gunlugum-ters-yuz-sinirlerine-hakim-ol\/"},"modified":"2026-04-15T03:44:16","modified_gmt":"2026-04-15T00:44:16","slug":"disney-duygu-gunlugum-ters-yuz-sinirlerine-hakim-ol","status":"publish","type":"product","link":"https:\/\/roveyayinevi.com.tr\/index.php\/urun\/disney-duygu-gunlugum-ters-yuz-sinirlerine-hakim-ol\/","title":{"rendered":"Disney-Duygu G\u00fcnl\u00fc\u011f\u00fcm Ters Y\u00fcz Sinirlerine Hakim Ol"},"content":{"rendered":"<p>K\u00fc\u00e7\u00fck \u00e7ocuklar bazen duygular\u0131na h\u00e2kim olmakta zorluk \u00e7ekerler. H\u0131zl\u0131 tepki verirler ve k\u0131sa bir s\u00fcre i\u00e7inde g\u00fclmekten a\u011flamaya kadar her t\u00fcr duygu durumunu ya\u015fayabilirler. G\u00fc\u00e7l\u00fc duygular, \u00fcz\u00fcc\u00fc ve ba\u015fa \u00e7\u0131k\u0131lmas\u0131 zor olabilir. Bu duygular\u0131 tan\u0131mlamak, bunlar\u0131 hayat\u0131n normal bir par\u00e7as\u0131 olarak kabul etmek ve bunlarla ba\u015fa \u00e7\u0131kman\u0131n olumlu yollar\u0131n\u0131 ke\u015ffetmek bir \u00e7ocu\u011fun b\u00fcy\u00fcmesinde \u00f6nemli ad\u0131mlard\u0131r. Disney Duygu G\u00fcnl\u00fc\u011f\u00fcm Ters Y\u00fcz Sinirlerine Hakim Ol kitab\u0131nda Riley, ba\u015fa \u00e7\u0131kmakta zorland\u0131\u011f\u0131 duygular y\u00fcz\u00fcnden \u00f6fke n\u00f6betine kap\u0131lan k\u00fc\u00e7\u00fck bir \u00e7ocu\u011fa bak\u0131c\u0131l\u0131k yaparken, kendi ya\u015fad\u0131\u011f\u0131 hayal k\u0131r\u0131kl\u0131\u011f\u0131yla y\u00fczle\u015fiyor. Onlar\u0131n ba\u015f\u0131ndan ge\u00e7enler, kendi aile hayat\u0131n\u0131zda ya\u015fad\u0131klar\u0131n\u0131z hakk\u0131nda size konu\u015fma f\u0131rsat\u0131 sunacak. Kendini \u00fczg\u00fcn hissetmek normal mi? \u00d6fkeyle nas\u0131l ba\u015fa \u00e7\u0131kar\u0131z? Sakinle\u015fmenin baz\u0131 yollar\u0131 neler? Disney E\u011fitsel\u2019in Duygu G\u00fcnl\u00fc\u011f\u00fcm serisi, y\u00fcrek \u0131s\u0131tan hik\u00e2yeleriyle ailelere \u00e7ocuklar\u0131n\u0131n duygusal geli\u015fimini desteklemenin yollar\u0131n\u0131 sunuyor. Yolculu\u011fun tad\u0131n\u0131 \u00e7\u0131kar\u0131n!<\/p>\n","protected":false},"excerpt":{"rendered":"<p>K\u00fc\u00e7\u00fck \u00e7ocuklar bazen duygular\u0131na h\u00e2kim olmakta zorluk \u00e7ekerler. H\u0131zl\u0131 tepki verirler ve k\u0131sa bir s\u00fcre i\u00e7inde g\u00fclmekten a\u011flamaya kadar her t\u00fcr duygu durumunu ya\u015fayabilirler. G\u00fc\u00e7l\u00fc duygular,<span class=\"excerpt-hellip\"> [\u2026]<\/span><\/p>\n","protected":false},"featured_media":0,"template":"","meta":{"_monsterinsights_skip_tracking":false,"_monsterinsights_sitenote_active":false,"_monsterinsights_sitenote_note":"","_monsterinsights_sitenote_category":0},"product_brand":[],"product_cat":[12274,12284],"product_tag":[],"class_list":{"0":"post-779631","1":"product","2":"type-product","3":"status-publish","5":"product_cat-cocuk-ve-genclik-kitaplari","6":"product_cat-hikayeler","7":"pa_cilt-ciltsiz","8":"pa_tur-kitap","9":"pa_yayinevi-beta-kids","10":"pa_yazar-sheila-higginson","12":"first","13":"instock","14":"sale","15":"shipping-taxable","16":"purchasable","17":"product-type-simple"},"_links":{"self":[{"href":"https:\/\/roveyayinevi.com.tr\/index.php\/wp-json\/wp\/v2\/product\/779631","targetHints":{"allow":["GET"]}}],"collection":[{"href":"https:\/\/roveyayinevi.com.tr\/index.php\/wp-json\/wp\/v2\/product"}],"about":[{"href":"https:\/\/roveyayinevi.com.tr\/index.php\/wp-json\/wp\/v2\/types\/product"}],"wp:attachment":[{"href":"https:\/\/roveyayinevi.com.tr\/index.php\/wp-json\/wp\/v2\/media?parent=779631"}],"wp:term":[{"taxonomy":"product_brand","embeddable":true,"href":"https:\/\/roveyayinevi.com.tr\/index.php\/wp-json\/wp\/v2\/product_brand?post=779631"},{"taxonomy":"product_cat","embeddable":true,"href":"https:\/\/roveyayinevi.com.tr\/index.php\/wp-json\/wp\/v2\/product_cat?post=779631"},{"taxonomy":"product_tag","embeddable":true,"href":"https:\/\/roveyayinevi.com.tr\/index.php\/wp-json\/wp\/v2\/product_tag?post=779631"}],"curies":[{"name":"wp","href":"https:\/\/api.w.org\/{rel}","templated":true}]}}