{"id":779630,"date":"2025-12-30T12:03:11","date_gmt":"2025-12-30T09:03:11","guid":{"rendered":"https:\/\/roveyayinevi.com.tr\/index.php\/urun\/disney-duygu-gunlugum-karlar-ulkesi-cesur-ol\/"},"modified":"2026-04-15T03:44:15","modified_gmt":"2026-04-15T00:44:15","slug":"disney-duygu-gunlugum-karlar-ulkesi-cesur-ol","status":"publish","type":"product","link":"https:\/\/roveyayinevi.com.tr\/index.php\/urun\/disney-duygu-gunlugum-karlar-ulkesi-cesur-ol\/","title":{"rendered":"Disney -Duygu G\u00fcnl\u00fc\u011f\u00fcm Karlar \u00dclkesi Cesur Ol!"},"content":{"rendered":"<p>Aile hayat\u0131 hem sevgi dolu hem de karma\u015f\u0131kt\u0131r. \u0130yi bir karde\u015f olmay\u0131 \u00f6\u011frenmek \u00e7ocuklar i\u00e7in zorlay\u0131c\u0131 olabilir. Karde\u015flerin bazen \u00e7at\u0131\u015fmalara neden olan farkl\u0131 \u00f6zellikleri vard\u0131r. Ancak bu farkl\u0131l\u0131klar, hayat\u0131 daha ilgin\u00e7 ve e\u011flenceli h\u00e2le getirebilir. Karde\u015fleri benzersiz k\u0131lan \u00f6zelliklere sayg\u0131 duymay\u0131 ve onlar\u0131n de\u011ferini bilmeyi \u00f6\u011frenmek, g\u00fc\u00e7l\u00fc aile ba\u011flar\u0131 kurman\u0131n \u00f6nemli bir par\u00e7as\u0131d\u0131r. Disney Duygu G\u00fcnl\u00fc\u011f\u00fcm Karlar \u00dclkesi: Cesur Ol! kitab\u0131nda Olaf, karde\u015fleriyle ge\u00e7inmeyi ve farkl\u0131l\u0131klar\u0131 takdir etmeyi \u00f6\u011freniyor. Onlar\u0131n ba\u015f\u0131ndan ge\u00e7enler, kendi aile hayat\u0131n\u0131zda ya\u015fad\u0131klar\u0131n\u0131z hakk\u0131nda size konu\u015fma f\u0131rsat\u0131 sunacak. \u00c7ocuklar\u0131n\u0131z birbirlerinin farkl\u0131 \u00f6zellikleri oldu\u011funu nas\u0131l anlamaya ba\u015flar? Bu farkl\u0131l\u0131klara sayg\u0131 g\u00f6stermenin baz\u0131 yollar\u0131 nelerdir? Aralar\u0131ndaki farklar \u00e7at\u0131\u015fmalara yol a\u00e7t\u0131\u011f\u0131nda, birbirlerine kar\u015f\u0131 nas\u0131l nezaket ve \u015fefkatle davranabilirler? Disney E\u011fitsel\u2019in Duygu G\u00fcnl\u00fc\u011f\u00fcm serisi, y\u00fcrek \u0131s\u0131tan hik\u00e2yeleriyle ailelere \u00e7ocuklar\u0131n\u0131n duygusal geli\u015fimini desteklemenin yollar\u0131n\u0131 sunuyor. Yolculu\u011fun tad\u0131n\u0131 \u00e7\u0131kar\u0131n! <\/p>\n","protected":false},"excerpt":{"rendered":"<p>Aile hayat\u0131 hem sevgi dolu hem de karma\u015f\u0131kt\u0131r. \u0130yi bir karde\u015f olmay\u0131 \u00f6\u011frenmek \u00e7ocuklar i\u00e7in zorlay\u0131c\u0131 olabilir. Karde\u015flerin bazen \u00e7at\u0131\u015fmalara neden olan farkl\u0131 \u00f6zellikleri vard\u0131r. Ancak<span class=\"excerpt-hellip\"> [\u2026]<\/span><\/p>\n","protected":false},"featured_media":0,"template":"","meta":{"_monsterinsights_skip_tracking":false,"_monsterinsights_sitenote_active":false,"_monsterinsights_sitenote_note":"","_monsterinsights_sitenote_category":0},"product_brand":[],"product_cat":[12274,12284],"product_tag":[],"class_list":{"0":"post-779630","1":"product","2":"type-product","3":"status-publish","5":"product_cat-cocuk-ve-genclik-kitaplari","6":"product_cat-hikayeler","7":"pa_cilt-ciltsiz","8":"pa_tur-kitap","9":"pa_yayinevi-beta-kids","10":"pa_yazar-vickie-saxon","12":"first","13":"instock","14":"sale","15":"shipping-taxable","16":"purchasable","17":"product-type-simple"},"_links":{"self":[{"href":"https:\/\/roveyayinevi.com.tr\/index.php\/wp-json\/wp\/v2\/product\/779630","targetHints":{"allow":["GET"]}}],"collection":[{"href":"https:\/\/roveyayinevi.com.tr\/index.php\/wp-json\/wp\/v2\/product"}],"about":[{"href":"https:\/\/roveyayinevi.com.tr\/index.php\/wp-json\/wp\/v2\/types\/product"}],"wp:attachment":[{"href":"https:\/\/roveyayinevi.com.tr\/index.php\/wp-json\/wp\/v2\/media?parent=779630"}],"wp:term":[{"taxonomy":"product_brand","embeddable":true,"href":"https:\/\/roveyayinevi.com.tr\/index.php\/wp-json\/wp\/v2\/product_brand?post=779630"},{"taxonomy":"product_cat","embeddable":true,"href":"https:\/\/roveyayinevi.com.tr\/index.php\/wp-json\/wp\/v2\/product_cat?post=779630"},{"taxonomy":"product_tag","embeddable":true,"href":"https:\/\/roveyayinevi.com.tr\/index.php\/wp-json\/wp\/v2\/product_tag?post=779630"}],"curies":[{"name":"wp","href":"https:\/\/api.w.org\/{rel}","templated":true}]}}