{"id":779629,"date":"2025-12-30T12:03:08","date_gmt":"2025-12-30T09:03:08","guid":{"rendered":"https:\/\/roveyayinevi.com.tr\/index.php\/urun\/disney-duygu-gunlugum-dikkatli-ol-donald\/"},"modified":"2026-04-15T03:44:15","modified_gmt":"2026-04-15T00:44:15","slug":"disney-duygu-gunlugum-dikkatli-ol-donald","status":"publish","type":"product","link":"https:\/\/roveyayinevi.com.tr\/index.php\/urun\/disney-duygu-gunlugum-dikkatli-ol-donald\/","title":{"rendered":"Disney- Duygu G\u00fcnl\u00fc\u011f\u00fcm, Dikkatli Ol, Donald!"},"content":{"rendered":"<p>G\u00fcn\u00fcm\u00fcz ailelerinin g\u00fcnleri yo\u011fun ge\u00e7iyor. \u00c7ocuklar okul, ders d\u0131\u015f\u0131 faaliyetler ve artan sorumluluklar kar\u015f\u0131s\u0131nda bunalabiliyor. Fark\u0131ndal\u0131k, ailelerin hayat\u0131n zorluklar\u0131na birlikte yan\u0131t vermeleri i\u00e7in destekleyici bir yol olabilir. Derin nefes alma, duygular\u0131 fark etme ya da sakinle\u015fmeye ve odaklanmaya zaman ay\u0131rma gibi stratejiler g\u00fcnl\u00fck stresleri hafifletebilir. Mickey &amp; Dostlar\u0131: Dikkatli Ol, Donald! kitab\u0131nda Donald Duck, her \u015feyin ters gitti\u011fi tela\u015fl\u0131 bir sabah ya\u015f\u0131yor. Stres ve hayal k\u0131r\u0131kl\u0131klar\u0131 artt\u0131k\u00e7a Donald, arkada\u015flar\u0131ndan destek ve yard\u0131m istiyor. Donald\u2019\u0131n fark\u0131ndal\u0131\u011fa do\u011fru yolculu\u011funda ba\u015f\u0131ndan ge\u00e7enler, kendi aile hayat\u0131n\u0131zda ya\u015fad\u0131klar\u0131n\u0131z hakk\u0131nda size konu\u015fma f\u0131rsat\u0131 sunacak. Bir \u015fey bizi endi\u015felendirdi\u011finde veya \u00fczd\u00fc\u011f\u00fcnde ne yapabiliriz? \u015eu anda olanlar\u0131n de\u011ferini nas\u0131l bilebiliriz? Fark\u0131ndal\u0131\u011f\u0131 g\u00fcnl\u00fck hayat\u0131m\u0131zda nas\u0131l uygulayabiliriz? Disney E\u011fitsel\u2019in Duygu G\u00fcnl\u00fc\u011f\u00fcm serisi, y\u00fcrek \u0131s\u0131tan hik\u00e2yeleriyle ailelere \u00e7ocuklar\u0131n\u0131n duygusal geli\u015fimini desteklemenin yollar\u0131n\u0131 sunuyor. Yolculu\u011fun tad\u0131n\u0131 \u00e7\u0131kar\u0131n!<\/p>\n","protected":false},"excerpt":{"rendered":"<p>G\u00fcn\u00fcm\u00fcz ailelerinin g\u00fcnleri yo\u011fun ge\u00e7iyor. \u00c7ocuklar okul, ders d\u0131\u015f\u0131 faaliyetler ve artan sorumluluklar kar\u015f\u0131s\u0131nda bunalabiliyor. Fark\u0131ndal\u0131k, ailelerin hayat\u0131n zorluklar\u0131na birlikte yan\u0131t vermeleri i\u00e7in destekleyici bir yol<span class=\"excerpt-hellip\"> [\u2026]<\/span><\/p>\n","protected":false},"featured_media":0,"template":"","meta":{"_monsterinsights_skip_tracking":false,"_monsterinsights_sitenote_active":false,"_monsterinsights_sitenote_note":"","_monsterinsights_sitenote_category":0},"product_brand":[],"product_cat":[12274,12284],"product_tag":[],"class_list":{"0":"post-779629","1":"product","2":"type-product","3":"status-publish","5":"product_cat-cocuk-ve-genclik-kitaplari","6":"product_cat-hikayeler","7":"pa_cilt-ciltsiz","8":"pa_tur-kitap","9":"pa_yayinevi-beta-kids","10":"pa_yazar-vickie-saxon","12":"first","13":"instock","14":"sale","15":"shipping-taxable","16":"purchasable","17":"product-type-simple"},"_links":{"self":[{"href":"https:\/\/roveyayinevi.com.tr\/index.php\/wp-json\/wp\/v2\/product\/779629","targetHints":{"allow":["GET"]}}],"collection":[{"href":"https:\/\/roveyayinevi.com.tr\/index.php\/wp-json\/wp\/v2\/product"}],"about":[{"href":"https:\/\/roveyayinevi.com.tr\/index.php\/wp-json\/wp\/v2\/types\/product"}],"wp:attachment":[{"href":"https:\/\/roveyayinevi.com.tr\/index.php\/wp-json\/wp\/v2\/media?parent=779629"}],"wp:term":[{"taxonomy":"product_brand","embeddable":true,"href":"https:\/\/roveyayinevi.com.tr\/index.php\/wp-json\/wp\/v2\/product_brand?post=779629"},{"taxonomy":"product_cat","embeddable":true,"href":"https:\/\/roveyayinevi.com.tr\/index.php\/wp-json\/wp\/v2\/product_cat?post=779629"},{"taxonomy":"product_tag","embeddable":true,"href":"https:\/\/roveyayinevi.com.tr\/index.php\/wp-json\/wp\/v2\/product_tag?post=779629"}],"curies":[{"name":"wp","href":"https:\/\/api.w.org\/{rel}","templated":true}]}}