{"id":779628,"date":"2025-12-30T12:03:05","date_gmt":"2025-12-30T09:03:05","guid":{"rendered":"https:\/\/roveyayinevi.com.tr\/index.php\/urun\/disney-duygu-gunlugum-karmakarisik-denemekten-korkma\/"},"modified":"2026-04-15T03:44:15","modified_gmt":"2026-04-15T00:44:15","slug":"disney-duygu-gunlugum-karmakarisik-denemekten-korkma","status":"publish","type":"product","link":"https:\/\/roveyayinevi.com.tr\/index.php\/urun\/disney-duygu-gunlugum-karmakarisik-denemekten-korkma\/","title":{"rendered":"Disney &#8211; Duygu G\u00fcnl\u00fc\u011f\u00fcm Karmakar\u0131\u015f\u0131k Denemekten Korkma!"},"content":{"rendered":"<p>\u00c7ocukluk heyecan verici zorluklar\u0131n ya\u015fand\u0131\u011f\u0131 bir zamand\u0131r. Yeni bir deneyim beklendi\u011fi gibi gitmedi\u011finde, \u00e7ocuklar cesaretini kaybedebilir. Hatalar ve aksilikler hayat\u0131n bir par\u00e7as\u0131d\u0131r ve insana olgunla\u015fma f\u0131rsat\u0131 sunar. Ebeveynler ve di\u011fer ilgili yeti\u015fkinler, \u00e7ocuklara yard\u0131m ederek onlar\u0131n yapt\u0131klar\u0131 hatalar\u0131 yeniden de\u011ferlendirmesinde \u00f6nemli rol oynarlar. Ba\u015far\u0131s\u0131zl\u0131k gibi hissettiren bir durum kar\u015f\u0131s\u0131nda yap\u0131c\u0131 davranman\u0131n yollar\u0131n\u0131 ke\u015ffetmek, \u00e7ocuklar\u0131 denemeye devam etmek konusunda cesaretlendirir. Karmakar\u0131\u015f\u0131k: Denemekten Korkma! kitab\u0131nda Rapunzel yeni bir prenses olman\u0131n zorluklar\u0131yla y\u00fczle\u015fiyor. Rapunzel\u2019in ba\u015f\u0131ndan ge\u00e7enler, kendi aile hayat\u0131n\u0131zda ya\u015fad\u0131klar\u0131n\u0131z hakk\u0131nda size konu\u015fma f\u0131rsat\u0131 sunacak. Rapunzel yapt\u0131\u011f\u0131 hatalara ba\u015fta nas\u0131l tepki veriyor ve sonras\u0131nda bu tepkiler nas\u0131l de\u011fi\u015fiyor? \u0130lerleme kaydetmesine kim yard\u0131m ediyor? Hatalar\u0131n iyi bir taraf\u0131 var m\u0131d\u0131r? Bir hata yapt\u0131ktan sonra hangi olumlu ad\u0131mlar\u0131 atabiliriz? Hatalar, \u00f6\u011frenmemize ve olgunla\u015fmam\u0131za nas\u0131l yard\u0131m eder? Disney E\u011fitsel\u2019in Duygu G\u00fcnl\u00fc\u011f\u00fcm serisi, y\u00fcrek \u0131s\u0131tan hik\u00e2yeleriyle ailelere \u00e7ocuklar\u0131n\u0131n duygusal geli\u015fimini desteklemenin yollar\u0131n\u0131 sunuyor. Yolculu\u011fun tad\u0131n\u0131 \u00e7\u0131kar\u0131n! <\/p>\n","protected":false},"excerpt":{"rendered":"<p>\u00c7ocukluk heyecan verici zorluklar\u0131n ya\u015fand\u0131\u011f\u0131 bir zamand\u0131r. Yeni bir deneyim beklendi\u011fi gibi gitmedi\u011finde, \u00e7ocuklar cesaretini kaybedebilir. Hatalar ve aksilikler hayat\u0131n bir par\u00e7as\u0131d\u0131r ve insana olgunla\u015fma f\u0131rsat\u0131<span class=\"excerpt-hellip\"> [\u2026]<\/span><\/p>\n","protected":false},"featured_media":0,"template":"","meta":{"_monsterinsights_skip_tracking":false,"_monsterinsights_sitenote_active":false,"_monsterinsights_sitenote_note":"","_monsterinsights_sitenote_category":0},"product_brand":[],"product_cat":[12274,12284],"product_tag":[],"class_list":{"0":"post-779628","1":"product","2":"type-product","3":"status-publish","5":"product_cat-cocuk-ve-genclik-kitaplari","6":"product_cat-hikayeler","7":"pa_cilt-ciltsiz","8":"pa_tur-kitap","9":"pa_yayinevi-beta-kids","10":"pa_yazar-thea-feldman","12":"first","13":"instock","14":"sale","15":"shipping-taxable","16":"purchasable","17":"product-type-simple"},"_links":{"self":[{"href":"https:\/\/roveyayinevi.com.tr\/index.php\/wp-json\/wp\/v2\/product\/779628","targetHints":{"allow":["GET"]}}],"collection":[{"href":"https:\/\/roveyayinevi.com.tr\/index.php\/wp-json\/wp\/v2\/product"}],"about":[{"href":"https:\/\/roveyayinevi.com.tr\/index.php\/wp-json\/wp\/v2\/types\/product"}],"wp:attachment":[{"href":"https:\/\/roveyayinevi.com.tr\/index.php\/wp-json\/wp\/v2\/media?parent=779628"}],"wp:term":[{"taxonomy":"product_brand","embeddable":true,"href":"https:\/\/roveyayinevi.com.tr\/index.php\/wp-json\/wp\/v2\/product_brand?post=779628"},{"taxonomy":"product_cat","embeddable":true,"href":"https:\/\/roveyayinevi.com.tr\/index.php\/wp-json\/wp\/v2\/product_cat?post=779628"},{"taxonomy":"product_tag","embeddable":true,"href":"https:\/\/roveyayinevi.com.tr\/index.php\/wp-json\/wp\/v2\/product_tag?post=779628"}],"curies":[{"name":"wp","href":"https:\/\/api.w.org\/{rel}","templated":true}]}}