{"id":779627,"date":"2025-12-30T12:03:01","date_gmt":"2025-12-30T09:03:01","guid":{"rendered":"https:\/\/roveyayinevi.com.tr\/index.php\/urun\/disney-duygu-gunlugum-karlar-ulkesi-degisime-hazir-ol\/"},"modified":"2026-04-15T03:44:15","modified_gmt":"2026-04-15T00:44:15","slug":"disney-duygu-gunlugum-karlar-ulkesi-degisime-hazir-ol","status":"publish","type":"product","link":"https:\/\/roveyayinevi.com.tr\/index.php\/urun\/disney-duygu-gunlugum-karlar-ulkesi-degisime-hazir-ol\/","title":{"rendered":"Disney &#8211; Duygu G\u00fcnl\u00fc\u011f\u00fcm Karlar \u00dclkesi De\u011fi\u015fime Haz\u0131r Ol"},"content":{"rendered":"<p>De\u011fi\u015fim, \u00f6zellikle k\u00fc\u00e7\u00fck \u00e7ocuklar i\u00e7in hayat\u0131n bir ger\u00e7e\u011fidir. Yeni beceriler \u00f6\u011frenmek, arkada\u015fl\u0131klar kurmak ve okula ba\u015flamak gibi, duygusal geli\u015fimlerini etkileyen bir\u00e7ok d\u00f6n\u00fcm noktas\u0131ndan ge\u00e7erler. Ayr\u0131ca bir arkada\u015f veya aile \u00fcyesinin ba\u015fka yere ta\u015f\u0131nmas\u0131 gibi, d\u0131\u015f etkenlere ba\u011fl\u0131 de\u011fi\u015fikliklerle de kar\u015f\u0131la\u015fabilirler. De\u011fi\u015fiklikler heyecan verici, zor veya her ikisi birden olabilir! Ya\u015fam\u0131n getirdi\u011fi de\u011fi\u015fiklikleri olumlu \u015fekilde kar\u015f\u0131laman\u0131n yollar\u0131n\u0131 ke\u015ffeden \u00e7ocuklar, de\u011fi\u015fime daha kolay uyum sa\u011flar; kar\u015f\u0131la\u015ft\u0131klar\u0131 zorluklar kar\u015f\u0131s\u0131nda aile sevgisine ve deste\u011fine g\u00fcvenebileceklerini anlamalar\u0131 da i\u00e7lerini rahatlat\u0131r. Karlar \u00dclkesi: De\u011fi\u015fime Haz\u0131r Ol \u00f6yk\u00fc kitab\u0131nda Anna, Elsa ve arkada\u015flar\u0131 hayatlar\u0131nda yeni bir d\u00f6neme merhaba diyorlar. Onlar\u0131n ba\u015f\u0131ndan ge\u00e7enler, kendi aile hayat\u0131n\u0131zda ya\u015fad\u0131klar\u0131n\u0131z hakk\u0131nda size konu\u015fma f\u0131rsat\u0131 sunacak. Dostlar\u0131m\u0131z b\u00fcy\u00fck bir de\u011fi\u015fiklik s\u0131ras\u0131nda birbirlerine nas\u0131l destek oluyorlar? Anna, Elsa ve Olaf\u2019\u0131n deneyimledi\u011fi duygular\u0131 tan\u0131mlay\u0131n. Siz kendinizi hi\u00e7 b\u00f6yle hissettiniz mi? Uzaktaki bir aile \u00fcyesi veya arkada\u015fla ba\u011flant\u0131 kurmak i\u00e7in neler yapabiliriz? Asla de\u011fi\u015fmeyen baz\u0131 \u015feyler nelerdir? Disney E\u011fitsel\u2019in Duygu G\u00fcnl\u00fc\u011f\u00fcm serisi, y\u00fcrek \u0131s\u0131tan hik\u00e2yeleriyle ailelere \u00e7ocuklar\u0131n\u0131n duygusal geli\u015fimini desteklemenin yollar\u0131n\u0131 sunuyor. Yolculu\u011fun tad\u0131n\u0131 \u00e7\u0131kar\u0131n!<\/p>\n","protected":false},"excerpt":{"rendered":"<p>De\u011fi\u015fim, \u00f6zellikle k\u00fc\u00e7\u00fck \u00e7ocuklar i\u00e7in hayat\u0131n bir ger\u00e7e\u011fidir. Yeni beceriler \u00f6\u011frenmek, arkada\u015fl\u0131klar kurmak ve okula ba\u015flamak gibi, duygusal geli\u015fimlerini etkileyen bir\u00e7ok d\u00f6n\u00fcm noktas\u0131ndan ge\u00e7erler. Ayr\u0131ca bir<span class=\"excerpt-hellip\"> [\u2026]<\/span><\/p>\n","protected":false},"featured_media":0,"template":"","meta":{"_monsterinsights_skip_tracking":false,"_monsterinsights_sitenote_active":false,"_monsterinsights_sitenote_note":"","_monsterinsights_sitenote_category":0},"product_brand":[],"product_cat":[12274,12284],"product_tag":[],"class_list":{"0":"post-779627","1":"product","2":"type-product","3":"status-publish","5":"product_cat-cocuk-ve-genclik-kitaplari","6":"product_cat-hikayeler","7":"pa_cilt-ciltsiz","8":"pa_tur-kitap","9":"pa_yayinevi-beta-kids","10":"pa_yazar-suzanne-francis","12":"first","13":"instock","14":"sale","15":"shipping-taxable","16":"purchasable","17":"product-type-simple"},"_links":{"self":[{"href":"https:\/\/roveyayinevi.com.tr\/index.php\/wp-json\/wp\/v2\/product\/779627","targetHints":{"allow":["GET"]}}],"collection":[{"href":"https:\/\/roveyayinevi.com.tr\/index.php\/wp-json\/wp\/v2\/product"}],"about":[{"href":"https:\/\/roveyayinevi.com.tr\/index.php\/wp-json\/wp\/v2\/types\/product"}],"wp:attachment":[{"href":"https:\/\/roveyayinevi.com.tr\/index.php\/wp-json\/wp\/v2\/media?parent=779627"}],"wp:term":[{"taxonomy":"product_brand","embeddable":true,"href":"https:\/\/roveyayinevi.com.tr\/index.php\/wp-json\/wp\/v2\/product_brand?post=779627"},{"taxonomy":"product_cat","embeddable":true,"href":"https:\/\/roveyayinevi.com.tr\/index.php\/wp-json\/wp\/v2\/product_cat?post=779627"},{"taxonomy":"product_tag","embeddable":true,"href":"https:\/\/roveyayinevi.com.tr\/index.php\/wp-json\/wp\/v2\/product_tag?post=779627"}],"curies":[{"name":"wp","href":"https:\/\/api.w.org\/{rel}","templated":true}]}}