{"id":779626,"date":"2025-12-30T12:02:57","date_gmt":"2025-12-30T09:02:57","guid":{"rendered":"https:\/\/roveyayinevi.com.tr\/index.php\/urun\/disney-duygu-gunlugum-stic-kibar-ol-stic\/"},"modified":"2026-04-15T03:44:15","modified_gmt":"2026-04-15T00:44:15","slug":"disney-duygu-gunlugum-stic-kibar-ol-stic","status":"publish","type":"product","link":"https:\/\/roveyayinevi.com.tr\/index.php\/urun\/disney-duygu-gunlugum-stic-kibar-ol-stic\/","title":{"rendered":"Disney-Duygu G\u00fcnl\u00fc\u011f\u00fcm Sti\u00e7 Kibar Ol, Sti\u00e7!"},"content":{"rendered":"<p>G\u00f6rg\u00fc kurallar\u0131 neden \u00f6nemlidir? Erken \u00e7ocukluk d\u00f6neminde yeni sosyal ortamlara girmek hem heyecan verici hem de g\u00f6z korkutucu olabilir. Restoranda yemek yemek, bir arkada\u015f\u0131 ziyaret etmek veya okula gitmek gibi yeni deneyimler k\u00fc\u00e7\u00fck \u00e7ocuklara genellikle ne\u015fe ve gurur verir. Ancak bu ortamlarda nas\u0131l davranacaklar\u0131 konusunda kafalar\u0131 kar\u0131\u015fabilir ve farkl\u0131 ba\u011flamlar\u0131 kavramayabilirler. \u00c7e\u015fitli ortamlar\u0131n gerektirdi\u011fi g\u00f6rg\u00fc kurallar\u0131na uyman\u0131n yollar\u0131n\u0131 ke\u015ffetmek, \u00e7ocuklarda \u00f6zg\u00fcven olu\u015fturur ve sosyal becerileri g\u00fc\u00e7lendirir. G\u00f6rg\u00fc kurallar\u0131, \u00f6z\u00fcnde kendimize, etraf\u0131m\u0131zdaki insanlara ve \u00e7evremize sayg\u0131l\u0131 ve incelikli davranmakt\u0131r. Sti\u00e7, D\u00fcnya\u2019da buldu\u011fu \u201cohana\u201dy\u0131 seviyor ama \u00f6zellikle kibarl\u0131k konusunda \u00f6\u011frenmesi gereken \u00e7ok g\u00f6rg\u00fc kural\u0131 var! Siz de Sti\u00e7\u2019e \u201c\u00f6rnek bir vatanda\u015f\u201d olmay\u0131 \u00f6\u011fretmeye \u00e7al\u0131\u015fan Lilo, Nani ve arkada\u015flar\u0131n\u0131n ya\u015fad\u0131\u011f\u0131 komik maceralara kat\u0131l\u0131n! Onlar\u0131n ba\u015f\u0131ndan ge\u00e7enler, kendi aile hayat\u0131n\u0131zda ya\u015fad\u0131klar\u0131n\u0131z hakk\u0131nda size konu\u015fma f\u0131rsat\u0131 sunacak. Sti\u00e7 ne t\u00fcr g\u00f6rg\u00fc kurallar\u0131 \u00f6\u011freniyor? Ailesi ve arkada\u015flar\u0131 ona nas\u0131l yard\u0131m ediyor? G\u00f6rg\u00fc kurallar\u0131 neden \u00f6nemlidir? G\u00f6rg\u00fc kurallar\u0131na nas\u0131l uyulur? G\u00f6rg\u00fc kurallar\u0131na uyunca kendimizi nas\u0131l hissederiz? G\u00f6rg\u00fc kurallar\u0131na uydu\u011fumuzda ba\u015fkalar\u0131 kendilerini nas\u0131l hisseder? Disney E\u011fitsel\u2019in Duygu G\u00fcnl\u00fc\u011f\u00fcm serisi, y\u00fcrek \u0131s\u0131tan hik\u00e2yeleriyle ailelere \u00e7ocuklar\u0131n\u0131n duygusal geli\u015fimini desteklemenin yollar\u0131n\u0131 sunuyor. Yolculu\u011fun tad\u0131n\u0131 \u00e7\u0131kar\u0131n!   <\/p>\n","protected":false},"excerpt":{"rendered":"<p>G\u00f6rg\u00fc kurallar\u0131 neden \u00f6nemlidir? Erken \u00e7ocukluk d\u00f6neminde yeni sosyal ortamlara girmek hem heyecan verici hem de g\u00f6z korkutucu olabilir. Restoranda yemek yemek, bir arkada\u015f\u0131 ziyaret etmek<span class=\"excerpt-hellip\"> [\u2026]<\/span><\/p>\n","protected":false},"featured_media":0,"template":"","meta":{"_monsterinsights_skip_tracking":false,"_monsterinsights_sitenote_active":false,"_monsterinsights_sitenote_note":"","_monsterinsights_sitenote_category":0},"product_brand":[],"product_cat":[12274,12284],"product_tag":[],"class_list":{"0":"post-779626","1":"product","2":"type-product","3":"status-publish","5":"product_cat-cocuk-ve-genclik-kitaplari","6":"product_cat-hikayeler","7":"pa_cilt-ciltsiz","8":"pa_tur-kitap","9":"pa_yayinevi-beta-kids","10":"pa_yazar-leslie-ann-hayashi","12":"first","13":"instock","14":"sale","15":"shipping-taxable","16":"purchasable","17":"product-type-simple"},"_links":{"self":[{"href":"https:\/\/roveyayinevi.com.tr\/index.php\/wp-json\/wp\/v2\/product\/779626","targetHints":{"allow":["GET"]}}],"collection":[{"href":"https:\/\/roveyayinevi.com.tr\/index.php\/wp-json\/wp\/v2\/product"}],"about":[{"href":"https:\/\/roveyayinevi.com.tr\/index.php\/wp-json\/wp\/v2\/types\/product"}],"wp:attachment":[{"href":"https:\/\/roveyayinevi.com.tr\/index.php\/wp-json\/wp\/v2\/media?parent=779626"}],"wp:term":[{"taxonomy":"product_brand","embeddable":true,"href":"https:\/\/roveyayinevi.com.tr\/index.php\/wp-json\/wp\/v2\/product_brand?post=779626"},{"taxonomy":"product_cat","embeddable":true,"href":"https:\/\/roveyayinevi.com.tr\/index.php\/wp-json\/wp\/v2\/product_cat?post=779626"},{"taxonomy":"product_tag","embeddable":true,"href":"https:\/\/roveyayinevi.com.tr\/index.php\/wp-json\/wp\/v2\/product_tag?post=779626"}],"curies":[{"name":"wp","href":"https:\/\/api.w.org\/{rel}","templated":true}]}}