{"id":779625,"date":"2025-12-30T12:02:55","date_gmt":"2025-12-30T09:02:55","guid":{"rendered":"https:\/\/roveyayinevi.com.tr\/index.php\/urun\/ehlibeyt-gercegi\/"},"modified":"2026-04-15T03:44:15","modified_gmt":"2026-04-15T00:44:15","slug":"ehlibeyt-gercegi","status":"publish","type":"product","link":"https:\/\/roveyayinevi.com.tr\/index.php\/urun\/ehlibeyt-gercegi\/","title":{"rendered":"Ehlibeyt Ger\u00e7e\u011fi"},"content":{"rendered":"<p>Ehlibeyt, Kur\u2019an ve S\u00fcnnet\u2019i en iyi bilen, en g\u00fczel ya\u015fayan, ya\u015famaya \u00e7al\u0131\u015fan, \u00f6rnek bir aile. M\u00e2sum ve mazlumlar\u0131n \u00e2bidev\u00ee \u015fah\u0131slar\u0131 onlar. Ba\u015flar\u0131nda iki cihan serveri Peygamberimiz Hz. Muhammed var. Evliyalar \u015e\u00e2h\u0131 Hz. Ali ikinci s\u0131rada. Emevi ve Abbasilerin ac\u0131mas\u0131z ve gaddarca zul\u00fcmleriyle b\u00fct\u00fcn d\u00fcnyaya yay\u0131lmak zorunda kalm\u0131\u015flar!.. Onlara en \u00e7ok sahip \u00e7\u0131kanlar ise, yollar\u0131na yolda\u015f, dinda\u015f, karda\u015f olan M\u00fcsl\u00fcman T\u00fcrkler olmu\u015f. <\/p>\n","protected":false},"excerpt":{"rendered":"<p>Ehlibeyt, Kur\u2019an ve S\u00fcnnet\u2019i en iyi bilen, en g\u00fczel ya\u015fayan, ya\u015famaya \u00e7al\u0131\u015fan, \u00f6rnek bir aile. M\u00e2sum ve mazlumlar\u0131n \u00e2bidev\u00ee \u015fah\u0131slar\u0131 onlar. Ba\u015flar\u0131nda iki cihan serveri Peygamberimiz<span class=\"excerpt-hellip\"> [\u2026]<\/span><\/p>\n","protected":false},"featured_media":0,"template":"","meta":{"_monsterinsights_skip_tracking":false,"_monsterinsights_sitenote_active":false,"_monsterinsights_sitenote_note":"","_monsterinsights_sitenote_category":0},"product_brand":[],"product_cat":[12718,12719],"product_tag":[],"class_list":{"0":"post-779625","1":"product","2":"type-product","3":"status-publish","5":"product_cat-din","6":"product_cat-islam","7":"pa_cilt-ciltsiz","8":"pa_tur-kitap","9":"pa_yayinevi-gulnar-yayinlari","10":"pa_yazar-huseyin-tugcu","12":"first","13":"instock","14":"sale","15":"shipping-taxable","16":"purchasable","17":"product-type-simple"},"_links":{"self":[{"href":"https:\/\/roveyayinevi.com.tr\/index.php\/wp-json\/wp\/v2\/product\/779625","targetHints":{"allow":["GET"]}}],"collection":[{"href":"https:\/\/roveyayinevi.com.tr\/index.php\/wp-json\/wp\/v2\/product"}],"about":[{"href":"https:\/\/roveyayinevi.com.tr\/index.php\/wp-json\/wp\/v2\/types\/product"}],"wp:attachment":[{"href":"https:\/\/roveyayinevi.com.tr\/index.php\/wp-json\/wp\/v2\/media?parent=779625"}],"wp:term":[{"taxonomy":"product_brand","embeddable":true,"href":"https:\/\/roveyayinevi.com.tr\/index.php\/wp-json\/wp\/v2\/product_brand?post=779625"},{"taxonomy":"product_cat","embeddable":true,"href":"https:\/\/roveyayinevi.com.tr\/index.php\/wp-json\/wp\/v2\/product_cat?post=779625"},{"taxonomy":"product_tag","embeddable":true,"href":"https:\/\/roveyayinevi.com.tr\/index.php\/wp-json\/wp\/v2\/product_tag?post=779625"}],"curies":[{"name":"wp","href":"https:\/\/api.w.org\/{rel}","templated":true}]}}