{"id":779624,"date":"2025-12-30T12:02:52","date_gmt":"2025-12-30T09:02:52","guid":{"rendered":"https:\/\/roveyayinevi.com.tr\/index.php\/urun\/dunyanin-en-guzel-seyi\/"},"modified":"2026-04-15T03:44:15","modified_gmt":"2026-04-15T00:44:15","slug":"dunyanin-en-guzel-seyi","status":"publish","type":"product","link":"https:\/\/roveyayinevi.com.tr\/index.php\/urun\/dunyanin-en-guzel-seyi\/","title":{"rendered":"D\u00fcnyan\u0131n En G\u00fczel \u015eeyi"},"content":{"rendered":"<p>Asl\u0131na Bakarsan\u0131z Sincap, D\u00fcnyan\u0131n En G\u00fczel \u015eeyi Nin Ne Oldu\u011funu Da Ne \u0130\u015fe Yarad\u0131\u011f\u0131n\u0131 Da Bilmiyor.Tek Bildi\u011fi: Harika Oldu\u011fu!   Ve Bu U\u011furda Her \u015eeyini Vermesi Gerekse Bile, Onu \u00c7ok, \u00c7ok, \u00c7ok \u0130stiyor&#8230;Bunun i\u00e7in evini, yata\u011f\u0131n\u0131, hatta dolab\u0131n\u0131 bile satar. B\u00fcy\u00fck bir heyecanla bekledi\u011fi o \u015fey, eline ge\u00e7ti\u011finde ise \u2026 Hi\u00e7 de d\u00fc\u015f\u00fcnd\u00fc\u011f\u00fc gibi \u00e7\u0131kmaz!Sincap neye sahip oldu\u011funu de\u011fil, kimlerle payla\u015ft\u0131\u011f\u0131n\u0131 fark eder.Kaybettiklerinden sonra \u00fcz\u00fclen ama dostlar\u0131n\u0131n deste\u011fiyle Yeniden aya\u011fa kalkan sincap, harap bir tav\u015fan deli\u011finde yeniden bir yuva kurar. Ve as\u0131l mutlulu\u011fun \u2018\u2019 arkada\u015flarla payla\u015f\u0131lan anlarda\u2019\u2019 oldu\u011funu anlar.\u00c7ocuklara dostlu\u011fun, dayan\u0131\u015fman\u0131n ve ger\u00e7ek mutlulu\u011fun de\u011ferini anlatan bu s\u0131cac\u0131k hikaye, minik okurlar\u0131n kalbine dokunacak.<\/p>\n","protected":false},"excerpt":{"rendered":"<p>Asl\u0131na Bakarsan\u0131z Sincap, D\u00fcnyan\u0131n En G\u00fczel \u015eeyi Nin Ne Oldu\u011funu Da Ne \u0130\u015fe Yarad\u0131\u011f\u0131n\u0131 Da Bilmiyor.Tek Bildi\u011fi: Harika Oldu\u011fu! Ve Bu U\u011furda Her \u015eeyini Vermesi Gerekse<span class=\"excerpt-hellip\"> [\u2026]<\/span><\/p>\n","protected":false},"featured_media":0,"template":"","meta":{"_monsterinsights_skip_tracking":false,"_monsterinsights_sitenote_active":false,"_monsterinsights_sitenote_note":"","_monsterinsights_sitenote_category":0},"product_brand":[],"product_cat":[12274,12518],"product_tag":[],"class_list":{"0":"post-779624","1":"product","2":"type-product","3":"status-publish","5":"product_cat-cocuk-ve-genclik-kitaplari","6":"product_cat-okul-oncesi-kitaplar","7":"pa_cilt-ciltsiz","8":"pa_tur-kitap","9":"pa_yayinevi-ucan-fil-yayinlari","10":"pa_yazar-frances-tosdevin","12":"first","13":"instock","14":"sale","15":"shipping-taxable","16":"purchasable","17":"product-type-simple"},"_links":{"self":[{"href":"https:\/\/roveyayinevi.com.tr\/index.php\/wp-json\/wp\/v2\/product\/779624","targetHints":{"allow":["GET"]}}],"collection":[{"href":"https:\/\/roveyayinevi.com.tr\/index.php\/wp-json\/wp\/v2\/product"}],"about":[{"href":"https:\/\/roveyayinevi.com.tr\/index.php\/wp-json\/wp\/v2\/types\/product"}],"wp:attachment":[{"href":"https:\/\/roveyayinevi.com.tr\/index.php\/wp-json\/wp\/v2\/media?parent=779624"}],"wp:term":[{"taxonomy":"product_brand","embeddable":true,"href":"https:\/\/roveyayinevi.com.tr\/index.php\/wp-json\/wp\/v2\/product_brand?post=779624"},{"taxonomy":"product_cat","embeddable":true,"href":"https:\/\/roveyayinevi.com.tr\/index.php\/wp-json\/wp\/v2\/product_cat?post=779624"},{"taxonomy":"product_tag","embeddable":true,"href":"https:\/\/roveyayinevi.com.tr\/index.php\/wp-json\/wp\/v2\/product_tag?post=779624"}],"curies":[{"name":"wp","href":"https:\/\/api.w.org\/{rel}","templated":true}]}}