{"id":779622,"date":"2025-12-30T12:02:46","date_gmt":"2025-12-30T09:02:46","guid":{"rendered":"https:\/\/roveyayinevi.com.tr\/index.php\/urun\/big-block-books-tasitlar-vehiclesciltli\/"},"modified":"2026-04-15T03:44:15","modified_gmt":"2026-04-15T00:44:15","slug":"big-block-books-tasitlar-vehiclesciltli","status":"publish","type":"product","link":"https:\/\/roveyayinevi.com.tr\/index.php\/urun\/big-block-books-tasitlar-vehiclesciltli\/","title":{"rendered":"Big Block Books &#8211; Ta\u015f\u0131tlar (Vehicles)(Ciltli)"},"content":{"rendered":"<p>Big Block BooksTa\u015f\u0131tlar (Vehicles)Ta\u015f\u0131tlar\u0131 T\u00fcrk\u00e7e\u2013\u0130ngilizce Ke\u015ffet!U\u00e7aktan trene, otob\u00fcsten bisiklete 50 ta\u015f\u0131t kavram\u0131!Ta\u015f\u0131tlar kitab\u0131, \u00e7ocuklar\u0131 hareketli bir yolculu\u011fa \u00e7\u0131kar\u0131yor! U\u00e7ak, tren, otob\u00fcs, araba ve bisiklet gibi g\u00fcndelik hayatta kar\u015f\u0131lar\u0131na \u00e7\u0131kan ya da merak ettikleri 50 farkl\u0131 ta\u015f\u0131t\u0131 T\u00fcrk\u00e7e ve \u0130ngilizce olarak \u00f6\u011freniyorlar. Her sayfa, miniklere yeni bir ke\u015fif ve \u00f6\u011frenme heyecan\u0131 sunuyor.Dayan\u0131kl\u0131 karton yap\u0131s\u0131 sayesinde defalarca okunabilecek olan bu kitap, hem e\u011flenceli hem \u00f6\u011fretici bir oyun arkada\u015f\u0131. Renkli \u00e7izimleriyle dikkat \u00e7eken Ta\u015f\u0131tlar, \u00e7ocuklar\u0131n kelime da\u011farc\u0131\u011f\u0131n\u0131 geni\u015fletirken onlar\u0131 \u00e7evrelerindeki d\u00fcnyaya daha bilin\u00e7li bakmaya davet ediyor.Kazan\u0131mlar:Ta\u015f\u0131t \u00e7e\u015fitlerini tan\u0131yarak \u00e7evre fark\u0131ndal\u0131\u011f\u0131 geli\u015ftirmeT\u00fcrk\u00e7e\u2013\u0130ngilizce kelime bilgisini art\u0131rmaG\u00fcnl\u00fck ya\u015famda kullan\u0131lan ara\u00e7lara ilgi uyand\u0131rmaG\u00f6rsel alg\u0131 ve dikkat becerisini destekleme<\/p>\n","protected":false},"excerpt":{"rendered":"<p>Big Block BooksTa\u015f\u0131tlar (Vehicles)Ta\u015f\u0131tlar\u0131 T\u00fcrk\u00e7e\u2013\u0130ngilizce Ke\u015ffet!U\u00e7aktan trene, otob\u00fcsten bisiklete 50 ta\u015f\u0131t kavram\u0131!Ta\u015f\u0131tlar kitab\u0131, \u00e7ocuklar\u0131 hareketli bir yolculu\u011fa \u00e7\u0131kar\u0131yor! U\u00e7ak, tren, otob\u00fcs, araba ve bisiklet gibi g\u00fcndelik<span class=\"excerpt-hellip\"> [\u2026]<\/span><\/p>\n","protected":false},"featured_media":0,"template":"","meta":{"_monsterinsights_skip_tracking":false,"_monsterinsights_sitenote_active":false,"_monsterinsights_sitenote_note":"","_monsterinsights_sitenote_category":0},"product_brand":[],"product_cat":[12274,12518],"product_tag":[],"class_list":{"0":"post-779622","1":"product","2":"type-product","3":"status-publish","5":"product_cat-cocuk-ve-genclik-kitaplari","6":"product_cat-okul-oncesi-kitaplar","7":"pa_cilt-ciltli","8":"pa_tur-kitap","9":"pa_yayinevi-ucan-fil-yayinlari","10":"pa_yazar-kolektif","12":"first","13":"instock","14":"sale","15":"shipping-taxable","16":"purchasable","17":"product-type-simple"},"_links":{"self":[{"href":"https:\/\/roveyayinevi.com.tr\/index.php\/wp-json\/wp\/v2\/product\/779622","targetHints":{"allow":["GET"]}}],"collection":[{"href":"https:\/\/roveyayinevi.com.tr\/index.php\/wp-json\/wp\/v2\/product"}],"about":[{"href":"https:\/\/roveyayinevi.com.tr\/index.php\/wp-json\/wp\/v2\/types\/product"}],"wp:attachment":[{"href":"https:\/\/roveyayinevi.com.tr\/index.php\/wp-json\/wp\/v2\/media?parent=779622"}],"wp:term":[{"taxonomy":"product_brand","embeddable":true,"href":"https:\/\/roveyayinevi.com.tr\/index.php\/wp-json\/wp\/v2\/product_brand?post=779622"},{"taxonomy":"product_cat","embeddable":true,"href":"https:\/\/roveyayinevi.com.tr\/index.php\/wp-json\/wp\/v2\/product_cat?post=779622"},{"taxonomy":"product_tag","embeddable":true,"href":"https:\/\/roveyayinevi.com.tr\/index.php\/wp-json\/wp\/v2\/product_tag?post=779622"}],"curies":[{"name":"wp","href":"https:\/\/api.w.org\/{rel}","templated":true}]}}