{"id":779620,"date":"2025-12-30T12:02:40","date_gmt":"2025-12-30T09:02:40","guid":{"rendered":"https:\/\/roveyayinevi.com.tr\/index.php\/urun\/civisi-cikmis-dunyanin-sonu\/"},"modified":"2026-04-03T03:35:44","modified_gmt":"2026-04-03T00:35:44","slug":"civisi-cikmis-dunyanin-sonu","status":"publish","type":"product","link":"https:\/\/roveyayinevi.com.tr\/index.php\/urun\/civisi-cikmis-dunyanin-sonu\/","title":{"rendered":"\u00c7ivisi \u00c7\u0131km\u0131\u015f D\u00fcnyan\u0131n Sonu"},"content":{"rendered":"<p>Bir sabah d\u00fcnya uyan\u0131r ve fark eder ki art\u0131k ne petrol var, ne k\u00f6m\u00fcr, ne de elektrik&#8230; K\u0131\u015f\u0131n en sert g\u00fcnleri ya\u015fanmaktad\u0131r; keskin bir r\u00fczg\u00e2r eser, so\u011fuk ayak bileklerine kadar i\u015fler; radyat\u00f6rler suskun, yiyecekler az, geceleri ayd\u0131nlatacak \u0131\u015f\u0131k bile kalmam\u0131\u015ft\u0131r. Kentler, g\u00fcr\u00fclt\u00fcs\u00fcz ve \u0131\u015f\u0131ks\u0131z birer hayalet diyar\u0131na d\u00f6n\u00fc\u015fm\u00fc\u015ft\u00fcr ve insanlar\u0131n elinden gelen tek \u015fey birbirilerinin y\u00fcz\u00fcne \u00f6ylece bakmak olur. \u00c7ok ge\u00e7meden anlayacaklar\u0131 \u015feyse \u015fudur: Bu a\u00e7l\u0131k ve korku dolu k\u0131\u015f\u0131 atlatmak istiyorlarsa ge\u00e7mi\u015fe d\u00f6nmeleri, atalar\u0131n\u0131n bilgeli\u011fine kulak vermeleri gereklidir. \u00c7\u0131plak elleriyle i\u015f yapmay\u0131 bilen, do\u011fay\u0131 dinleyip ondan ders alanlar\u0131n bilgisine\u2026 Zorlu g\u00fcnler d\u00fcnyay\u0131 kas\u0131p kavururken en g\u00fc\u00e7s\u00fczler birer birer d\u00fc\u015fmeye ba\u015flar. Direnenlerse ate\u015f yakmay\u0131, avlanmay\u0131, \u015fifa veren otlar\u0131 tan\u0131may\u0131 \u00f6\u011frenenlerdir. Ne var ki d\u00fcnyan\u0131n kaderi insan\u0131n dikkatsiz ellerindedir h\u00e2l\u00e2&#8230; Bol \u00f6d\u00fcll\u00fc \u0130talyan yazar Corona, korkutan, \u00f6\u011freten, duyguland\u0131ran ama en \u00e7ok da yakla\u015fan gelece\u011fe dair ac\u0131mas\u0131z ve i\u00e7ten bir uyar\u0131yla nefes kesen bir anlat\u0131yla kar\u015f\u0131n\u0131zda.<\/p>\n","protected":false},"excerpt":{"rendered":"<p>Bir sabah d\u00fcnya uyan\u0131r ve fark eder ki art\u0131k ne petrol var, ne k\u00f6m\u00fcr, ne de elektrik&#8230; K\u0131\u015f\u0131n en sert g\u00fcnleri ya\u015fanmaktad\u0131r; keskin bir r\u00fczg\u00e2r eser,<span class=\"excerpt-hellip\"> [\u2026]<\/span><\/p>\n","protected":false},"featured_media":0,"template":"","meta":{"_monsterinsights_skip_tracking":false,"_monsterinsights_sitenote_active":false,"_monsterinsights_sitenote_note":"","_monsterinsights_sitenote_category":0},"product_brand":[],"product_cat":[12291,12711],"product_tag":[],"class_list":{"0":"post-779620","1":"product","2":"type-product","3":"status-publish","5":"product_cat-edebiyat","6":"product_cat-roman-oyku","7":"pa_cilt-ciltsiz","8":"pa_tur-kitap","9":"pa_yayinevi-kafka-yayinevi","10":"pa_yazar-mauro-corona","12":"first","13":"instock","14":"sale","15":"shipping-taxable","16":"purchasable","17":"product-type-simple"},"_links":{"self":[{"href":"https:\/\/roveyayinevi.com.tr\/index.php\/wp-json\/wp\/v2\/product\/779620","targetHints":{"allow":["GET"]}}],"collection":[{"href":"https:\/\/roveyayinevi.com.tr\/index.php\/wp-json\/wp\/v2\/product"}],"about":[{"href":"https:\/\/roveyayinevi.com.tr\/index.php\/wp-json\/wp\/v2\/types\/product"}],"wp:attachment":[{"href":"https:\/\/roveyayinevi.com.tr\/index.php\/wp-json\/wp\/v2\/media?parent=779620"}],"wp:term":[{"taxonomy":"product_brand","embeddable":true,"href":"https:\/\/roveyayinevi.com.tr\/index.php\/wp-json\/wp\/v2\/product_brand?post=779620"},{"taxonomy":"product_cat","embeddable":true,"href":"https:\/\/roveyayinevi.com.tr\/index.php\/wp-json\/wp\/v2\/product_cat?post=779620"},{"taxonomy":"product_tag","embeddable":true,"href":"https:\/\/roveyayinevi.com.tr\/index.php\/wp-json\/wp\/v2\/product_tag?post=779620"}],"curies":[{"name":"wp","href":"https:\/\/api.w.org\/{rel}","templated":true}]}}