{"id":779618,"date":"2025-12-30T12:02:32","date_gmt":"2025-12-30T09:02:32","guid":{"rendered":"https:\/\/roveyayinevi.com.tr\/index.php\/urun\/baloncuk-bizon-banyo-yapmak-istiyor\/"},"modified":"2026-04-15T03:44:15","modified_gmt":"2026-04-15T00:44:15","slug":"baloncuk-bizon-banyo-yapmak-istiyor","status":"publish","type":"product","link":"https:\/\/roveyayinevi.com.tr\/index.php\/urun\/baloncuk-bizon-banyo-yapmak-istiyor\/","title":{"rendered":"Baloncuk Bizon Banyo Yapmak \u0130stiyor"},"content":{"rendered":"<p>New York Times\u2019\u0131n \u00e7ok satan ill\u00fcstrat\u00f6rleri aras\u0131nda yer alan Pete Oswald\u2019un rengarenk \u00e7izimleriyle hayat bulan Baloncuk Bizon Banyo Yapmak \u0130stiyor; banyodan ka\u00e7man\u0131n ak\u0131l almaz yollar\u0131n\u0131 deneyen k\u00fc\u00e7\u00fck bir bizon hakk\u0131nda, kahkaha dolu bir hikaye!Baloncuk Bizon i\u00e7in g\u00fcn harika ba\u015flam\u0131\u015ft\u0131r: abisiyle oyunlar oynar ve okulda e\u011flenceli \u015feyler \u00f6\u011frenir. \u00dcstelik \u00e7amura d\u00fc\u015fmek bile ne\u015fesini bozmaz. Eve d\u00f6nd\u00fc\u011f\u00fcnde annesinin  banyo zaman\u0131 geldi\u011fini s\u00f6ylemesiyle i\u015fler de\u011fi\u015fir. \u0130\u015fte o anda Baloncuk Bizon, banyodan ka\u00e7mak i\u00e7in a\u00e7\u0131k pencereden d\u0131\u015far\u0131 s\u00fcz\u00fcl\u00fcr! Ne var ki oyun alan\u0131 bombo\u015ftur. Bu yaln\u0131zl\u0131k can\u0131n\u0131 s\u0131k\u0131nca \u00e7amura daha \u00e7ok bula\u015f\u0131r, sak\u0131z topaklar\u0131na yap\u0131\u015f\u0131r, \u00fcst\u00fcne ku\u015f t\u00fcyleri de eklenince g\u00f6r\u00fcn\u00fc\u015f\u00fc iyice g\u00fcl\u00fcn\u00e7 bir h\u00e2l al\u0131r. Tam da bu h\u00e2liyle asl\u0131nda bir banyoya \u00e7oktan ihtiya\u00e7 duydu\u011funu fark eder. Eve d\u00f6nd\u00fc\u011f\u00fcnde ise yeni bir kriz vard\u0131r: kasabada sular kesilmi\u015ftir! \u00d6fkesini toslama kayas\u0131ndan \u00e7\u0131karmak isteyen Baloncuk Bizon, abisi Mavi Bizon\u2019un yard\u0131m\u0131yla hem su sorununu \u00e7\u00f6zer hem de nihayet rahatlat\u0131c\u0131 banyosuna kavu\u015fur.Baloncuk Bizon Banyo Yapmak \u0130stiyor, \u00e7ocuklar\u0131n \u00e7ok iyi bildi\u011fi \u201cbanyodan ka\u00e7\u0131\u015f\u201d maceras\u0131n\u0131 oda\u011f\u0131na al\u0131rken, Baloncuk Bizon\u2019un \u00f6zg\u00fcr ruhlu ve inat\u00e7\u0131 taraf\u0131n\u0131 g\u00f6zler \u00f6n\u00fcne seriyor. E\u011flencenin pe\u015finden ko\u015farken bazen s\u0131n\u0131rlar\u0131 \u00f6ylesine zorluyor ki, i\u015fin sonunda kendini i\u00e7inden \u00e7\u0131k\u0131lmaz komik durumlara sokuyor. Ancak i\u015fbirli\u011fi yapmay\u0131 kabul etti\u011finde ve uyum sa\u011flamay\u0131 denedi\u011finde, \u00e7\u00f6z\u00fcm yolunun da kap\u0131lar\u0131 aralan\u0131yor.Bu hik\u00e2ye, \u00e7ocuklara bazen istemedikleri durumlara uyum sa\u011flamalar\u0131 gerekti\u011finde inatla\u015fmay\u0131 dengede tutman\u0131n \u00f6nemini \u00f6rnek oluyor. Ayn\u0131 zamanda hayal k\u0131r\u0131kl\u0131\u011f\u0131 gibi zor duygular\u0131n ya\u015fam\u0131n do\u011fal bir par\u00e7as\u0131 oldu\u011funu g\u00f6steriyor. \u0130\u015fbirli\u011fi ile yarat\u0131c\u0131l\u0131k aras\u0131ndaki ba\u011f\u0131 vurgularken de karde\u015f dayan\u0131\u015fmas\u0131n\u0131n en b\u00fcy\u00fck krizleri bile kahkahaya nas\u0131l d\u00f6n\u00fc\u015ft\u00fcrebilece\u011fini s\u0131cac\u0131k bir dille minik okuyucular\u0131na hat\u0131rlat\u0131yor.<\/p>\n","protected":false},"excerpt":{"rendered":"<p>New York Times\u2019\u0131n \u00e7ok satan ill\u00fcstrat\u00f6rleri aras\u0131nda yer alan Pete Oswald\u2019un rengarenk \u00e7izimleriyle hayat bulan Baloncuk Bizon Banyo Yapmak \u0130stiyor; banyodan ka\u00e7man\u0131n ak\u0131l almaz yollar\u0131n\u0131 deneyen<span class=\"excerpt-hellip\"> [\u2026]<\/span><\/p>\n","protected":false},"featured_media":0,"template":"","meta":{"_monsterinsights_skip_tracking":false,"_monsterinsights_sitenote_active":false,"_monsterinsights_sitenote_note":"","_monsterinsights_sitenote_category":0},"product_brand":[],"product_cat":[12274,12284],"product_tag":[],"class_list":{"0":"post-779618","1":"product","2":"type-product","3":"status-publish","5":"product_cat-cocuk-ve-genclik-kitaplari","6":"product_cat-hikayeler","7":"pa_cilt-ciltsiz","8":"pa_tur-kitap","9":"pa_yayinevi-okuyan-koala","10":"pa_yazar-scott-rothman","12":"first","13":"instock","14":"sale","15":"shipping-taxable","16":"purchasable","17":"product-type-simple"},"_links":{"self":[{"href":"https:\/\/roveyayinevi.com.tr\/index.php\/wp-json\/wp\/v2\/product\/779618","targetHints":{"allow":["GET"]}}],"collection":[{"href":"https:\/\/roveyayinevi.com.tr\/index.php\/wp-json\/wp\/v2\/product"}],"about":[{"href":"https:\/\/roveyayinevi.com.tr\/index.php\/wp-json\/wp\/v2\/types\/product"}],"wp:attachment":[{"href":"https:\/\/roveyayinevi.com.tr\/index.php\/wp-json\/wp\/v2\/media?parent=779618"}],"wp:term":[{"taxonomy":"product_brand","embeddable":true,"href":"https:\/\/roveyayinevi.com.tr\/index.php\/wp-json\/wp\/v2\/product_brand?post=779618"},{"taxonomy":"product_cat","embeddable":true,"href":"https:\/\/roveyayinevi.com.tr\/index.php\/wp-json\/wp\/v2\/product_cat?post=779618"},{"taxonomy":"product_tag","embeddable":true,"href":"https:\/\/roveyayinevi.com.tr\/index.php\/wp-json\/wp\/v2\/product_tag?post=779618"}],"curies":[{"name":"wp","href":"https:\/\/api.w.org\/{rel}","templated":true}]}}