{"id":779616,"date":"2025-12-30T12:02:26","date_gmt":"2025-12-30T09:02:26","guid":{"rendered":"https:\/\/roveyayinevi.com.tr\/index.php\/urun\/k-pop-sozlugu\/"},"modified":"2026-04-15T03:44:15","modified_gmt":"2026-04-15T00:44:15","slug":"k-pop-sozlugu","status":"publish","type":"product","link":"https:\/\/roveyayinevi.com.tr\/index.php\/urun\/k-pop-sozlugu\/","title":{"rendered":"K-Pop S\u00f6zl\u00fc\u011f\u00fc"},"content":{"rendered":"<p>\u201cK-Pop\u2019un gizli dilini \u00e7\u00f6z, fandomun bir par\u00e7as\u0131 ol!\u201d   K-Pop \u015fark\u0131lar\u0131nda, idol r\u00f6portajlar\u0131nda ya da K-Drama sahnelerinde kar\u015f\u0131na \u00e7\u0131kan ama bir t\u00fcrl\u00fc anlam\u0131n\u0131 \u00e7\u00f6zemedi\u011fin kelimeler var ya\u2026 \u0130\u015fte hepsinin cevab\u0131 art\u0131k burada!   K-Pop S\u00f6zl\u00fc\u011f\u00fc, Kore k\u00fclt\u00fcr\u00fcn\u00fcn en e\u011flenceli, en samimi, en \u015fa\u015f\u0131rt\u0131c\u0131 500 kelimesini ve kavram\u0131n\u0131 bir araya getiriyor.  Bu kitapla:  \u2022    \u015eark\u0131 s\u00f6zlerinde gizlenen anlamlar\u0131 ke\u015ffedeceksin.  \u2022    Fandom sohbetlerinde yabanc\u0131 hissetmeyeceksin.  \u2022    Korece \u00f6\u011frenirken i\u015fine yarayacak pratik ifadeler edineceksin.  \u2022    Dizilerde ge\u00e7en \u015fakalara, jestlere, repliklere an\u0131nda hakim olacaks\u0131n.    Sadece bir s\u00f6zl\u00fck de\u011fil; tam bir K-Pop k\u00fclt\u00fcr rehberi!  K-Pop art\u0131k sadece Kore\u2019nin de\u011fil, d\u00fcnyan\u0131n kalbinde ama bu k\u00fclt\u00fcr\u00fc anlamak i\u00e7in sadece m\u00fczik dinlemek yetmiyor; o d\u00fcnyan\u0131n dilini de bilmek gerekiyor. K-Pop S\u00f6zl\u00fc\u011f\u00fc, seni fandomun i\u00e7ine dahil ediyor; hem e\u011flenerek \u00f6\u011frenece\u011fin hem de arkada\u015f ortam\u0131nda \u201cger\u00e7ek bir fan\u201d gibi konu\u015fabilece\u011fin bir kaynak sunuyor.  K-Pop S\u00f6zl\u00fc\u011f\u00fc ile Kore k\u00fclt\u00fcr\u00fcn\u00fcn b\u00fcy\u00fcleyici d\u00fcnyas\u0131na daha yak\u0131ndan bakma zaman\u0131!    \u201cK-Pop S\u00f6zl\u00fc\u011f\u00fc, K-Pop ve Kore dizilerinde s\u0131k\u00e7a kullan\u0131lan kelimeler ve atas\u00f6zlerinin e\u011flenceli bir kar\u0131\u015f\u0131m\u0131. S\u00fcrekli de\u011fi\u015fen Kore e\u011flence d\u00fcnyas\u0131na odaklanan bir YouTube ki\u015fili\u011fi olarak, bu kitab\u0131n Kore dizileri ve K-Pop\u2019u daha iyi anlamak isteyen herkes i\u00e7in son derece yararl\u0131 bir kaynak oldu\u011funu d\u00fc\u015f\u00fcn\u00fcyorum.\u201d  \u2015Stephanie Ishler, Hallyu Back     \u201cK-Pop S\u00f6zl\u00fc\u011f\u00fc, Kore k\u00fclt\u00fcr\u00fcn\u00fcn kutsal kitab\u0131 olacak.\u201d   \u2015Seunghyun Shin, Funtastic Korea    \u201cTemel kavramlar ile modern Korelilerin psikolojisine bir bak\u0131\u015f.\u201d  \u2015\u674e\u5b87\u9f99, SM Entertainment<\/p>\n","protected":false},"excerpt":{"rendered":"<p>\u201cK-Pop\u2019un gizli dilini \u00e7\u00f6z, fandomun bir par\u00e7as\u0131 ol!\u201d K-Pop \u015fark\u0131lar\u0131nda, idol r\u00f6portajlar\u0131nda ya da K-Drama sahnelerinde kar\u015f\u0131na \u00e7\u0131kan ama bir t\u00fcrl\u00fc anlam\u0131n\u0131 \u00e7\u00f6zemedi\u011fin kelimeler var ya\u2026<span class=\"excerpt-hellip\"> [\u2026]<\/span><\/p>\n","protected":false},"featured_media":0,"template":"","meta":{"_monsterinsights_skip_tracking":false,"_monsterinsights_sitenote_active":false,"_monsterinsights_sitenote_note":"","_monsterinsights_sitenote_category":0},"product_brand":[],"product_cat":[13489,13488],"product_tag":[],"class_list":{"0":"post-779616","1":"product","2":"type-product","3":"status-publish","5":"product_cat-populer-kultur","6":"product_cat-toplum-ve-insan","7":"pa_cilt-ciltsiz","8":"pa_tur-kitap","9":"pa_yayinevi-okuyan-us-yayin","10":"pa_yazar-woosung-kang","12":"first","13":"instock","14":"sale","15":"shipping-taxable","16":"purchasable","17":"product-type-simple"},"_links":{"self":[{"href":"https:\/\/roveyayinevi.com.tr\/index.php\/wp-json\/wp\/v2\/product\/779616","targetHints":{"allow":["GET"]}}],"collection":[{"href":"https:\/\/roveyayinevi.com.tr\/index.php\/wp-json\/wp\/v2\/product"}],"about":[{"href":"https:\/\/roveyayinevi.com.tr\/index.php\/wp-json\/wp\/v2\/types\/product"}],"wp:attachment":[{"href":"https:\/\/roveyayinevi.com.tr\/index.php\/wp-json\/wp\/v2\/media?parent=779616"}],"wp:term":[{"taxonomy":"product_brand","embeddable":true,"href":"https:\/\/roveyayinevi.com.tr\/index.php\/wp-json\/wp\/v2\/product_brand?post=779616"},{"taxonomy":"product_cat","embeddable":true,"href":"https:\/\/roveyayinevi.com.tr\/index.php\/wp-json\/wp\/v2\/product_cat?post=779616"},{"taxonomy":"product_tag","embeddable":true,"href":"https:\/\/roveyayinevi.com.tr\/index.php\/wp-json\/wp\/v2\/product_tag?post=779616"}],"curies":[{"name":"wp","href":"https:\/\/api.w.org\/{rel}","templated":true}]}}