{"id":779615,"date":"2025-12-30T12:02:24","date_gmt":"2025-12-30T09:02:24","guid":{"rendered":"https:\/\/roveyayinevi.com.tr\/index.php\/urun\/duygular-uzerinden-insanlik-tarihi\/"},"modified":"2026-04-15T03:44:15","modified_gmt":"2026-04-15T00:44:15","slug":"duygular-uzerinden-insanlik-tarihi","status":"publish","type":"product","link":"https:\/\/roveyayinevi.com.tr\/index.php\/urun\/duygular-uzerinden-insanlik-tarihi\/","title":{"rendered":"Duygular \u00dczerinden \u0130nsanl\u0131k Tarihi"},"content":{"rendered":"<p>Hissetme \u015eeklimiz Bildi\u011fimiz D\u00fcnyay\u0131 Nas\u0131l \u0130n\u015fa Etti? \u201c\u0130nsan duygular\u0131n\u0131n ilkel g\u00fc\u00e7leri, n\u00fckleer f\u00fczyondan daha tehlikeli ve daha y\u0131k\u0131c\u0131d\u0131r. \u00c7a\u011f\u0131m\u0131z\u0131n temel bilimsel sorununun duygu sorunu oldu\u011fundan kimin \u015f\u00fcphesi olabilir ki?\u201d    Howard S. Liddell Biz insanlar kendimizi rasyonel varl\u0131klar olarak g\u00f6rmeyi severiz. Hayatta kalmak i\u00e7in ak\u0131l y\u00fcr\u00fctmeyi ve mant\u0131\u011f\u0131 kulland\u0131\u011f\u0131m\u0131z\u0131 d\u00fc\u015f\u00fcn\u00fcr\u00fcz. Ancak insanl\u0131k tarihinin en \u00f6nemli anlar\u0131n\u0131n \u00e7o\u011fu, so\u011fuk ve kat\u0131 ger\u00e7eklerden \u00e7ok duygularla \u015fekillendi. Mant\u0131k ve ak\u0131l, insanl\u0131\u011f\u0131n temel ta\u015flar\u0131 gibi g\u00f6r\u00fcnse de, tarih boyunca en b\u00fcy\u00fck d\u00f6n\u00fc\u015f\u00fcmlerin ard\u0131nda hep duygular\u0131m\u0131z vard\u0131. Korku, imparatorluklar\u0131 y\u0131kt\u0131; a\u015fk, devrimleri ate\u015fledi; \u00f6fke, sava\u015flar ba\u015flatt\u0131. Felsefenin do\u011fu\u015fundan b\u00fcy\u00fck dinlerin ortaya \u00e7\u0131k\u0131\u015f\u0131na, Roma\u2019n\u0131n \u00e7\u00f6k\u00fc\u015f\u00fcnden Bilim Devrimi\u2019ne ve insanl\u0131\u011f\u0131n g\u00f6rd\u00fc\u011f\u00fc en kanl\u0131 sava\u015flara kadar bir\u00e7ok olay\u0131 ger\u00e7ekten anlayabilmek i\u00e7in duygular\u0131n rol\u00fcn\u00fc kavramak \u00f6nemli. Psikoloji, sinirbilim, felsefe, sanat ve din tarihinden yararlanan Richard Firth-Godbehere, okurlar\u0131 d\u00fcnya \u00e7ap\u0131nda ve tarihin derinliklerinde b\u00fcy\u00fcleyici bir yolculu\u011fa \u00e7\u0131kar\u0131yor. Antik Yunan\u2019dan Japonya\u2019ya, Osmanl\u0131 \u0130mparatorlu\u011fu\u2019ndan Amerika\u2019ya kadar uzanan bu anlat\u0131, duygular\u0131n toplumlar\u0131 nas\u0131l \u015fekillendirdi\u011fini g\u00f6zler \u00f6n\u00fcne seriyor.<\/p>\n","protected":false},"excerpt":{"rendered":"<p>Hissetme \u015eeklimiz Bildi\u011fimiz D\u00fcnyay\u0131 Nas\u0131l \u0130n\u015fa Etti? \u201c\u0130nsan duygular\u0131n\u0131n ilkel g\u00fc\u00e7leri, n\u00fckleer f\u00fczyondan daha tehlikeli ve daha y\u0131k\u0131c\u0131d\u0131r. \u00c7a\u011f\u0131m\u0131z\u0131n temel bilimsel sorununun duygu sorunu oldu\u011fundan kimin<span class=\"excerpt-hellip\"> [\u2026]<\/span><\/p>\n","protected":false},"featured_media":0,"template":"","meta":{"_monsterinsights_skip_tracking":false,"_monsterinsights_sitenote_active":false,"_monsterinsights_sitenote_note":"","_monsterinsights_sitenote_category":0},"product_brand":[],"product_cat":[15499,13488],"product_tag":[],"class_list":{"0":"post-779615","1":"product","2":"type-product","3":"status-publish","5":"product_cat-antropoloji","6":"product_cat-toplum-ve-insan","7":"pa_cilt-ciltsiz","8":"pa_tur-kitap","9":"pa_yayinevi-diplomat","10":"pa_yazar-richard-firth-godbehere","12":"first","13":"instock","14":"sale","15":"shipping-taxable","16":"purchasable","17":"product-type-simple"},"_links":{"self":[{"href":"https:\/\/roveyayinevi.com.tr\/index.php\/wp-json\/wp\/v2\/product\/779615","targetHints":{"allow":["GET"]}}],"collection":[{"href":"https:\/\/roveyayinevi.com.tr\/index.php\/wp-json\/wp\/v2\/product"}],"about":[{"href":"https:\/\/roveyayinevi.com.tr\/index.php\/wp-json\/wp\/v2\/types\/product"}],"wp:attachment":[{"href":"https:\/\/roveyayinevi.com.tr\/index.php\/wp-json\/wp\/v2\/media?parent=779615"}],"wp:term":[{"taxonomy":"product_brand","embeddable":true,"href":"https:\/\/roveyayinevi.com.tr\/index.php\/wp-json\/wp\/v2\/product_brand?post=779615"},{"taxonomy":"product_cat","embeddable":true,"href":"https:\/\/roveyayinevi.com.tr\/index.php\/wp-json\/wp\/v2\/product_cat?post=779615"},{"taxonomy":"product_tag","embeddable":true,"href":"https:\/\/roveyayinevi.com.tr\/index.php\/wp-json\/wp\/v2\/product_tag?post=779615"}],"curies":[{"name":"wp","href":"https:\/\/api.w.org\/{rel}","templated":true}]}}