{"id":779614,"date":"2025-12-30T12:02:22","date_gmt":"2025-12-30T09:02:22","guid":{"rendered":"https:\/\/roveyayinevi.com.tr\/index.php\/urun\/deger-yatirimi\/"},"modified":"2026-04-15T03:44:15","modified_gmt":"2026-04-15T00:44:15","slug":"deger-yatirimi","status":"publish","type":"product","link":"https:\/\/roveyayinevi.com.tr\/index.php\/urun\/deger-yatirimi\/","title":{"rendered":"De\u011fer Yat\u0131r\u0131m\u0131"},"content":{"rendered":"<p>\u201cBu kitap, her yat\u0131r\u0131mc\u0131n\u0131n kitapl\u0131\u011f\u0131nda yer almay\u0131 hak ediyor.\u201d -Financial TimesWall Street\u2019in ustalar\u0131n\u0131n ustas\u0131ndan: De\u011fer yat\u0131r\u0131m\u0131n\u0131n temel teknikleri ve uygulamalar\u0131Finans d\u00fcnyas\u0131nda kal\u0131c\u0131 ba\u015far\u0131ya ula\u015fmak, yaln\u0131zca piyasan\u0131n dalgalanmalar\u0131na kap\u0131lmakla de\u011fil; sab\u0131r, disiplin ve tabii ki do\u011fru stratejiyle m\u00fcmk\u00fcn. Bu kitap, yat\u0131r\u0131m d\u00fcnyas\u0131n\u0131n efsaneleri Benjamin Graham ve Warren Buffett\u2019\u0131n miras\u0131n\u0131 g\u00fcn\u00fcm\u00fcz\u00fcn karma\u015f\u0131k piyasalar\u0131na nas\u0131l uyarlayabilece\u011finizi yat\u0131r\u0131mc\u0131lar\u0131n deneyimlerinden yola \u00e7\u0131karak a\u00e7\u0131kl\u0131yor.Yaln\u0131zca teorik bilgiyle de\u011fil, pratik uygulamalarla da varl\u0131klar\u0131n ve \u015firketlerin nas\u0131l de\u011ferlenece\u011fini, riskin nas\u0131l y\u00f6netilece\u011fini ve uzun vadede s\u00fcrd\u00fcr\u00fclebilir kazanc\u0131n nas\u0131l in\u015fa edilebilece\u011fini ad\u0131m ad\u0131m \u00f6\u011frenece\u011finiz bir yolculu\u011fa \u00e7\u0131kacaks\u0131n\u0131z.Somut vaka analizleriyle De\u011fer Yat\u0131r\u0131m\u0131, ister bireysel yat\u0131r\u0131mc\u0131 olun ister profesyonel bir fon y\u00f6neticisi, size piyasan\u0131n g\u00fcr\u00fclt\u00fcs\u00fcnden uzakla\u015farak kal\u0131c\u0131 de\u011ferler yaratman\u0131n yol haritas\u0131n\u0131 sunuyor.<\/p>\n","protected":false},"excerpt":{"rendered":"<p>\u201cBu kitap, her yat\u0131r\u0131mc\u0131n\u0131n kitapl\u0131\u011f\u0131nda yer almay\u0131 hak ediyor.\u201d -Financial TimesWall Street\u2019in ustalar\u0131n\u0131n ustas\u0131ndan: De\u011fer yat\u0131r\u0131m\u0131n\u0131n temel teknikleri ve uygulamalar\u0131Finans d\u00fcnyas\u0131nda kal\u0131c\u0131 ba\u015far\u0131ya ula\u015fmak, yaln\u0131zca piyasan\u0131n<span class=\"excerpt-hellip\"> [\u2026]<\/span><\/p>\n","protected":false},"featured_media":0,"template":"","meta":{"_monsterinsights_skip_tracking":false,"_monsterinsights_sitenote_active":false,"_monsterinsights_sitenote_note":"","_monsterinsights_sitenote_category":0},"product_brand":[],"product_cat":[17249,13043],"product_tag":[],"class_list":{"0":"post-779614","1":"product","2":"type-product","3":"status-publish","5":"product_cat-borsa-finans","6":"product_cat-ekonomi","7":"pa_cilt-ciltsiz","8":"pa_tur-kitap","9":"pa_yayinevi-barometre","10":"pa_yazar-bruce-c-greenwald-judd-kahn-erin-bellissimo","12":"first","13":"instock","14":"sale","15":"shipping-taxable","16":"purchasable","17":"product-type-simple"},"_links":{"self":[{"href":"https:\/\/roveyayinevi.com.tr\/index.php\/wp-json\/wp\/v2\/product\/779614","targetHints":{"allow":["GET"]}}],"collection":[{"href":"https:\/\/roveyayinevi.com.tr\/index.php\/wp-json\/wp\/v2\/product"}],"about":[{"href":"https:\/\/roveyayinevi.com.tr\/index.php\/wp-json\/wp\/v2\/types\/product"}],"wp:attachment":[{"href":"https:\/\/roveyayinevi.com.tr\/index.php\/wp-json\/wp\/v2\/media?parent=779614"}],"wp:term":[{"taxonomy":"product_brand","embeddable":true,"href":"https:\/\/roveyayinevi.com.tr\/index.php\/wp-json\/wp\/v2\/product_brand?post=779614"},{"taxonomy":"product_cat","embeddable":true,"href":"https:\/\/roveyayinevi.com.tr\/index.php\/wp-json\/wp\/v2\/product_cat?post=779614"},{"taxonomy":"product_tag","embeddable":true,"href":"https:\/\/roveyayinevi.com.tr\/index.php\/wp-json\/wp\/v2\/product_tag?post=779614"}],"curies":[{"name":"wp","href":"https:\/\/api.w.org\/{rel}","templated":true}]}}