{"id":779613,"date":"2025-12-30T12:02:19","date_gmt":"2025-12-30T09:02:19","guid":{"rendered":"https:\/\/roveyayinevi.com.tr\/index.php\/urun\/ailemin-ortadan-kayboldugu-gun\/"},"modified":"2026-04-15T03:44:15","modified_gmt":"2026-04-15T00:44:15","slug":"ailemin-ortadan-kayboldugu-gun","status":"publish","type":"product","link":"https:\/\/roveyayinevi.com.tr\/index.php\/urun\/ailemin-ortadan-kayboldugu-gun\/","title":{"rendered":"Ailemin Ortadan Kayboldu\u011fu G\u00fcn"},"content":{"rendered":"<p>Ya ailemin ortadan kaybolmas\u0131na ben sebep olduysam? Bob art\u0131k b\u0131km\u0131\u015ft\u0131. Karde\u015flerin sonuncusu ve en k\u00fc\u00e7\u00fckleriydi, ailedeki herkesin aksine hi\u00e7bir belirgin yetene\u011fi ya da becerisi yoktu. \u00dcstelik karde\u015fleri bunu s\u00fcrekli dile getirip ona sata\u015f\u0131yorlard\u0131. Bob normal bir \u00e7ocuk olmaktan b\u0131kt\u0131\u011f\u0131 bir g\u00fcn ailesindeki herkesin gitmesini diledi. Ertesi g\u00fcn uyand\u0131\u011f\u0131ndaysa ev bo\u015ftu! Peki herkes nereye kaybolmu\u015ftu? Kitaplar\u0131 \u00e7ok sevilen Jo Simmons\u2019tan cesaret, kararl\u0131l\u0131k ve sevgi \u00fczerine ne\u015feli bir hik\u00e2ye&#8230; <\/p>\n","protected":false},"excerpt":{"rendered":"<p>Ya ailemin ortadan kaybolmas\u0131na ben sebep olduysam? Bob art\u0131k b\u0131km\u0131\u015ft\u0131. Karde\u015flerin sonuncusu ve en k\u00fc\u00e7\u00fckleriydi, ailedeki herkesin aksine hi\u00e7bir belirgin yetene\u011fi ya da becerisi yoktu. \u00dcstelik<span class=\"excerpt-hellip\"> [\u2026]<\/span><\/p>\n","protected":false},"featured_media":0,"template":"","meta":{"_monsterinsights_skip_tracking":false,"_monsterinsights_sitenote_active":false,"_monsterinsights_sitenote_note":"","_monsterinsights_sitenote_category":0},"product_brand":[],"product_cat":[12274,12518],"product_tag":[],"class_list":{"0":"post-779613","1":"product","2":"type-product","3":"status-publish","5":"product_cat-cocuk-ve-genclik-kitaplari","6":"product_cat-okul-oncesi-kitaplar","7":"pa_cilt-ciltsiz","8":"pa_tur-kitap","9":"pa_yayinevi-yapi-kredi-yayinlari","10":"pa_yazar-jo-simmons","12":"first","13":"instock","14":"sale","15":"shipping-taxable","16":"purchasable","17":"product-type-simple"},"_links":{"self":[{"href":"https:\/\/roveyayinevi.com.tr\/index.php\/wp-json\/wp\/v2\/product\/779613","targetHints":{"allow":["GET"]}}],"collection":[{"href":"https:\/\/roveyayinevi.com.tr\/index.php\/wp-json\/wp\/v2\/product"}],"about":[{"href":"https:\/\/roveyayinevi.com.tr\/index.php\/wp-json\/wp\/v2\/types\/product"}],"wp:attachment":[{"href":"https:\/\/roveyayinevi.com.tr\/index.php\/wp-json\/wp\/v2\/media?parent=779613"}],"wp:term":[{"taxonomy":"product_brand","embeddable":true,"href":"https:\/\/roveyayinevi.com.tr\/index.php\/wp-json\/wp\/v2\/product_brand?post=779613"},{"taxonomy":"product_cat","embeddable":true,"href":"https:\/\/roveyayinevi.com.tr\/index.php\/wp-json\/wp\/v2\/product_cat?post=779613"},{"taxonomy":"product_tag","embeddable":true,"href":"https:\/\/roveyayinevi.com.tr\/index.php\/wp-json\/wp\/v2\/product_tag?post=779613"}],"curies":[{"name":"wp","href":"https:\/\/api.w.org\/{rel}","templated":true}]}}