{"id":779611,"date":"2025-12-30T12:02:14","date_gmt":"2025-12-30T09:02:14","guid":{"rendered":"https:\/\/roveyayinevi.com.tr\/index.php\/urun\/ertelenen-ozgurlukler-ortadoguda-islam-hukukunun-politik-mirasi\/"},"modified":"2026-04-15T03:44:15","modified_gmt":"2026-04-15T00:44:15","slug":"ertelenen-ozgurlukler-ortadoguda-islam-hukukunun-politik-mirasi","status":"publish","type":"product","link":"https:\/\/roveyayinevi.com.tr\/index.php\/urun\/ertelenen-ozgurlukler-ortadoguda-islam-hukukunun-politik-mirasi\/","title":{"rendered":"Ertelenen \u00d6zg\u00fcrl\u00fckler Ortado\u011fu\u2019da \u0130slam Hukukunun Politik Miras\u0131"},"content":{"rendered":"<p>D\u00fcnyan\u0131n ve tarihin en \u00e7etrefilli b\u00f6lgelerinden biri: Ortado\u011fu. B\u00f6lgenin \u00f6zg\u00fcrle\u015fmesine en b\u00fcy\u00fck engelin \u0130slam oldu\u011funu savunanlar kadar, \u0130slam hukuku b\u00f6lge genelinde y\u00fcr\u00fcrl\u00fckten kalkm\u0131\u015f oldu\u011fu i\u00e7in dinin art\u0131k politik \u00f6r\u00fcnt\u00fcleri bi\u00e7imlendiren g\u00fc\u00e7l\u00fc bir etken olamayaca\u011f\u0131n\u0131 savunanlar da mevcut.   Timur Kuran Ertelenen \u00d6zg\u00fcrl\u00fckler\u2019de Ortado\u011fu\u2019nun bin y\u0131l\u0131 a\u015fk\u0131n bir s\u00fcre \u0130slam hukukuna g\u00f6re y\u00f6netilmesinin kal\u0131c\u0131 politik etkilerini ara\u015ft\u0131r\u0131yor. Yazara g\u00f6re, \u0130slam hukukuna dayanan kimi tarihsel \u00f6r\u00fcnt\u00fcler \u00f6zg\u00fcrl\u00fcklerin geni\u015fletilmesini zorla\u015ft\u0131rmakta. Ortado\u011fu\u2019da sivil toplumun s\u00fcregelen zay\u0131fl\u0131\u011f\u0131, \u0130slami vak\u0131f kurumunun politik kat\u0131l\u0131ma ket vurmas\u0131yla yak\u0131ndan ili\u015fkili. Her ne kadar \u0130slam\u2019\u0131n temel kaynaklar\u0131 dinden \u00e7\u0131kma ve din\u00ee sapk\u0131nl\u0131k gibi konularda yoruma a\u00e7\u0131ksa da, toleranss\u0131z ve bask\u0131c\u0131 yakla\u015f\u0131mlar\u0131n egemen olmas\u0131 \u00f6zg\u00fcrl\u00fckleri erteleyen ana nedenler aras\u0131nda. Modern ekonominin kurumsal modellerini, devlet d\u0131\u015f\u0131 ekonomik sekt\u00f6rler yerine devletin, ancak 19. y\u00fczy\u0131ldan ba\u015flayarak \u00fcretmesi ve buna ba\u011fl\u0131 olarak politik denge-denetim mekanizmalar\u0131n\u0131n kurumsalla\u015famamas\u0131, modernle\u015fme \u00f6ncesindeki ticari ve finansal kurumlar\u0131n dayand\u0131\u011f\u0131 hukuksal miras\u0131n sonucu. Bunlara kar\u015f\u0131n, \u0130slam\u2019\u0131n zengin ge\u00e7mi\u015fi, pek \u00e7ok alanda liberalle\u015fmenin tohumlar\u0131n\u0131 b\u00fcnyesinde bar\u0131nd\u0131rmakta. \u00dcstelik liberal bir d\u00fczenin gerektirdi\u011fi belirli \u00f6nko\u015fullar da \u00e7oktan olu\u015fmu\u015f durumda. Ancak yine de Ortado\u011fu co\u011frafyas\u0131 ve halklar\u0131n\u0131n gelece\u011fine ili\u015fkin tozpembe hayaller kurmak g\u00fc\u00e7.   Ertelenen \u00d6zg\u00fcrl\u00fckler Timur Kuran\u2019\u0131n ayn\u0131 co\u011frafyada \u0130slam hukukunun uzun erimli ekonomik etkilerini sorgulad\u0131\u011f\u0131 Yollar Ayr\u0131l\u0131rken kitab\u0131n\u0131 bir anlamda tamamlarken Ortado\u011fu\u2019da kurumsal d\u00f6n\u00fc\u015f\u00fcm\u00fc s\u0131n\u0131rlayan engellerle birlikte de\u011fi\u015fim olanaklar\u0131n\u0131 da g\u00f6zler \u00f6n\u00fcne seriyor.   <\/p>\n","protected":false},"excerpt":{"rendered":"<p>D\u00fcnyan\u0131n ve tarihin en \u00e7etrefilli b\u00f6lgelerinden biri: Ortado\u011fu. B\u00f6lgenin \u00f6zg\u00fcrle\u015fmesine en b\u00fcy\u00fck engelin \u0130slam oldu\u011funu savunanlar kadar, \u0130slam hukuku b\u00f6lge genelinde y\u00fcr\u00fcrl\u00fckten kalkm\u0131\u015f oldu\u011fu i\u00e7in dinin<span class=\"excerpt-hellip\"> [\u2026]<\/span><\/p>\n","protected":false},"featured_media":0,"template":"","meta":{"_monsterinsights_skip_tracking":false,"_monsterinsights_sitenote_active":false,"_monsterinsights_sitenote_note":"","_monsterinsights_sitenote_category":0},"product_brand":[],"product_cat":[12304],"product_tag":[],"class_list":{"0":"post-779611","1":"product","2":"type-product","3":"status-publish","5":"product_cat-tarih","6":"pa_cilt-ciltsiz","7":"pa_tur-kitap","8":"pa_yayinevi-yapi-kredi-yayinlari","9":"pa_yazar-timur-kuran","11":"first","12":"instock","13":"sale","14":"shipping-taxable","15":"purchasable","16":"product-type-simple"},"_links":{"self":[{"href":"https:\/\/roveyayinevi.com.tr\/index.php\/wp-json\/wp\/v2\/product\/779611","targetHints":{"allow":["GET"]}}],"collection":[{"href":"https:\/\/roveyayinevi.com.tr\/index.php\/wp-json\/wp\/v2\/product"}],"about":[{"href":"https:\/\/roveyayinevi.com.tr\/index.php\/wp-json\/wp\/v2\/types\/product"}],"wp:attachment":[{"href":"https:\/\/roveyayinevi.com.tr\/index.php\/wp-json\/wp\/v2\/media?parent=779611"}],"wp:term":[{"taxonomy":"product_brand","embeddable":true,"href":"https:\/\/roveyayinevi.com.tr\/index.php\/wp-json\/wp\/v2\/product_brand?post=779611"},{"taxonomy":"product_cat","embeddable":true,"href":"https:\/\/roveyayinevi.com.tr\/index.php\/wp-json\/wp\/v2\/product_cat?post=779611"},{"taxonomy":"product_tag","embeddable":true,"href":"https:\/\/roveyayinevi.com.tr\/index.php\/wp-json\/wp\/v2\/product_tag?post=779611"}],"curies":[{"name":"wp","href":"https:\/\/api.w.org\/{rel}","templated":true}]}}