{"id":779610,"date":"2025-12-30T12:02:12","date_gmt":"2025-12-30T09:02:12","guid":{"rendered":"https:\/\/roveyayinevi.com.tr\/index.php\/urun\/insanin-tureyisi-4\/"},"modified":"2026-04-15T03:44:15","modified_gmt":"2026-04-15T00:44:15","slug":"insanin-tureyisi-4","status":"publish","type":"product","link":"https:\/\/roveyayinevi.com.tr\/index.php\/urun\/insanin-tureyisi-4\/","title":{"rendered":"\u0130nsan\u0131n T\u00fcreyi\u015fi"},"content":{"rendered":"<p>\u0130lk kez 1871 y\u0131l\u0131nda yay\u0131mlanan \u0130nsan\u0131n T\u00fcreyi\u015fi, insan\u0131n evrimsel s\u00fcre\u00e7 i\u00e7indeki geli\u015fimini anla\u015f\u0131l\u0131r bir dille aktar\u0131yor. Darwin T\u00fcrlerin K\u00f6keni\u2019nde evrim kuram\u0131n\u0131n do\u011fa genelindeki i\u015fleyi\u015fini a\u00e7\u0131klarken \u0130nsan\u0131n T\u00fcreyi\u015fi bu kuram\u0131 do\u011frudan insana ve insan\u0131n ahlaki, zihinsel, toplumsal k\u00f6kenine uygular. Kitapta sadece biyolojik bir a\u00e7\u0131dan de\u011fil, insan\u0131n do\u011fadaki yerini yeniden tan\u0131mlayan b\u00fct\u00fcnc\u00fcl bir tablo \u00e7izen Darwin, do\u011fal se\u00e7ilim ve adaptasyon gibi temel mekanizmalar\u0131 ele alarak, insan\u0131n bug\u00fcn bulundu\u011fu noktaya nas\u0131l geldi\u011fini bilimsel bir bak\u0131\u015fla ortaya koyuyor. Darwin\u2019in g\u00f6zlemleri ve d\u00fc\u015f\u00fcnceleri, insan\u0131n do\u011fayla ve di\u011fer canl\u0131larla kurdu\u011fu ili\u015fkileri anlamam\u0131za yard\u0131mc\u0131 oluyor.   \u0130nsan\u0131n T\u00fcreyi\u015fi insan\u0131n k\u00f6keni ve evrimsel ge\u00e7mi\u015fi hakk\u0131nda merak uyand\u0131ran, evrimin temel ilkelerini ve ya\u015fam\u0131n \u00e7e\u015fitlili\u011fini g\u00f6zler \u00f6n\u00fcne seren bir rehber niteli\u011finde. <\/p>\n","protected":false},"excerpt":{"rendered":"<p>\u0130lk kez 1871 y\u0131l\u0131nda yay\u0131mlanan \u0130nsan\u0131n T\u00fcreyi\u015fi, insan\u0131n evrimsel s\u00fcre\u00e7 i\u00e7indeki geli\u015fimini anla\u015f\u0131l\u0131r bir dille aktar\u0131yor. Darwin T\u00fcrlerin K\u00f6keni\u2019nde evrim kuram\u0131n\u0131n do\u011fa genelindeki i\u015fleyi\u015fini a\u00e7\u0131klarken \u0130nsan\u0131n<span class=\"excerpt-hellip\"> [\u2026]<\/span><\/p>\n","protected":false},"featured_media":0,"template":"","meta":{"_monsterinsights_skip_tracking":false,"_monsterinsights_sitenote_active":false,"_monsterinsights_sitenote_note":"","_monsterinsights_sitenote_category":0},"product_brand":[],"product_cat":[13005],"product_tag":[],"class_list":{"0":"post-779610","1":"product","2":"type-product","3":"status-publish","5":"product_cat-bilim-muhendislik","6":"pa_cilt-ciltsiz","7":"pa_tur-kitap","8":"pa_yayinevi-yapi-kredi-yayinlari","9":"pa_yazar-charles-darwin","11":"first","12":"instock","13":"sale","14":"shipping-taxable","15":"purchasable","16":"product-type-simple"},"_links":{"self":[{"href":"https:\/\/roveyayinevi.com.tr\/index.php\/wp-json\/wp\/v2\/product\/779610","targetHints":{"allow":["GET"]}}],"collection":[{"href":"https:\/\/roveyayinevi.com.tr\/index.php\/wp-json\/wp\/v2\/product"}],"about":[{"href":"https:\/\/roveyayinevi.com.tr\/index.php\/wp-json\/wp\/v2\/types\/product"}],"wp:attachment":[{"href":"https:\/\/roveyayinevi.com.tr\/index.php\/wp-json\/wp\/v2\/media?parent=779610"}],"wp:term":[{"taxonomy":"product_brand","embeddable":true,"href":"https:\/\/roveyayinevi.com.tr\/index.php\/wp-json\/wp\/v2\/product_brand?post=779610"},{"taxonomy":"product_cat","embeddable":true,"href":"https:\/\/roveyayinevi.com.tr\/index.php\/wp-json\/wp\/v2\/product_cat?post=779610"},{"taxonomy":"product_tag","embeddable":true,"href":"https:\/\/roveyayinevi.com.tr\/index.php\/wp-json\/wp\/v2\/product_tag?post=779610"}],"curies":[{"name":"wp","href":"https:\/\/api.w.org\/{rel}","templated":true}]}}