{"id":779607,"date":"2025-12-30T12:02:01","date_gmt":"2025-12-30T09:02:01","guid":{"rendered":"https:\/\/roveyayinevi.com.tr\/index.php\/urun\/sonsuz-yolculuk\/"},"modified":"2026-04-15T03:44:15","modified_gmt":"2026-04-15T00:44:15","slug":"sonsuz-yolculuk","status":"publish","type":"product","link":"https:\/\/roveyayinevi.com.tr\/index.php\/urun\/sonsuz-yolculuk\/","title":{"rendered":"Sonsuz Yolculuk"},"content":{"rendered":"<p>Ya\u015famak g\u00fcn\u00fcm\u00fczde her zamankinden daha fazla yolculuk yapmak anlam\u0131na geliyor. Sonsuz Yolculuk \u0130talyan edebiyat\u0131n\u0131n \u00f6zg\u00fcn isimlerinden Claudio Magris\u2019in seyahat yaz\u0131lar\u0131ndan bir se\u00e7ki. Magris\u2019in bu yaz\u0131lar\u0131, s\u0131rt\u0131n\u0131 deneme t\u00fcr\u00fcne yaslamas\u0131yla al\u0131\u015f\u0131ld\u0131k gezi yaz\u0131lar\u0131ndan elbette farkl\u0131. Tak\u0131nt\u0131l\u0131 oldu\u011fu \u2013ulusal, kimliksel, co\u011frafi\u2013 s\u0131n\u0131rlar\u0131n oynakl\u0131\u011f\u0131 olgusunu ve Tarih\u2019in, \u00f6zellikle de Do\u011fu Avrupa tarihinin ilgin\u00e7 olaylar\u0131n\u0131, tuhaf karakterlerini kay\u0131t alt\u0131na almaya dair arzusunu besleyen yaz\u0131lar bunlar. K\u0131sacas\u0131, totaliter rejimlerin, do\u011fal felaketlerin, sava\u015flar\u0131n insanl\u0131k tarihinde a\u00e7t\u0131\u011f\u0131 \u00e7ukurlar\u0131 dolduran Magris\u2019in kaleminden notlar ve uzun t\u00fcmceler&#8230; \u00d6ns\u00f6z bir \u00e7e\u015fit valizdir, ki\u015fisel bak\u0131m \u00e7antas\u0131 gibidir, yolculu\u011fun bir par\u00e7as\u0131d\u0131r; ba\u015flang\u0131\u00e7ta, vazge\u00e7ilmez oldu\u011fu \u00f6ng\u00f6r\u00fclen birka\u00e7 \u015fey konur i\u00e7ine ama daima temel bir \u015feyler unutulur; yolculuk s\u0131ras\u0131nda, eve g\u00f6t\u00fcrmek istenenler toplan\u0131r; d\u00f6n\u00fc\u015fte, valiz a\u00e7\u0131ld\u0131\u011f\u0131nda en m\u00fchim g\u00f6r\u00fcnen \u015feyler bulunamazken, i\u00e7ine kondu\u011fu hat\u0131rlanmayan nesneler \u00e7\u0131kar ortaya. Yazarken de ayn\u0131 \u015fey olur; gezerken, ya\u015farken \u00e7ok \u00f6nemli g\u00f6r\u00fcnen bir \u015fey yok olur, k\u00e2\u011f\u0131t \u00fczerinde yoktur art\u0131k, h\u00e2lbuki hayatta, hayat yolculu\u011funda yeni fark edilen bir \u015fey, buyurgan bir halde \u015fekillenir ve kendini \u00f6nemli bir \u015feymi\u015f gibi dayat\u0131r. <\/p>\n","protected":false},"excerpt":{"rendered":"<p>Ya\u015famak g\u00fcn\u00fcm\u00fczde her zamankinden daha fazla yolculuk yapmak anlam\u0131na geliyor. Sonsuz Yolculuk \u0130talyan edebiyat\u0131n\u0131n \u00f6zg\u00fcn isimlerinden Claudio Magris\u2019in seyahat yaz\u0131lar\u0131ndan bir se\u00e7ki. Magris\u2019in bu yaz\u0131lar\u0131, s\u0131rt\u0131n\u0131<span class=\"excerpt-hellip\"> [\u2026]<\/span><\/p>\n","protected":false},"featured_media":0,"template":"","meta":{"_monsterinsights_skip_tracking":false,"_monsterinsights_sitenote_active":false,"_monsterinsights_sitenote_note":"","_monsterinsights_sitenote_category":0},"product_brand":[],"product_cat":[12777,12291],"product_tag":[],"class_list":{"0":"post-779607","1":"product","2":"type-product","3":"status-publish","5":"product_cat-deneme","6":"product_cat-edebiyat","7":"pa_cilt-ciltsiz","8":"pa_tur-kitap","9":"pa_yayinevi-yapi-kredi-yayinlari","10":"pa_yazar-claudio-magris","12":"first","13":"instock","14":"sale","15":"shipping-taxable","16":"purchasable","17":"product-type-simple"},"_links":{"self":[{"href":"https:\/\/roveyayinevi.com.tr\/index.php\/wp-json\/wp\/v2\/product\/779607","targetHints":{"allow":["GET"]}}],"collection":[{"href":"https:\/\/roveyayinevi.com.tr\/index.php\/wp-json\/wp\/v2\/product"}],"about":[{"href":"https:\/\/roveyayinevi.com.tr\/index.php\/wp-json\/wp\/v2\/types\/product"}],"wp:attachment":[{"href":"https:\/\/roveyayinevi.com.tr\/index.php\/wp-json\/wp\/v2\/media?parent=779607"}],"wp:term":[{"taxonomy":"product_brand","embeddable":true,"href":"https:\/\/roveyayinevi.com.tr\/index.php\/wp-json\/wp\/v2\/product_brand?post=779607"},{"taxonomy":"product_cat","embeddable":true,"href":"https:\/\/roveyayinevi.com.tr\/index.php\/wp-json\/wp\/v2\/product_cat?post=779607"},{"taxonomy":"product_tag","embeddable":true,"href":"https:\/\/roveyayinevi.com.tr\/index.php\/wp-json\/wp\/v2\/product_tag?post=779607"}],"curies":[{"name":"wp","href":"https:\/\/api.w.org\/{rel}","templated":true}]}}