{"id":779602,"date":"2025-12-30T12:01:45","date_gmt":"2025-12-30T09:01:45","guid":{"rendered":"https:\/\/roveyayinevi.com.tr\/index.php\/urun\/sihirli-boyama-kitabi-dinozorlar-ciltli\/"},"modified":"2026-04-15T03:44:15","modified_gmt":"2026-04-15T00:44:15","slug":"sihirli-boyama-kitabi-dinozorlar-ciltli","status":"publish","type":"product","link":"https:\/\/roveyayinevi.com.tr\/index.php\/urun\/sihirli-boyama-kitabi-dinozorlar-ciltli\/","title":{"rendered":"Sihirli Boyama Kitab\u0131 \u2013 Dinozorlar (Ciltli)"},"content":{"rendered":"<p>F\u0131r\u00e7ay\u0131 suyla doldurduktan sonra etrafa bula\u015ft\u0131rmadan boya yapmak \u00e7ok kolay, \u00e7\u00fcnk\u00fc bu boyama kitab\u0131 sihirli! Renklerin ve resimlerin g\u00f6r\u00fcnmesi i\u00e7in kitab\u0131n sayfalar\u0131n\u0131 su dolu f\u0131r\u00e7ayla boyamak yeterli! Boyama bitti\u011finde biraz bekleyin ve kitab\u0131 tekrar tekrar boyay\u0131n! \u00c7ocuklar\u0131n kalem tutmay\u0131 \u00f6\u011frenirken dinozorlar\u0131 da ke\u015ffedecekleri e\u011flenceli bir kitap! <\/p>\n","protected":false},"excerpt":{"rendered":"<p>F\u0131r\u00e7ay\u0131 suyla doldurduktan sonra etrafa bula\u015ft\u0131rmadan boya yapmak \u00e7ok kolay, \u00e7\u00fcnk\u00fc bu boyama kitab\u0131 sihirli! Renklerin ve resimlerin g\u00f6r\u00fcnmesi i\u00e7in kitab\u0131n sayfalar\u0131n\u0131 su dolu f\u0131r\u00e7ayla boyamak<span class=\"excerpt-hellip\"> [\u2026]<\/span><\/p>\n","protected":false},"featured_media":0,"template":"","meta":{"_monsterinsights_skip_tracking":false,"_monsterinsights_sitenote_active":false,"_monsterinsights_sitenote_note":"","_monsterinsights_sitenote_category":0},"product_brand":[],"product_cat":[12274,12518],"product_tag":[],"class_list":{"0":"post-779602","1":"product","2":"type-product","3":"status-publish","5":"product_cat-cocuk-ve-genclik-kitaplari","6":"product_cat-okul-oncesi-kitaplar","7":"pa_cilt-ciltli","8":"pa_tur-kitap","9":"pa_yayinevi-yapi-kredi-yayinlari","10":"pa_yazar-grund","12":"first","13":"instock","14":"sale","15":"shipping-taxable","16":"purchasable","17":"product-type-simple"},"_links":{"self":[{"href":"https:\/\/roveyayinevi.com.tr\/index.php\/wp-json\/wp\/v2\/product\/779602","targetHints":{"allow":["GET"]}}],"collection":[{"href":"https:\/\/roveyayinevi.com.tr\/index.php\/wp-json\/wp\/v2\/product"}],"about":[{"href":"https:\/\/roveyayinevi.com.tr\/index.php\/wp-json\/wp\/v2\/types\/product"}],"wp:attachment":[{"href":"https:\/\/roveyayinevi.com.tr\/index.php\/wp-json\/wp\/v2\/media?parent=779602"}],"wp:term":[{"taxonomy":"product_brand","embeddable":true,"href":"https:\/\/roveyayinevi.com.tr\/index.php\/wp-json\/wp\/v2\/product_brand?post=779602"},{"taxonomy":"product_cat","embeddable":true,"href":"https:\/\/roveyayinevi.com.tr\/index.php\/wp-json\/wp\/v2\/product_cat?post=779602"},{"taxonomy":"product_tag","embeddable":true,"href":"https:\/\/roveyayinevi.com.tr\/index.php\/wp-json\/wp\/v2\/product_tag?post=779602"}],"curies":[{"name":"wp","href":"https:\/\/api.w.org\/{rel}","templated":true}]}}