{"id":779599,"date":"2025-12-30T12:01:37","date_gmt":"2025-12-30T09:01:37","guid":{"rendered":"https:\/\/roveyayinevi.com.tr\/index.php\/urun\/miras-17\/"},"modified":"2026-04-15T03:44:15","modified_gmt":"2026-04-15T00:44:15","slug":"miras-17","status":"publish","type":"product","link":"https:\/\/roveyayinevi.com.tr\/index.php\/urun\/miras-17\/","title":{"rendered":"Miras"},"content":{"rendered":"<p>\u0130nsanl\u0131k tarihinde belki de en b\u00fcy\u00fck k\u0131r\u0131lmalardan birinin tam ortas\u0131nday\u0131z. Teknolojinin ba\u015f d\u00f6nd\u00fcr\u00fcc\u00fc h\u0131z\u0131, k\u00fcreselle\u015fmenin yaratt\u0131\u011f\u0131 belirsizlikler ve toplumsal yap\u0131lar\u0131 zorlayan d\u00f6n\u00fc\u015f\u00fcmler&#8230; T\u00fcm bunlar\u0131n aras\u0131nda bireyler ve kurumlar yo\u011fun kayg\u0131, de\u011fersizlik ve g\u00fcvensizlik duygular\u0131yla m\u00fccadele ediyor. Miras: \u00c7a\u011fa Uyum Sa\u011flamak \u0130\u00e7in 8 Yeni Zihniyet, bu karma\u015fada kaybolmu\u015f bireyler ve sa\u011fl\u0131kl\u0131 bir \u00f6rg\u00fctsel kimlik yaratmak isteyen kurumlar i\u00e7in bir pusula niteli\u011finde. Ge\u00e7mi\u015ften devrald\u0131\u011f\u0131m\u0131z kal\u0131plar\u0131 sorgulamaya, bug\u00fcn\u00fcn ruhunu yakalamaya ve gelece\u011fe umut verecek yeni bir k\u00fclt\u00fcr\u00fc in\u015fa etmeye davet ediyor bizleri.   \u201cG\u00fcncel psikoloji bilimi ile birlikte kadim k\u00fclt\u00fcrel de\u011ferlerden de en verimli \u015fekilde beslenen sevgili Sesil Pir, bu kitapta bizlere i\u015f ve ya\u015fam rotam\u0131zla ilgili \u00e7ok \u00f6nemli ipu\u00e7lar\u0131 veriyor. Bize d\u00fc\u015fen ise dikkatle kulak vererek hayata ge\u00e7irmeye \u00e7al\u0131\u015fmak.\u201d Sinan Canan   \u201cEnd\u00fcstriyel ve Organizasyonel Psikoloji Uzman\u0131 Sesil Pir\u2019in Miras: \u00c7a\u011fa Uyum Sa\u011flamak \u0130\u00e7in 8 Yeni Zihniyet kitab\u0131nda yazd\u0131klar\u0131, kal\u0131pla\u015fm\u0131\u015f d\u00fc\u015f\u00fcnceleri sorgulamam\u0131za ve ili\u015fkilerimizi daha anlaml\u0131 temellerde yeniden kurmam\u0131za yard\u0131mc\u0131 oluyor. De\u011ferlerinden taviz vermeden gelece\u011fi \u015fekillendirmek isteyen, \u00e7evresine g\u00fcven a\u015f\u0131layan her lider ve birey i\u00e7in bir rehber niteli\u011finde.\u201d \u0130hsan Erbil Bay\u00e7\u00f6l <\/p>\n","protected":false},"excerpt":{"rendered":"<p>\u0130nsanl\u0131k tarihinde belki de en b\u00fcy\u00fck k\u0131r\u0131lmalardan birinin tam ortas\u0131nday\u0131z. Teknolojinin ba\u015f d\u00f6nd\u00fcr\u00fcc\u00fc h\u0131z\u0131, k\u00fcreselle\u015fmenin yaratt\u0131\u011f\u0131 belirsizlikler ve toplumsal yap\u0131lar\u0131 zorlayan d\u00f6n\u00fc\u015f\u00fcmler&#8230; T\u00fcm bunlar\u0131n aras\u0131nda bireyler<span class=\"excerpt-hellip\"> [\u2026]<\/span><\/p>\n","protected":false},"featured_media":0,"template":"","meta":{"_monsterinsights_skip_tracking":false,"_monsterinsights_sitenote_active":false,"_monsterinsights_sitenote_note":"","_monsterinsights_sitenote_category":0},"product_brand":[],"product_cat":[12357],"product_tag":[],"class_list":{"0":"post-779599","1":"product","2":"type-product","3":"status-publish","5":"product_cat-psikoloji","6":"pa_cilt-ciltsiz","7":"pa_tur-kitap","8":"pa_yayinevi-mona-kitap","9":"pa_yazar-sesil-pir","11":"first","12":"instock","13":"sale","14":"shipping-taxable","15":"purchasable","16":"product-type-simple"},"_links":{"self":[{"href":"https:\/\/roveyayinevi.com.tr\/index.php\/wp-json\/wp\/v2\/product\/779599","targetHints":{"allow":["GET"]}}],"collection":[{"href":"https:\/\/roveyayinevi.com.tr\/index.php\/wp-json\/wp\/v2\/product"}],"about":[{"href":"https:\/\/roveyayinevi.com.tr\/index.php\/wp-json\/wp\/v2\/types\/product"}],"wp:attachment":[{"href":"https:\/\/roveyayinevi.com.tr\/index.php\/wp-json\/wp\/v2\/media?parent=779599"}],"wp:term":[{"taxonomy":"product_brand","embeddable":true,"href":"https:\/\/roveyayinevi.com.tr\/index.php\/wp-json\/wp\/v2\/product_brand?post=779599"},{"taxonomy":"product_cat","embeddable":true,"href":"https:\/\/roveyayinevi.com.tr\/index.php\/wp-json\/wp\/v2\/product_cat?post=779599"},{"taxonomy":"product_tag","embeddable":true,"href":"https:\/\/roveyayinevi.com.tr\/index.php\/wp-json\/wp\/v2\/product_tag?post=779599"}],"curies":[{"name":"wp","href":"https:\/\/api.w.org\/{rel}","templated":true}]}}