{"id":779598,"date":"2025-12-30T12:01:33","date_gmt":"2025-12-30T09:01:33","guid":{"rendered":"https:\/\/roveyayinevi.com.tr\/index.php\/urun\/diyaloglar-2-2\/"},"modified":"2026-04-15T03:44:15","modified_gmt":"2026-04-15T00:44:15","slug":"diyaloglar-2-2","status":"publish","type":"product","link":"https:\/\/roveyayinevi.com.tr\/index.php\/urun\/diyaloglar-2-2\/","title":{"rendered":"Diyaloglar 2"},"content":{"rendered":"<p>\u201cT\u00fcm kitaplar\u0131m gibi, belki de b\u00fct\u00fcn kitaplar gibi bu da kendi kendine yaz\u0131lm\u0131\u015ft\u0131r.\u201d Borges\u2019e g\u00f6re insanl\u0131\u011f\u0131n en b\u00fcy\u00fck ke\u015ffi: Diyalog. Tarihin gelgitlerine kar\u015f\u0131n nesilden nesle aktar\u0131lan o kadim gelenek. Ele\u015ftirel d\u00fc\u015f\u00fcncenin \u00f6nc\u00fcl\u00fc. Dopdolu bir \u00f6m\u00fcr ya\u015fam\u0131\u015f olan 85 ya\u015f\u0131ndaki Jorge Luis Borges\u2019le 35 ya\u015f\u0131ndaki Osvaldo Ferrari\u2019nin s\u00f6yle\u015filerinin ilk cildini k\u0131sa bir s\u00fcre \u00f6nce yay\u0131mlam\u0131\u015ft\u0131k. Diyaloglar\u0131n bu ikinci cildinde de Ferrari\u2019nin incelikli sorular\u0131 arac\u0131l\u0131\u011f\u0131yla Borges\u2019in muazzam zihin haritas\u0131nda seyre devam ediyoruz: Feminizmden Russell\u2019a, Spinoza\u2019dan Keltlere, Budizmden Shakespeare\u2019e doyumsuz bir yolculuk sunan bu kitap, -ilk ciltte de s\u00f6yledi\u011fimiz gibi- yaln\u0131z bir yazar\u0131n de\u011fil, bir \u201cd\u00fc\u015f kurma bi\u00e7imi\u201dnin manifestosu. Borges art\u0131k kesinlikle bir ifade bi\u00e7imiydi: Konu\u015fma dilindeki c\u00fcmleleri yaz\u0131s\u0131yla e\u015fde\u011ferdi, her \u015feyin \u015fekillendi\u011fi bir derinlik ya da \u00e2lemden geliyormu\u015f gibi g\u00f6r\u00fcn\u00fcyordu.<\/p>\n","protected":false},"excerpt":{"rendered":"<p>\u201cT\u00fcm kitaplar\u0131m gibi, belki de b\u00fct\u00fcn kitaplar gibi bu da kendi kendine yaz\u0131lm\u0131\u015ft\u0131r.\u201d Borges\u2019e g\u00f6re insanl\u0131\u011f\u0131n en b\u00fcy\u00fck ke\u015ffi: Diyalog. Tarihin gelgitlerine kar\u015f\u0131n nesilden nesle aktar\u0131lan<span class=\"excerpt-hellip\"> [\u2026]<\/span><\/p>\n","protected":false},"featured_media":0,"template":"","meta":{"_monsterinsights_skip_tracking":false,"_monsterinsights_sitenote_active":false,"_monsterinsights_sitenote_note":"","_monsterinsights_sitenote_category":0},"product_brand":[],"product_cat":[12291,30969],"product_tag":[],"class_list":{"0":"post-779598","1":"product","2":"type-product","3":"status-publish","5":"product_cat-edebiyat","6":"product_cat-soylesi-edebiyat","7":"pa_cilt-ciltsiz","8":"pa_tur-kitap","9":"pa_yayinevi-everest-yayinlari","10":"pa_yazar-jorge-luis-borges-osvaldo-ferrari","12":"first","13":"instock","14":"sale","15":"shipping-taxable","16":"purchasable","17":"product-type-simple"},"_links":{"self":[{"href":"https:\/\/roveyayinevi.com.tr\/index.php\/wp-json\/wp\/v2\/product\/779598","targetHints":{"allow":["GET"]}}],"collection":[{"href":"https:\/\/roveyayinevi.com.tr\/index.php\/wp-json\/wp\/v2\/product"}],"about":[{"href":"https:\/\/roveyayinevi.com.tr\/index.php\/wp-json\/wp\/v2\/types\/product"}],"wp:attachment":[{"href":"https:\/\/roveyayinevi.com.tr\/index.php\/wp-json\/wp\/v2\/media?parent=779598"}],"wp:term":[{"taxonomy":"product_brand","embeddable":true,"href":"https:\/\/roveyayinevi.com.tr\/index.php\/wp-json\/wp\/v2\/product_brand?post=779598"},{"taxonomy":"product_cat","embeddable":true,"href":"https:\/\/roveyayinevi.com.tr\/index.php\/wp-json\/wp\/v2\/product_cat?post=779598"},{"taxonomy":"product_tag","embeddable":true,"href":"https:\/\/roveyayinevi.com.tr\/index.php\/wp-json\/wp\/v2\/product_tag?post=779598"}],"curies":[{"name":"wp","href":"https:\/\/api.w.org\/{rel}","templated":true}]}}