{"id":779596,"date":"2025-12-30T12:01:28","date_gmt":"2025-12-30T09:01:28","guid":{"rendered":"https:\/\/roveyayinevi.com.tr\/index.php\/urun\/olgular-degisince\/"},"modified":"2026-04-15T03:44:15","modified_gmt":"2026-04-15T00:44:15","slug":"olgular-degisince","status":"publish","type":"product","link":"https:\/\/roveyayinevi.com.tr\/index.php\/urun\/olgular-degisince\/","title":{"rendered":"Olgular  De\u011fi\u015fince"},"content":{"rendered":"<p>Jennifer Homans, e\u015fi ve meslekta\u015f\u0131 Tony Judt&#8217;un hem d\u00fc\u015f\u00fcnsel evrimini hem de entelekt\u00fcel co\u015fkusunun tutarl\u0131l\u0131\u011f\u0131n\u0131 ortaya koyan \u00f6nemli denemeleri bir araya getiriyor. Olgular De\u011fi\u015fince tarihimize dikkat etmenin ve yerini ne\u015feli kurgulara kapt\u0131rmas\u0131na izin vermemenin \u00f6nemini bir kez daha g\u00f6steriyor. Bu kitap, b\u00fcy\u00fck bir tarih\u00e7inin, okuru d\u00fcnyaya daha derinden ba\u011flama g\u00fcc\u00fcn\u00fcn bir g\u00f6stergesi.   \u201cNeslinin en m\u00fccadeleci, ileri g\u00f6r\u00fc\u015fl\u00fc ve ayd\u0131nlat\u0131c\u0131 tarih\u00e7ilerinden biri.\u201d \u2013Literary Review   \u201cNadir g\u00f6r\u00fclen incelik ve \u00f6ng\u00f6r\u00fcye sahip bir tarih\u00e7i&#8230; Olgular De\u011fi\u015fince\u2019yi okuman\u0131z\u0131 \u015fiddetle tavsiye ederiz.\u201d \u2013Spectator   \u201cG\u00f6z kama\u015ft\u0131r\u0131c\u0131. Bu derleme, Judt&#8217;un berrak zihnini, \u00fcslubunu ve kat\u0131 ger\u00e7eklere olan sadakatini hat\u0131rlat\u0131yor.\u201d \u2013New York Times <\/p>\n","protected":false},"excerpt":{"rendered":"<p>Jennifer Homans, e\u015fi ve meslekta\u015f\u0131 Tony Judt&#8217;un hem d\u00fc\u015f\u00fcnsel evrimini hem de entelekt\u00fcel co\u015fkusunun tutarl\u0131l\u0131\u011f\u0131n\u0131 ortaya koyan \u00f6nemli denemeleri bir araya getiriyor. Olgular De\u011fi\u015fince tarihimize dikkat<span class=\"excerpt-hellip\"> [\u2026]<\/span><\/p>\n","protected":false},"featured_media":0,"template":"","meta":{"_monsterinsights_skip_tracking":false,"_monsterinsights_sitenote_active":false,"_monsterinsights_sitenote_note":"","_monsterinsights_sitenote_category":0},"product_brand":[],"product_cat":[12370,12304],"product_tag":[],"class_list":{"0":"post-779596","1":"product","2":"type-product","3":"status-publish","5":"product_cat-arastirma-inceleme","6":"product_cat-tarih","7":"pa_cilt-ciltsiz","8":"pa_tur-kitap","9":"pa_yayinevi-alfa-yayinlari","10":"pa_yazar-tony-judt","12":"first","13":"instock","14":"sale","15":"shipping-taxable","16":"purchasable","17":"product-type-simple"},"_links":{"self":[{"href":"https:\/\/roveyayinevi.com.tr\/index.php\/wp-json\/wp\/v2\/product\/779596","targetHints":{"allow":["GET"]}}],"collection":[{"href":"https:\/\/roveyayinevi.com.tr\/index.php\/wp-json\/wp\/v2\/product"}],"about":[{"href":"https:\/\/roveyayinevi.com.tr\/index.php\/wp-json\/wp\/v2\/types\/product"}],"wp:attachment":[{"href":"https:\/\/roveyayinevi.com.tr\/index.php\/wp-json\/wp\/v2\/media?parent=779596"}],"wp:term":[{"taxonomy":"product_brand","embeddable":true,"href":"https:\/\/roveyayinevi.com.tr\/index.php\/wp-json\/wp\/v2\/product_brand?post=779596"},{"taxonomy":"product_cat","embeddable":true,"href":"https:\/\/roveyayinevi.com.tr\/index.php\/wp-json\/wp\/v2\/product_cat?post=779596"},{"taxonomy":"product_tag","embeddable":true,"href":"https:\/\/roveyayinevi.com.tr\/index.php\/wp-json\/wp\/v2\/product_tag?post=779596"}],"curies":[{"name":"wp","href":"https:\/\/api.w.org\/{rel}","templated":true}]}}