{"id":779595,"date":"2025-12-30T12:01:25","date_gmt":"2025-12-30T09:01:25","guid":{"rendered":"https:\/\/roveyayinevi.com.tr\/index.php\/urun\/kutsal-otu-ormek\/"},"modified":"2026-04-15T03:44:14","modified_gmt":"2026-04-15T00:44:14","slug":"kutsal-otu-ormek","status":"publish","type":"product","link":"https:\/\/roveyayinevi.com.tr\/index.php\/urun\/kutsal-otu-ormek\/","title":{"rendered":"Kutsal Otu \u00d6rmek"},"content":{"rendered":"<p>Potawatomi halk\u0131n\u0131n bir \u00fcyesi olarak bitkilerin ve hayvanlar\u0131n en eski \u00f6\u011fretmenlerimiz oldu\u011funa inanan, ayn\u0131 zamanda do\u011faya bilimin merce\u011finden bakan bir botanik\u00e7i olan Robin Wall Kimmerer, bu iki bak\u0131\u015f a\u00e7\u0131s\u0131n\u0131 ustal\u0131kla bir araya getirerek okuru bilimsel oldu\u011fu kadar efsunlu, kutsal oldu\u011fu kadar tarihsel, ak\u0131lc\u0131 oldu\u011fu kadar bilge bir yolculu\u011fa \u00e7\u0131kar\u0131yor.Kendi ya\u015fam deneyimlerinden yola \u00e7\u0131kan Kimmerer; be\u015f y\u0131la yak\u0131n bir s\u00fcre boyunca New York Times \u00e7oksatanlar listesinde kalan bu kitab\u0131nda, Kaplumba\u011fa Adas\u0131\u2019n\u0131n yarat\u0131l\u0131\u015f\u0131ndan bug\u00fcnk\u00fc ekolojik tehditlere uzanan zengin d\u00fc\u015f\u00fcnce \u00f6rg\u00fcs\u00fcyle, temel bir ger\u00e7e\u011fin etraf\u0131nda dola\u015f\u0131yor: Daha geni\u015f bir ekolojik fark\u0131ndal\u0131\u011fa uyanmak ancak ya\u015fayan d\u00fcnyan\u0131n geri kalan\u0131yla kar\u015f\u0131l\u0131kl\u0131 ili\u015fkimizi kabul edip kutlamakla m\u00fcmk\u00fcn. \u00c7\u00fcnk\u00fc ancak di\u011fer varl\u0131klar\u0131n dillerini duymay\u0131 \u00f6\u011frendi\u011fimizde yery\u00fcz\u00fcn\u00fcn c\u00f6mertli\u011fini anlayabilir ve arma\u011fanlar\u0131m\u0131z\u0131 kar\u015f\u0131l\u0131k olarak sunmay\u0131 \u00f6\u011frenebiliriz.Robin Wall Kimmerer ola\u011fan\u00fcst\u00fc bir kitap yazm\u0131\u015f. Bilimin olgusal ve objektif yakla\u015f\u0131m\u0131n\u0131n, yerli halklar\u0131n kadim bilgeli\u011fiyle nas\u0131l zenginle\u015febilece\u011fini g\u00f6steriyor. G\u00fczellikleri o kadar iyi anlat\u0131yor ki\u2026 Boylu maz\u0131lar\u0131n, yabani \u00e7ileklerin, ya\u011fmur alt\u0131ndaki ormanlar\u0131n ve mis kokulu kutsal ot \u00e7ay\u0131rlar\u0131n\u0131n manzaralar\u0131, kitab\u0131 bitirdikten \u00e7ok sonra bile g\u00f6z\u00fcn\u00fcz\u00fcn \u00f6n\u00fcnden gitmiyor.Jane Goodall <\/p>\n","protected":false},"excerpt":{"rendered":"<p>Potawatomi halk\u0131n\u0131n bir \u00fcyesi olarak bitkilerin ve hayvanlar\u0131n en eski \u00f6\u011fretmenlerimiz oldu\u011funa inanan, ayn\u0131 zamanda do\u011faya bilimin merce\u011finden bakan bir botanik\u00e7i olan Robin Wall Kimmerer, bu<span class=\"excerpt-hellip\"> [\u2026]<\/span><\/p>\n","protected":false},"featured_media":0,"template":"","meta":{"_monsterinsights_skip_tracking":false,"_monsterinsights_sitenote_active":false,"_monsterinsights_sitenote_note":"","_monsterinsights_sitenote_category":0},"product_brand":[],"product_cat":[23323,12364],"product_tag":[],"class_list":{"0":"post-779595","1":"product","2":"type-product","3":"status-publish","5":"product_cat-ekoloji","6":"product_cat-genel-konular","7":"pa_cilt-ciltsiz","8":"pa_tur-kitap","9":"pa_yayinevi-kolektif-kitap","10":"pa_yazar-robin-wall-kimmerer","12":"first","13":"instock","14":"sale","15":"shipping-taxable","16":"purchasable","17":"product-type-simple"},"_links":{"self":[{"href":"https:\/\/roveyayinevi.com.tr\/index.php\/wp-json\/wp\/v2\/product\/779595","targetHints":{"allow":["GET"]}}],"collection":[{"href":"https:\/\/roveyayinevi.com.tr\/index.php\/wp-json\/wp\/v2\/product"}],"about":[{"href":"https:\/\/roveyayinevi.com.tr\/index.php\/wp-json\/wp\/v2\/types\/product"}],"wp:attachment":[{"href":"https:\/\/roveyayinevi.com.tr\/index.php\/wp-json\/wp\/v2\/media?parent=779595"}],"wp:term":[{"taxonomy":"product_brand","embeddable":true,"href":"https:\/\/roveyayinevi.com.tr\/index.php\/wp-json\/wp\/v2\/product_brand?post=779595"},{"taxonomy":"product_cat","embeddable":true,"href":"https:\/\/roveyayinevi.com.tr\/index.php\/wp-json\/wp\/v2\/product_cat?post=779595"},{"taxonomy":"product_tag","embeddable":true,"href":"https:\/\/roveyayinevi.com.tr\/index.php\/wp-json\/wp\/v2\/product_tag?post=779595"}],"curies":[{"name":"wp","href":"https:\/\/api.w.org\/{rel}","templated":true}]}}