{"id":779594,"date":"2025-12-30T12:01:21","date_gmt":"2025-12-30T09:01:21","guid":{"rendered":"https:\/\/roveyayinevi.com.tr\/index.php\/urun\/cati-katindaki-ada\/"},"modified":"2026-04-13T03:39:43","modified_gmt":"2026-04-13T00:39:43","slug":"cati-katindaki-ada","status":"publish","type":"product","link":"https:\/\/roveyayinevi.com.tr\/index.php\/urun\/cati-katindaki-ada\/","title":{"rendered":"\u00c7at\u0131 Kat\u0131ndaki Ada"},"content":{"rendered":"<p>\u015eiddetli bir f\u0131rt\u0131nayla gelen y\u0131ld\u0131r\u0131m, \u00e7at\u0131 kat\u0131ndaki daireye d\u00fc\u015fer ve dairenin d\u0131\u015far\u0131yla olan t\u00fcm ba\u011flant\u0131s\u0131n\u0131 kopar\u0131r. Ama k\u00fc\u00e7\u00fck kahraman\u0131m\u0131z pes etmez. \u00c7ok sevdi\u011fi birine ula\u015fmak i\u00e7in bamba\u015fka, yarat\u0131c\u0131 bir yol bulur. Bu sessiz kitap, ya\u015fad\u0131\u011f\u0131m\u0131z teknoloji \u00e7a\u011f\u0131nda insanlar\u0131n birbirleriyle olan temas\u0131n\u0131n hala ne kadar de\u011ferli oldu\u011funu bizlere hat\u0131rlat\u0131yor.Kitab\u0131n arkas\u0131nda yer alan etkinliksayfalar\u0131yla \u00e7ocuklar, kendi sessizhik\u00e2yelerini yeniden yazacaklar.<\/p>\n","protected":false},"excerpt":{"rendered":"<p>\u015eiddetli bir f\u0131rt\u0131nayla gelen y\u0131ld\u0131r\u0131m, \u00e7at\u0131 kat\u0131ndaki daireye d\u00fc\u015fer ve dairenin d\u0131\u015far\u0131yla olan t\u00fcm ba\u011flant\u0131s\u0131n\u0131 kopar\u0131r. Ama k\u00fc\u00e7\u00fck kahraman\u0131m\u0131z pes etmez. \u00c7ok sevdi\u011fi birine ula\u015fmak i\u00e7in<span class=\"excerpt-hellip\"> [\u2026]<\/span><\/p>\n","protected":false},"featured_media":0,"template":"","meta":{"_monsterinsights_skip_tracking":false,"_monsterinsights_sitenote_active":false,"_monsterinsights_sitenote_note":"","_monsterinsights_sitenote_category":0},"product_brand":[],"product_cat":[12274,12284],"product_tag":[],"class_list":{"0":"post-779594","1":"product","2":"type-product","3":"status-publish","5":"product_cat-cocuk-ve-genclik-kitaplari","6":"product_cat-hikayeler","7":"pa_cilt-ciltsiz","8":"pa_tur-kitap","9":"pa_yayinevi-ucan-fil-yayinlari","10":"pa_yazar-riccardo-guasco","12":"first","13":"instock","14":"sale","15":"shipping-taxable","16":"purchasable","17":"product-type-simple"},"_links":{"self":[{"href":"https:\/\/roveyayinevi.com.tr\/index.php\/wp-json\/wp\/v2\/product\/779594","targetHints":{"allow":["GET"]}}],"collection":[{"href":"https:\/\/roveyayinevi.com.tr\/index.php\/wp-json\/wp\/v2\/product"}],"about":[{"href":"https:\/\/roveyayinevi.com.tr\/index.php\/wp-json\/wp\/v2\/types\/product"}],"wp:attachment":[{"href":"https:\/\/roveyayinevi.com.tr\/index.php\/wp-json\/wp\/v2\/media?parent=779594"}],"wp:term":[{"taxonomy":"product_brand","embeddable":true,"href":"https:\/\/roveyayinevi.com.tr\/index.php\/wp-json\/wp\/v2\/product_brand?post=779594"},{"taxonomy":"product_cat","embeddable":true,"href":"https:\/\/roveyayinevi.com.tr\/index.php\/wp-json\/wp\/v2\/product_cat?post=779594"},{"taxonomy":"product_tag","embeddable":true,"href":"https:\/\/roveyayinevi.com.tr\/index.php\/wp-json\/wp\/v2\/product_tag?post=779594"}],"curies":[{"name":"wp","href":"https:\/\/api.w.org\/{rel}","templated":true}]}}