{"id":779592,"date":"2025-12-30T12:01:13","date_gmt":"2025-12-30T09:01:13","guid":{"rendered":"https:\/\/roveyayinevi.com.tr\/index.php\/urun\/ev-sirlarin-gomuldugu-yerdir\/"},"modified":"2026-04-15T03:44:14","modified_gmt":"2026-04-15T00:44:14","slug":"ev-sirlarin-gomuldugu-yerdir","status":"publish","type":"product","link":"https:\/\/roveyayinevi.com.tr\/index.php\/urun\/ev-sirlarin-gomuldugu-yerdir\/","title":{"rendered":"Ev S\u0131rlar\u0131n G\u00f6m\u00fcld\u00fc\u011f\u00fc Yerdir"},"content":{"rendered":"<p>\u2018\u2018Duygusal, s\u00fcr\u00fckleyici ve unutulmaz bir gerilim kitab\u0131.\u2019\u2019- LISA JEWELLEv ge\u00e7mi\u015finden ka\u00e7abilece\u011fimiz bir yer midir, yoksa ger\u00e7eklerle y\u00fczle\u015fmek zorunda kalaca\u011f\u0131m\u0131z bir mezarl\u0131k m\u0131?Uzun y\u0131llard\u0131r g\u00f6r\u00fc\u015fmeyen \u00fc\u00e7 karde\u015f, annelerinin \u00f6l\u00fcm\u00fc \u00fczerine tekrar bir araya gelir. En b\u00fcy\u00fckleri Beth evden hi\u00e7 ayr\u0131lmam\u0131\u015f, hastal\u0131\u011f\u0131 boyunca annesine bakm\u0131\u015ft\u0131r. Ortanca karde\u015f Nicole uzun s\u00fcredir uyu\u015fturucu ba\u011f\u0131ml\u0131l\u0131\u011f\u0131yla m\u00fccadele etmektedir. En k\u00fc\u00e7\u00fckleri Michael ise y\u0131llar \u00f6nce evden ayr\u0131lm\u0131\u015f, kendisine iyi bir hayat kurmu\u015ftur.Anne ve babalar\u0131n\u0131n e\u015fyalar\u0131n\u0131n aras\u0131nda bulduklar\u0131 eski bir VHS kaset, karde\u015flerin hayat\u0131n\u0131, hatta ge\u00e7mi\u015flerini de\u011fi\u015ftirir. Ailelerine dair do\u011fru bildikleri \u015feylerin birer birer yalan oldu\u011fu anla\u015f\u0131l\u0131rken, en b\u00fcy\u00fck gizem ebeveynlerinin bir cesedi ni\u00e7in ortadan kald\u0131rd\u0131klar\u0131d\u0131r. \u00dcstelik evlerinde g\u00f6m\u00fcl\u00fc \u015fey tek bir cesetten fazlas\u0131d\u0131r.Ge\u00e7mi\u015fle y\u00fczle\u015fmek zordur ama pen\u00e7esinden kurtulmak, \u00f6zellikle de bu ge\u00e7mi\u015fte g\u00f6m\u00fcl\u00fc cesetler varsa, san\u0131ld\u0131\u011f\u0131ndan \u00e7ok daha zor olabilir.Jeneva Rose bu soluksuz okuyaca\u011f\u0131n\u0131z roman\u0131nda aile ba\u011flar\u0131, ihanet, yalanlar ve g\u00f6m\u00fcl\u00fc s\u0131rlar \u00fczerine gerilim dolu bir hik\u00e2ye sunuyor.Annem ve babam bir ceset g\u00f6mm\u00fc\u015f olabilirler ama ge\u00e7mi\u015fi g\u00f6mememi\u015fler\u2026 ve belli ki \u015fimdi o ge\u00e7mi\u015f bizim ba\u015f\u0131m\u0131za bela olacak.<\/p>\n","protected":false},"excerpt":{"rendered":"<p>\u2018\u2018Duygusal, s\u00fcr\u00fckleyici ve unutulmaz bir gerilim kitab\u0131.\u2019\u2019- LISA JEWELLEv ge\u00e7mi\u015finden ka\u00e7abilece\u011fimiz bir yer midir, yoksa ger\u00e7eklerle y\u00fczle\u015fmek zorunda kalaca\u011f\u0131m\u0131z bir mezarl\u0131k m\u0131?Uzun y\u0131llard\u0131r g\u00f6r\u00fc\u015fmeyen \u00fc\u00e7 karde\u015f,<span class=\"excerpt-hellip\"> [\u2026]<\/span><\/p>\n","protected":false},"featured_media":0,"template":"","meta":{"_monsterinsights_skip_tracking":false,"_monsterinsights_sitenote_active":false,"_monsterinsights_sitenote_note":"","_monsterinsights_sitenote_category":0},"product_brand":[],"product_cat":[12291,12711],"product_tag":[],"class_list":{"0":"post-779592","1":"product","2":"type-product","3":"status-publish","5":"product_cat-edebiyat","6":"product_cat-roman-oyku","7":"pa_cilt-ciltsiz","8":"pa_tur-kitap","9":"pa_yayinevi-epsilon-yayinlari","10":"pa_yazar-jeneva-rose","12":"first","13":"instock","14":"sale","15":"shipping-taxable","16":"purchasable","17":"product-type-simple"},"_links":{"self":[{"href":"https:\/\/roveyayinevi.com.tr\/index.php\/wp-json\/wp\/v2\/product\/779592","targetHints":{"allow":["GET"]}}],"collection":[{"href":"https:\/\/roveyayinevi.com.tr\/index.php\/wp-json\/wp\/v2\/product"}],"about":[{"href":"https:\/\/roveyayinevi.com.tr\/index.php\/wp-json\/wp\/v2\/types\/product"}],"wp:attachment":[{"href":"https:\/\/roveyayinevi.com.tr\/index.php\/wp-json\/wp\/v2\/media?parent=779592"}],"wp:term":[{"taxonomy":"product_brand","embeddable":true,"href":"https:\/\/roveyayinevi.com.tr\/index.php\/wp-json\/wp\/v2\/product_brand?post=779592"},{"taxonomy":"product_cat","embeddable":true,"href":"https:\/\/roveyayinevi.com.tr\/index.php\/wp-json\/wp\/v2\/product_cat?post=779592"},{"taxonomy":"product_tag","embeddable":true,"href":"https:\/\/roveyayinevi.com.tr\/index.php\/wp-json\/wp\/v2\/product_tag?post=779592"}],"curies":[{"name":"wp","href":"https:\/\/api.w.org\/{rel}","templated":true}]}}