{"id":779591,"date":"2025-12-30T12:01:09","date_gmt":"2025-12-30T09:01:09","guid":{"rendered":"https:\/\/roveyayinevi.com.tr\/index.php\/urun\/emereld-ve-kayip-hazine\/"},"modified":"2026-04-15T03:44:14","modified_gmt":"2026-04-15T00:44:14","slug":"emereld-ve-kayip-hazine","status":"publish","type":"product","link":"https:\/\/roveyayinevi.com.tr\/index.php\/urun\/emereld-ve-kayip-hazine\/","title":{"rendered":"Emereld ve Kay\u0131p Hazine"},"content":{"rendered":"<p>Emerald \u00e7ok \u00f6zel \u00e7\u00fcnk\u00fc herkesten farkl\u0131!Emerald&#8217;\u0131n s\u0131n\u0131f\u0131, denizin dibinde biriken insan \u00e7\u00f6plerini toplamak i\u00e7in deniz dibi ke\u015ffine \u00e7\u0131kar.Emerald, yosunlar\u0131n aras\u0131nda de\u011ferli bir oyuncak ay\u0131 bulunca sevin\u00e7ten havalara u\u00e7ar ve onu eve g\u00f6t\u00fcrmek ister. Ancak etiketinde bir isim yazd\u0131\u011f\u0131n\u0131 fark eder: Jack.Emerald, karay\u0131 seven arkada\u015f\u0131 Isadora Moon&#8217;dan oyuncak ay\u0131y\u0131 sahibine g\u00f6t\u00fcrmesine yard\u0131m etmesini ister ve birlikte hem karada hem de denizde heyecan verici bir maceraya at\u0131l\u0131rlar!\u0130sadora Moon d\u00fcnyas\u0131ndan Emereld ve Kay\u0131p Hazine<\/p>\n","protected":false},"excerpt":{"rendered":"<p>Emerald \u00e7ok \u00f6zel \u00e7\u00fcnk\u00fc herkesten farkl\u0131!Emerald&#8217;\u0131n s\u0131n\u0131f\u0131, denizin dibinde biriken insan \u00e7\u00f6plerini toplamak i\u00e7in deniz dibi ke\u015ffine \u00e7\u0131kar.Emerald, yosunlar\u0131n aras\u0131nda de\u011ferli bir oyuncak ay\u0131 bulunca sevin\u00e7ten<span class=\"excerpt-hellip\"> [\u2026]<\/span><\/p>\n","protected":false},"featured_media":0,"template":"","meta":{"_monsterinsights_skip_tracking":false,"_monsterinsights_sitenote_active":false,"_monsterinsights_sitenote_note":"","_monsterinsights_sitenote_category":0},"product_brand":[],"product_cat":[12274,12284],"product_tag":[],"class_list":{"0":"post-779591","1":"product","2":"type-product","3":"status-publish","5":"product_cat-cocuk-ve-genclik-kitaplari","6":"product_cat-hikayeler","7":"pa_cilt-ciltsiz","8":"pa_tur-kitap","9":"pa_yayinevi-epsilon-yayinlari","10":"pa_yazar-harriet-muncaster","12":"first","13":"instock","14":"sale","15":"shipping-taxable","16":"purchasable","17":"product-type-simple"},"_links":{"self":[{"href":"https:\/\/roveyayinevi.com.tr\/index.php\/wp-json\/wp\/v2\/product\/779591","targetHints":{"allow":["GET"]}}],"collection":[{"href":"https:\/\/roveyayinevi.com.tr\/index.php\/wp-json\/wp\/v2\/product"}],"about":[{"href":"https:\/\/roveyayinevi.com.tr\/index.php\/wp-json\/wp\/v2\/types\/product"}],"wp:attachment":[{"href":"https:\/\/roveyayinevi.com.tr\/index.php\/wp-json\/wp\/v2\/media?parent=779591"}],"wp:term":[{"taxonomy":"product_brand","embeddable":true,"href":"https:\/\/roveyayinevi.com.tr\/index.php\/wp-json\/wp\/v2\/product_brand?post=779591"},{"taxonomy":"product_cat","embeddable":true,"href":"https:\/\/roveyayinevi.com.tr\/index.php\/wp-json\/wp\/v2\/product_cat?post=779591"},{"taxonomy":"product_tag","embeddable":true,"href":"https:\/\/roveyayinevi.com.tr\/index.php\/wp-json\/wp\/v2\/product_tag?post=779591"}],"curies":[{"name":"wp","href":"https:\/\/api.w.org\/{rel}","templated":true}]}}