{"id":779587,"date":"2025-12-30T12:00:56","date_gmt":"2025-12-30T09:00:56","guid":{"rendered":"https:\/\/roveyayinevi.com.tr\/index.php\/urun\/yapay-zeka-ile-dusunmek\/"},"modified":"2026-04-15T03:44:14","modified_gmt":"2026-04-15T00:44:14","slug":"yapay-zeka-ile-dusunmek","status":"publish","type":"product","link":"https:\/\/roveyayinevi.com.tr\/index.php\/urun\/yapay-zeka-ile-dusunmek\/","title":{"rendered":"Yapay Zeka ile D\u00fc\u015f\u00fcnmek"},"content":{"rendered":"<p>\u00d6zg\u00fcrl\u00fc\u011f\u00fcn\u00fcz\u00fc se\u00e7in. Kant\u2019\u0131n rehberli\u011fiyle ya\u015fam\u0131n\u0131z\u0131 yeniden d\u00fc\u015f\u00fcn\u00fcn.   Yapay zek\u00e2 art\u0131k hayat\u0131m\u0131z\u0131n her alan\u0131na girdi. \u0130\u015f d\u00fcnyas\u0131ndan e\u011fitime, sa\u011fl\u0131ktan g\u00fcndelik hayata kadar her yerde kar\u015f\u0131m\u0131za \u00e7\u0131kan bu teknolojiyi ya sadece bir ara\u00e7 gibi g\u00f6r\u00fcp ona komutlar veriyoruz ya da t\u00fcm sorumlulu\u011fu ona devredip kendi d\u00fc\u015f\u00fcnme kapasitemizi s\u0131n\u0131rl\u0131yoruz. Her iki yakla\u015f\u0131m da eksik. Serdar Keskin\u2019in yazd\u0131\u011f\u0131 Yapay Zek\u00e2yla D\u00fc\u015f\u00fcnmek, bu ikilemi k\u0131ran bir manifesto. Kitap, teknik ayr\u0131nt\u0131lar yerine zihinsel d\u00f6n\u00fc\u015f\u00fcm \u00fczerine odaklan\u0131yor. Yapay zek\u00e2y\u0131 nas\u0131l \u201cd\u00fc\u015f\u00fcnen bir ortak\u201d olarak kullanabilece\u011fimizi, onunla birlikte stratejik kararlar almay\u0131, i\u015f ve \u00f6zel hayat\u0131m\u0131zda daha derinlikli, yarat\u0131c\u0131 ve bilin\u00e7li ad\u0131mlar atmay\u0131 \u00f6\u011fretiyor.  Bu Kitap Size Ne Katacak? \u2022    Komut vermekten ama\u00e7 tasar\u0131m\u0131na ge\u00e7i\u015fi, \u2022    \u201cMarangozdan bah\u00e7\u0131vana\u201d d\u00f6n\u00fc\u015f\u00fcm\u00fcn\u00fc; yani kontrol etmek yerine b\u00fcy\u00fcme ortam\u0131 yaratmay\u0131, \u2022    AI Thinking Framework ile gelece\u011fi tasarlayan be\u015f d\u00fc\u015f\u00fcnce bi\u00e7imini, \u2022    Karar yorgunlu\u011funu azaltman\u0131n, yapay zek\u00e2 destekli karar s\u00fcre\u00e7lerini tasarlaman\u0131n yollar\u0131n\u0131, \u2022    Dijital empati ve insan\u2013yapay zek\u00e2 i\u015fbirli\u011finin g\u00fcc\u00fcn\u00fc, \u2022    Yapay zek\u00e2 \u00e7a\u011f\u0131nda etik liderli\u011fi ve k\u00fclt\u00fcrel d\u00f6n\u00fc\u015f\u00fcm\u00fc y\u00f6netmeyi, \u2022    Kendi \u00f6zel hayat\u0131n\u0131zda zek\u00e2n\u0131z\u0131 b\u00fcy\u00fcten ki\u015fisel stratejileri,  ve \u00e7ok daha fazlas\u0131n\u0131 bulacaks\u0131n\u0131z.  Felsefeden \u0130\u015f D\u00fcnyas\u0131na, G\u00fcnl\u00fck Hayattan Gelece\u011fe Kitap iki ana b\u00f6l\u00fcmden olu\u015fuyor. \u0130lk b\u00f6l\u00fcm, g\u00fcnl\u00fck hayatta ve i\u015f d\u00fcnyas\u0131nda hemen uygulanabilecek pratik stratejiler sunuyor. Yapay zek\u00e2ya nas\u0131l daha do\u011fru sorular sorabilece\u011finizi, sekt\u00f6r\u00fcn\u00fczde d\u00f6n\u00fc\u015f\u00fcm\u00fc nas\u0131l y\u00f6nlendirebilece\u011finizi, liderlik becerilerinizi nas\u0131l yeniden in\u015fa edebilece\u011finizi ad\u0131m ad\u0131m g\u00f6steriyor. \u0130kinci b\u00f6l\u00fcm ise daha derin ve vizyoner bir bak\u0131\u015f a\u00e7\u0131s\u0131 sunuyor. Zek\u00e2 ve bilincin de\u011fi\u015fen anlam\u0131n\u0131, s\u00fcper zek\u00e2 risklerini, toplumda yarataca\u011f\u0131 g\u00fc\u00e7 kaymalar\u0131n\u0131 ve yeni s\u0131n\u0131f ayr\u0131mlar\u0131n\u0131 tart\u0131\u015f\u0131yor. B\u00f6ylece yaln\u0131z bug\u00fcn\u00fc de\u011fil, gelece\u011fi de kavrayabilece\u011finiz zihinsel bir ufuk a\u00e7\u0131yor.  Liderlik Tipinizi Ke\u015ffedin Kitap ayr\u0131ca size \u00f6zel bir de\u011ferlendirme sunuyor: AI Thinking Liderlik Pusulas\u0131. K\u00e2\u015fif, Optimize Edici, Stratejist ve Mimar olmak \u00fczere d\u00f6rt farkl\u0131 liderlik tipiyle kendi yakla\u015f\u0131m\u0131n\u0131z\u0131 \u00f6\u011frenebilir, ki\u015fisel yol haritan\u0131z\u0131 \u00e7\u0131karabilirsiniz.  Bu kitap, sadece yapay zek\u00e2 ile ayakta kalmak i\u00e7in de\u011fil, yapay zek\u00e2 \u00e7a\u011f\u0131n\u0131 \u015fekillendirmek i\u00e7in yaz\u0131ld\u0131.<\/p>\n","protected":false},"excerpt":{"rendered":"<p>\u00d6zg\u00fcrl\u00fc\u011f\u00fcn\u00fcz\u00fc se\u00e7in. Kant\u2019\u0131n rehberli\u011fiyle ya\u015fam\u0131n\u0131z\u0131 yeniden d\u00fc\u015f\u00fcn\u00fcn. Yapay zek\u00e2 art\u0131k hayat\u0131m\u0131z\u0131n her alan\u0131na girdi. \u0130\u015f d\u00fcnyas\u0131ndan e\u011fitime, sa\u011fl\u0131ktan g\u00fcndelik hayata kadar her yerde kar\u015f\u0131m\u0131za \u00e7\u0131kan bu<span class=\"excerpt-hellip\"> [\u2026]<\/span><\/p>\n","protected":false},"featured_media":0,"template":"","meta":{"_monsterinsights_skip_tracking":false,"_monsterinsights_sitenote_active":false,"_monsterinsights_sitenote_note":"","_monsterinsights_sitenote_category":0},"product_brand":[],"product_cat":[12364,12376],"product_tag":[],"class_list":{"0":"post-779587","1":"product","2":"type-product","3":"status-publish","5":"product_cat-genel-konular","6":"product_cat-kisisel-gelisim","7":"pa_cilt-ciltsiz","8":"pa_tur-kitap","9":"pa_yayinevi-okuyan-us-yayin","10":"pa_yazar-serdar-keskin","12":"first","13":"instock","14":"sale","15":"shipping-taxable","16":"purchasable","17":"product-type-simple"},"_links":{"self":[{"href":"https:\/\/roveyayinevi.com.tr\/index.php\/wp-json\/wp\/v2\/product\/779587","targetHints":{"allow":["GET"]}}],"collection":[{"href":"https:\/\/roveyayinevi.com.tr\/index.php\/wp-json\/wp\/v2\/product"}],"about":[{"href":"https:\/\/roveyayinevi.com.tr\/index.php\/wp-json\/wp\/v2\/types\/product"}],"wp:attachment":[{"href":"https:\/\/roveyayinevi.com.tr\/index.php\/wp-json\/wp\/v2\/media?parent=779587"}],"wp:term":[{"taxonomy":"product_brand","embeddable":true,"href":"https:\/\/roveyayinevi.com.tr\/index.php\/wp-json\/wp\/v2\/product_brand?post=779587"},{"taxonomy":"product_cat","embeddable":true,"href":"https:\/\/roveyayinevi.com.tr\/index.php\/wp-json\/wp\/v2\/product_cat?post=779587"},{"taxonomy":"product_tag","embeddable":true,"href":"https:\/\/roveyayinevi.com.tr\/index.php\/wp-json\/wp\/v2\/product_tag?post=779587"}],"curies":[{"name":"wp","href":"https:\/\/api.w.org\/{rel}","templated":true}]}}