{"id":779581,"date":"2025-12-30T12:00:40","date_gmt":"2025-12-30T09:00:40","guid":{"rendered":"https:\/\/roveyayinevi.com.tr\/index.php\/urun\/big-block-books-benim-dunyam-my-word-ciltli\/"},"modified":"2026-04-15T03:44:14","modified_gmt":"2026-04-15T00:44:14","slug":"big-block-books-benim-dunyam-my-word-ciltli","status":"publish","type":"product","link":"https:\/\/roveyayinevi.com.tr\/index.php\/urun\/big-block-books-benim-dunyam-my-word-ciltli\/","title":{"rendered":"Big Block Books &#8211; Benim D\u00fcnyam (My Word) (Ciltli)"},"content":{"rendered":"<p>Minik Eller \u0130\u00e7in Benim D\u00fcnyam!G\u00fcnl\u00fck ya\u015fam\u0131n 50 objesi T\u00fcrk\u00e7e\u2013\u0130ngilizce!Benim D\u00fcnyam, \u00e7ocuklar\u0131n en yak\u0131ndan bildikleri g\u00fcnl\u00fck ya\u015fam kavramlar\u0131n\u0131 e\u011flenceli bir \u015fekilde sunuyor. Yemek masas\u0131ndan oyuncaklara, odas\u0131ndan k\u0131yafetlerine kadar pek \u00e7ok tan\u0131d\u0131k objeyi T\u00fcrk\u00e7e ve \u0130ngilizce olarak ke\u015ffeden minikler, kendi d\u00fcnyalar\u0131n\u0131 kitap sayfalar\u0131nda buluyor.Dayan\u0131kl\u0131 board book yap\u0131s\u0131, yuvarlat\u0131lm\u0131\u015f k\u00f6\u015feleri ve canl\u0131 ill\u00fcstrasyonlar\u0131yla g\u00fcvenli ve keyifli bir ilk okuma deneyimi sunan kitap, \u00e7ocuklar\u0131n dil geli\u015fimini desteklerken erken ya\u015fta kitap sevgisi kazand\u0131r\u0131yor. Her sayfa, minik okurlara hem yeni s\u00f6zc\u00fckler hem de dokunarak \u00f6\u011frenmenin mutlulu\u011funu ya\u015fat\u0131yor.Kazan\u0131mlar:G\u00fcnl\u00fck ya\u015famda kar\u015f\u0131la\u015f\u0131lan temel kavramlar\u0131 \u00f6\u011frenmeT\u00fcrk\u00e7e\u2013\u0130ngilizce \u00e7ift dilde kelime da\u011farc\u0131\u011f\u0131n\u0131 geli\u015ftirmeNesneleri tan\u0131yarak g\u00f6zlem becerisini art\u0131rma\u0130lk kitap deneyiminde g\u00fcvenli, e\u011flenceli ke\u015fif ya\u015fama<\/p>\n","protected":false},"excerpt":{"rendered":"<p>Minik Eller \u0130\u00e7in Benim D\u00fcnyam!G\u00fcnl\u00fck ya\u015fam\u0131n 50 objesi T\u00fcrk\u00e7e\u2013\u0130ngilizce!Benim D\u00fcnyam, \u00e7ocuklar\u0131n en yak\u0131ndan bildikleri g\u00fcnl\u00fck ya\u015fam kavramlar\u0131n\u0131 e\u011flenceli bir \u015fekilde sunuyor. Yemek masas\u0131ndan oyuncaklara, odas\u0131ndan k\u0131yafetlerine<span class=\"excerpt-hellip\"> [\u2026]<\/span><\/p>\n","protected":false},"featured_media":0,"template":"","meta":{"_monsterinsights_skip_tracking":false,"_monsterinsights_sitenote_active":false,"_monsterinsights_sitenote_note":"","_monsterinsights_sitenote_category":0},"product_brand":[],"product_cat":[12274,12518],"product_tag":[],"class_list":{"0":"post-779581","1":"product","2":"type-product","3":"status-publish","5":"product_cat-cocuk-ve-genclik-kitaplari","6":"product_cat-okul-oncesi-kitaplar","7":"pa_cilt-ciltli","8":"pa_tur-kitap","9":"pa_yayinevi-ucan-fil-yayinlari","10":"pa_yazar-kolektif","12":"first","13":"instock","14":"sale","15":"shipping-taxable","16":"purchasable","17":"product-type-simple"},"_links":{"self":[{"href":"https:\/\/roveyayinevi.com.tr\/index.php\/wp-json\/wp\/v2\/product\/779581","targetHints":{"allow":["GET"]}}],"collection":[{"href":"https:\/\/roveyayinevi.com.tr\/index.php\/wp-json\/wp\/v2\/product"}],"about":[{"href":"https:\/\/roveyayinevi.com.tr\/index.php\/wp-json\/wp\/v2\/types\/product"}],"wp:attachment":[{"href":"https:\/\/roveyayinevi.com.tr\/index.php\/wp-json\/wp\/v2\/media?parent=779581"}],"wp:term":[{"taxonomy":"product_brand","embeddable":true,"href":"https:\/\/roveyayinevi.com.tr\/index.php\/wp-json\/wp\/v2\/product_brand?post=779581"},{"taxonomy":"product_cat","embeddable":true,"href":"https:\/\/roveyayinevi.com.tr\/index.php\/wp-json\/wp\/v2\/product_cat?post=779581"},{"taxonomy":"product_tag","embeddable":true,"href":"https:\/\/roveyayinevi.com.tr\/index.php\/wp-json\/wp\/v2\/product_tag?post=779581"}],"curies":[{"name":"wp","href":"https:\/\/api.w.org\/{rel}","templated":true}]}}