{"id":779580,"date":"2025-12-30T12:00:39","date_gmt":"2025-12-30T09:00:39","guid":{"rendered":"https:\/\/roveyayinevi.com.tr\/index.php\/urun\/ebegumeci-ile-uyandirma-servisi\/"},"modified":"2026-04-03T03:35:43","modified_gmt":"2026-04-03T00:35:43","slug":"ebegumeci-ile-uyandirma-servisi","status":"publish","type":"product","link":"https:\/\/roveyayinevi.com.tr\/index.php\/urun\/ebegumeci-ile-uyandirma-servisi\/","title":{"rendered":"Ebeg\u00fcmeci ile Uyand\u0131rma Servisi"},"content":{"rendered":"<p>Perihan \u00c7\u0131rag\u00f6z, ilk kitab\u0131 Uyand\u0131rma Servisi ile otantik ve \u00f6zg\u00fcr bir hayat pe\u015finde olan, m\u00fckemmel de\u011fil muazzam kad\u0131nlara sesleniyor. Ayn\u0131 yollar\u0131 y\u00fcr\u00fcm\u00fc\u015f bir k\u0131z karde\u015fin g\u00fcvenilir sesiyle\u2026Bu kitab\u0131n fikri, Uyand\u0131rma Servisi program\u0131m\u0131n ne kadar i\u015fe yarar oldu\u011funu g\u00f6rmemle ortaya \u00e7\u0131kt\u0131. Uyand\u0131rma Servisi, ge\u00e7ti\u011fim noktalar\u0131 birle\u015ftirip hayat bilgisini dam\u0131tt\u0131\u011f\u0131m, kad\u0131nlar i\u00e7in \u201ckendi ger\u00e7e\u011fini ya\u015famaya \u00e7a\u011fr\u0131\u201dm olan bir grup \u00e7al\u0131\u015fmas\u0131. Terapi ve ko\u00e7luk ald\u0131\u011f\u0131m y\u0131llardan sonra neyi neden yapt\u0131\u011f\u0131m\u0131 anlay\u0131p, nereye do\u011fru gitmek istedi\u011fimi belirleyip o hayat\u0131 ya\u015famaya ba\u015flad\u0131m. Ve g\u00f6rd\u00fcm ki istedi\u011fim hayat\u0131 -kendi ger\u00e7e\u011fimi ya\u015famaya ba\u015flamamda d\u00f6n\u00fcp dola\u015f\u0131p \u00fczerinde \u00e7al\u0131\u015ft\u0131\u011f\u0131m \u00fc\u00e7 ba\u015fl\u0131k olmu\u015f:\u2022 De\u011fer\u2022 G\u00fc\u00e7\u2022 SorumlulukBuralar\u0131 g\u00f6r\u00fcn\u00fcr k\u0131lmak ilk a\u015fama. Buralar\u0131 nas\u0131l a\u015fabiliriz konusu ikinci a\u015fama. Bu bir rehber kitap olsun istiyorum. Kendi \u0131\u015f\u0131\u011f\u0131n\u0131 fark etmek, yeniden yakmak, \u00e7o\u011faltmak ve parlatmak isteyenler i\u00e7in bir yol arkada\u015f\u0131. Okuduk\u00e7a \u201cyaln\u0131z de\u011filmi\u015fim\u201d dedirten ve \u201cben de yapabilirim\u201d hissi do\u011furan bir kaynak.<\/p>\n","protected":false},"excerpt":{"rendered":"<p>Perihan \u00c7\u0131rag\u00f6z, ilk kitab\u0131 Uyand\u0131rma Servisi ile otantik ve \u00f6zg\u00fcr bir hayat pe\u015finde olan, m\u00fckemmel de\u011fil muazzam kad\u0131nlara sesleniyor. Ayn\u0131 yollar\u0131 y\u00fcr\u00fcm\u00fc\u015f bir k\u0131z karde\u015fin g\u00fcvenilir<span class=\"excerpt-hellip\"> [\u2026]<\/span><\/p>\n","protected":false},"featured_media":0,"template":"","meta":{"_monsterinsights_skip_tracking":false,"_monsterinsights_sitenote_active":false,"_monsterinsights_sitenote_note":"","_monsterinsights_sitenote_category":0},"product_brand":[],"product_cat":[12364,12376],"product_tag":[],"class_list":{"0":"post-779580","1":"product","2":"type-product","3":"status-publish","5":"product_cat-genel-konular","6":"product_cat-kisisel-gelisim","7":"pa_cilt-ciltsiz","8":"pa_tur-kitap","9":"pa_yayinevi-epsilon-yayinlari","10":"pa_yazar-perihan-ciragoz","12":"first","13":"instock","14":"sale","15":"shipping-taxable","16":"purchasable","17":"product-type-simple"},"_links":{"self":[{"href":"https:\/\/roveyayinevi.com.tr\/index.php\/wp-json\/wp\/v2\/product\/779580","targetHints":{"allow":["GET"]}}],"collection":[{"href":"https:\/\/roveyayinevi.com.tr\/index.php\/wp-json\/wp\/v2\/product"}],"about":[{"href":"https:\/\/roveyayinevi.com.tr\/index.php\/wp-json\/wp\/v2\/types\/product"}],"wp:attachment":[{"href":"https:\/\/roveyayinevi.com.tr\/index.php\/wp-json\/wp\/v2\/media?parent=779580"}],"wp:term":[{"taxonomy":"product_brand","embeddable":true,"href":"https:\/\/roveyayinevi.com.tr\/index.php\/wp-json\/wp\/v2\/product_brand?post=779580"},{"taxonomy":"product_cat","embeddable":true,"href":"https:\/\/roveyayinevi.com.tr\/index.php\/wp-json\/wp\/v2\/product_cat?post=779580"},{"taxonomy":"product_tag","embeddable":true,"href":"https:\/\/roveyayinevi.com.tr\/index.php\/wp-json\/wp\/v2\/product_tag?post=779580"}],"curies":[{"name":"wp","href":"https:\/\/api.w.org\/{rel}","templated":true}]}}