{"id":779579,"date":"2025-12-30T12:00:37","date_gmt":"2025-12-30T09:00:37","guid":{"rendered":"https:\/\/roveyayinevi.com.tr\/index.php\/urun\/dinozorlar-hakkinda-bilmeniz-gereken-10-sey\/"},"modified":"2026-04-15T03:44:14","modified_gmt":"2026-04-15T00:44:14","slug":"dinozorlar-hakkinda-bilmeniz-gereken-10-sey","status":"publish","type":"product","link":"https:\/\/roveyayinevi.com.tr\/index.php\/urun\/dinozorlar-hakkinda-bilmeniz-gereken-10-sey\/","title":{"rendered":"Dinozorlar Hakk\u0131nda Bilmeniz  Gereken 10 \u015eey"},"content":{"rendered":"<p>\u201cSon derece anla\u015f\u0131l\u0131r bir metin\u2026 Dinozor merakl\u0131lar\u0131 ve yeni ba\u015flayanlar i\u00e7in m\u00fckemmel bir rehber, \u00fcstelik 21. y\u00fczy\u0131l paleontolojisini bu denli heyecan verici k\u0131lan b\u00fcy\u00fcleyici detaylardan da \u00f6d\u00fcn vermiyor.\u201dDr. Rebecca Wragg Sykes,Neandertal: Soyda\u015flar\u0131m\u0131zda Hayat, Sevgi, \u00d6l\u00fcm ve Sanat kitab\u0131n\u0131n yazar\u0131Dinozorlar Hakk\u0131nda I\u015f\u0131k H\u0131z\u0131nda Bir Tur!Dinozorlar\u0131n beslenme bi\u00e7imlerinden aile yap\u0131lar\u0131na, cinsel hayatlar\u0131ndan baz\u0131lar\u0131n\u0131n t\u00fcyl\u00fc olmas\u0131na kadar t\u00fcm bilgilere bu kitapla k\u0131sa zamanda ula\u015fabilece\u011finizi s\u00f6ylesek? Dr. Dean Lomax, bu kadim canl\u0131lar\u0131 konuya merakl\u0131 ama ara\u015ft\u0131rmaya fazla zaman\u0131 olmayanlar i\u00e7in on k\u0131sa b\u00f6l\u00fcmde inceliyor ve b\u00fcy\u00fck fikirleri sade bir dille okuyucuya sunuyor. Dinozorlar\u0131 dinozor yapan \u00f6zelliklerden, ne yediklerine ve nas\u0131l beslendiklerine uzanan muazzam bir ke\u015fif yolculu\u011funa davet eden bu kitapta \u00f6nemli bir soru da g\u00fcndeme geliyor: D\u00fcnya tarihinde canl\u0131 ya\u015fam\u0131n\u0131 neredeyse tamamen bitirmenin e\u015fi\u011fine getiren be\u015f b\u00fcy\u00fck yok olu\u015fun alt\u0131nc\u0131s\u0131n\u0131n sebebi bir g\u00f6kta\u015f\u0131 de\u011fil, insan m\u0131 olacak?D\u00fcnyam\u0131z\u0131n en eski zamanlar\u0131na ve sakinlerine ilgi duyan, paleontolojiye merakl\u0131 ve de Jurassic Park seven herkes i\u00e7in m\u00fckemmel bir kitap.<\/p>\n","protected":false},"excerpt":{"rendered":"<p>\u201cSon derece anla\u015f\u0131l\u0131r bir metin\u2026 Dinozor merakl\u0131lar\u0131 ve yeni ba\u015flayanlar i\u00e7in m\u00fckemmel bir rehber, \u00fcstelik 21. y\u00fczy\u0131l paleontolojisini bu denli heyecan verici k\u0131lan b\u00fcy\u00fcleyici detaylardan da<span class=\"excerpt-hellip\"> [\u2026]<\/span><\/p>\n","protected":false},"featured_media":0,"template":"","meta":{"_monsterinsights_skip_tracking":false,"_monsterinsights_sitenote_active":false,"_monsterinsights_sitenote_note":"","_monsterinsights_sitenote_category":0},"product_brand":[],"product_cat":[13005,13006],"product_tag":[],"class_list":{"0":"post-779579","1":"product","2":"type-product","3":"status-publish","5":"product_cat-bilim-muhendislik","6":"product_cat-populer-bilim","7":"pa_cilt-ciltsiz","8":"pa_tur-kitap","9":"pa_yayinevi-epsilon-yayinlari","10":"pa_yazar-dean-lomax","12":"first","13":"instock","14":"sale","15":"shipping-taxable","16":"purchasable","17":"product-type-simple"},"_links":{"self":[{"href":"https:\/\/roveyayinevi.com.tr\/index.php\/wp-json\/wp\/v2\/product\/779579","targetHints":{"allow":["GET"]}}],"collection":[{"href":"https:\/\/roveyayinevi.com.tr\/index.php\/wp-json\/wp\/v2\/product"}],"about":[{"href":"https:\/\/roveyayinevi.com.tr\/index.php\/wp-json\/wp\/v2\/types\/product"}],"wp:attachment":[{"href":"https:\/\/roveyayinevi.com.tr\/index.php\/wp-json\/wp\/v2\/media?parent=779579"}],"wp:term":[{"taxonomy":"product_brand","embeddable":true,"href":"https:\/\/roveyayinevi.com.tr\/index.php\/wp-json\/wp\/v2\/product_brand?post=779579"},{"taxonomy":"product_cat","embeddable":true,"href":"https:\/\/roveyayinevi.com.tr\/index.php\/wp-json\/wp\/v2\/product_cat?post=779579"},{"taxonomy":"product_tag","embeddable":true,"href":"https:\/\/roveyayinevi.com.tr\/index.php\/wp-json\/wp\/v2\/product_tag?post=779579"}],"curies":[{"name":"wp","href":"https:\/\/api.w.org\/{rel}","templated":true}]}}