{"id":779576,"date":"2025-12-30T12:00:27","date_gmt":"2025-12-30T09:00:27","guid":{"rendered":"https:\/\/roveyayinevi.com.tr\/index.php\/urun\/kizil-kaftan\/"},"modified":"2026-04-15T03:44:14","modified_gmt":"2026-04-15T00:44:14","slug":"kizil-kaftan","status":"publish","type":"product","link":"https:\/\/roveyayinevi.com.tr\/index.php\/urun\/kizil-kaftan\/","title":{"rendered":"K\u0131z\u0131l Kaftan"},"content":{"rendered":"<p>MS 676Buhara\u2019n\u0131n ta\u015f sokaklar\u0131nda sessizlik yank\u0131lan\u0131yor.Bir \u015fehrin direni\u015fi, bir halk\u0131n son nefesine kar\u0131\u015f\u0131yor.Kabac Hatun\u2019un \u00f6nderli\u011finde y\u00fckselen bu m\u00fccadele yaln\u0131z k\u0131l\u0131\u00e7la de\u011fil, t\u00f6reyle, sab\u0131rla ve inan\u00e7la veriliyor.Her evin e\u015fi\u011finde bir kaftan, her y\u00fcrekte ayn\u0131 yemin var:Teslim olmamak.K\u0131z\u0131l Kaftan, g\u00f6\u011fe bakan kad\u0131nlar\u0131n, susarak direnenlerin, unutulmaya kar\u015f\u0131 haf\u0131zas\u0131n\u0131 koruyan bir halk\u0131n hik\u00e2yesi.Bir milletin sessizli\u011finin i\u00e7inde, tarihin en g\u00fcr sesi sakl\u0131.Zaman\u0131n \u00f6tesinden gelen bu destan, bir halk\u0131n varl\u0131k m\u00fccadelesini bir kad\u0131n\u0131n kalbinde yeniden kuruyor.Tarihin tozlu sat\u0131r aralar\u0131nda kalm\u0131\u015f bir d\u00f6nemi, inan\u00e7la yo\u011frulmu\u015f bir direni\u015fin s\u0131cak nefesiyle canland\u0131r\u0131yor.S\u00f6zc\u00fckleri k\u0131l\u0131\u00e7 gibi keskin, duygusu toprak kadar derin; K\u0131z\u0131l Kaftan yaln\u0131z ge\u00e7mi\u015fi anlatm\u0131yor, insan\u0131n \u00f6zg\u00fcrl\u00fc\u011fe ve onura olan inanc\u0131n\u0131 da hat\u0131rlat\u0131yor.<\/p>\n","protected":false},"excerpt":{"rendered":"<p>MS 676Buhara\u2019n\u0131n ta\u015f sokaklar\u0131nda sessizlik yank\u0131lan\u0131yor.Bir \u015fehrin direni\u015fi, bir halk\u0131n son nefesine kar\u0131\u015f\u0131yor.Kabac Hatun\u2019un \u00f6nderli\u011finde y\u00fckselen bu m\u00fccadele yaln\u0131z k\u0131l\u0131\u00e7la de\u011fil, t\u00f6reyle, sab\u0131rla ve inan\u00e7la veriliyor.Her<span class=\"excerpt-hellip\"> [\u2026]<\/span><\/p>\n","protected":false},"featured_media":0,"template":"","meta":{"_monsterinsights_skip_tracking":false,"_monsterinsights_sitenote_active":false,"_monsterinsights_sitenote_note":"","_monsterinsights_sitenote_category":0},"product_brand":[],"product_cat":[12291,12711],"product_tag":[],"class_list":{"0":"post-779576","1":"product","2":"type-product","3":"status-publish","5":"product_cat-edebiyat","6":"product_cat-roman-oyku","7":"pa_cilt-ciltsiz","8":"pa_tur-kitap","9":"pa_yayinevi-otuken-nesriyat","10":"pa_yazar-omer-caglar-yilmaz","12":"first","13":"instock","14":"sale","15":"shipping-taxable","16":"purchasable","17":"product-type-simple"},"_links":{"self":[{"href":"https:\/\/roveyayinevi.com.tr\/index.php\/wp-json\/wp\/v2\/product\/779576","targetHints":{"allow":["GET"]}}],"collection":[{"href":"https:\/\/roveyayinevi.com.tr\/index.php\/wp-json\/wp\/v2\/product"}],"about":[{"href":"https:\/\/roveyayinevi.com.tr\/index.php\/wp-json\/wp\/v2\/types\/product"}],"wp:attachment":[{"href":"https:\/\/roveyayinevi.com.tr\/index.php\/wp-json\/wp\/v2\/media?parent=779576"}],"wp:term":[{"taxonomy":"product_brand","embeddable":true,"href":"https:\/\/roveyayinevi.com.tr\/index.php\/wp-json\/wp\/v2\/product_brand?post=779576"},{"taxonomy":"product_cat","embeddable":true,"href":"https:\/\/roveyayinevi.com.tr\/index.php\/wp-json\/wp\/v2\/product_cat?post=779576"},{"taxonomy":"product_tag","embeddable":true,"href":"https:\/\/roveyayinevi.com.tr\/index.php\/wp-json\/wp\/v2\/product_tag?post=779576"}],"curies":[{"name":"wp","href":"https:\/\/api.w.org\/{rel}","templated":true}]}}