{"id":779573,"date":"2025-12-30T12:00:20","date_gmt":"2025-12-30T09:00:20","guid":{"rendered":"https:\/\/roveyayinevi.com.tr\/index.php\/urun\/cok-kutuplu-dunya\/"},"modified":"2026-04-15T03:44:14","modified_gmt":"2026-04-15T00:44:14","slug":"cok-kutuplu-dunya","status":"publish","type":"product","link":"https:\/\/roveyayinevi.com.tr\/index.php\/urun\/cok-kutuplu-dunya\/","title":{"rendered":"\u00c7ok Kutuplu D\u00fcnya"},"content":{"rendered":"<p>D\u00fcnya tek kutuplu d\u00fczenin sonuna geldi. Atlantik sistemi \u00e7\u00f6z\u00fcl\u00fcrken, Avrasya ekseni y\u00fckseliyor. ABD art\u0131k ne G\u00fcney \u00c7in Denizi\u2019nde ne Tayvan Bo\u011faz\u0131\u2019nda denge kurabiliyor; denizlerde, ticaret yollar\u0131nda ve ittifak a\u011flar\u0131nda h\u00e2kimiyetini kaybediyor. Moskova ve Pekin\u2019in \u00f6nc\u00fcl\u00fc\u011f\u00fcndeki Avrasya g\u00fc\u00e7leri stratejik i\u015fbirliklerini derinle\u015ftiriyor. K\u00fcresel g\u00fc\u00e7 merkezleri yer de\u011fi\u015ftirirken, T\u00fcrkiye tarihsel bir e\u015fi\u011fe gelmi\u015f durumda. Atat\u00fcrk\u2019\u00fcn \u201c\u0130lk hedefiniz Akdeniz\u2019dir!\u201d emrinden yola \u00e7\u0131kan emekli T\u00fcmamiral Cem G\u00fcrdeniz, bug\u00fcn\u00fcn T\u00fcrkiye\u2019sine \u015fu soruyu y\u00f6neltiyor: \u0130zleyici mi olaca\u011f\u0131z, yoksa oyun kurucu mu? G\u00fcrdeniz, bu kitapta \u00e7ok kutuplulu\u011fa ge\u00e7i\u015fin sanc\u0131lar\u0131n\u0131, \u201cMavi Vatan\u201d doktrininin stratejik derinli\u011fini ve T\u00fcrkiye\u2019nin denizlerden ba\u015flayarak ba\u011f\u0131ms\u0131z gelece\u011fini ele al\u0131yor. \u00c7ok Kutuplu D\u00fcnya-Sanc\u0131l\u0131 Ge\u00e7i\u015f S\u00fcreci ve T\u00fcrkiye, yaln\u0131zca bir uyar\u0131 de\u011fil; \u00e7ok kutuplu d\u00fcnyada T\u00fcrkiye\u2019nin stratejik pusulas\u0131 olarak okur kar\u015f\u0131s\u0131na \u00e7\u0131k\u0131yor. <\/p>\n","protected":false},"excerpt":{"rendered":"<p>D\u00fcnya tek kutuplu d\u00fczenin sonuna geldi. Atlantik sistemi \u00e7\u00f6z\u00fcl\u00fcrken, Avrasya ekseni y\u00fckseliyor. ABD art\u0131k ne G\u00fcney \u00c7in Denizi\u2019nde ne Tayvan Bo\u011faz\u0131\u2019nda denge kurabiliyor; denizlerde, ticaret yollar\u0131nda<span class=\"excerpt-hellip\"> [\u2026]<\/span><\/p>\n","protected":false},"featured_media":0,"template":"","meta":{"_monsterinsights_skip_tracking":false,"_monsterinsights_sitenote_active":false,"_monsterinsights_sitenote_note":"","_monsterinsights_sitenote_category":0},"product_brand":[],"product_cat":[13590,12337],"product_tag":[],"class_list":{"0":"post-779573","1":"product","2":"type-product","3":"status-publish","5":"product_cat-arastirma-inceleme-politika-siyaset","6":"product_cat-politika-siyaset","7":"pa_cilt-ciltsiz","8":"pa_tur-kitap","9":"pa_yayinevi-kirmizi-kedi-yayinevi","10":"pa_yazar-cem-gurdeniz","12":"first","13":"instock","14":"sale","15":"shipping-taxable","16":"purchasable","17":"product-type-simple"},"_links":{"self":[{"href":"https:\/\/roveyayinevi.com.tr\/index.php\/wp-json\/wp\/v2\/product\/779573","targetHints":{"allow":["GET"]}}],"collection":[{"href":"https:\/\/roveyayinevi.com.tr\/index.php\/wp-json\/wp\/v2\/product"}],"about":[{"href":"https:\/\/roveyayinevi.com.tr\/index.php\/wp-json\/wp\/v2\/types\/product"}],"wp:attachment":[{"href":"https:\/\/roveyayinevi.com.tr\/index.php\/wp-json\/wp\/v2\/media?parent=779573"}],"wp:term":[{"taxonomy":"product_brand","embeddable":true,"href":"https:\/\/roveyayinevi.com.tr\/index.php\/wp-json\/wp\/v2\/product_brand?post=779573"},{"taxonomy":"product_cat","embeddable":true,"href":"https:\/\/roveyayinevi.com.tr\/index.php\/wp-json\/wp\/v2\/product_cat?post=779573"},{"taxonomy":"product_tag","embeddable":true,"href":"https:\/\/roveyayinevi.com.tr\/index.php\/wp-json\/wp\/v2\/product_tag?post=779573"}],"curies":[{"name":"wp","href":"https:\/\/api.w.org\/{rel}","templated":true}]}}