{"id":779571,"date":"2025-12-30T12:00:15","date_gmt":"2025-12-30T09:00:15","guid":{"rendered":"https:\/\/roveyayinevi.com.tr\/index.php\/urun\/bir-zamanlar-2\/"},"modified":"2026-04-15T03:44:14","modified_gmt":"2026-04-15T00:44:14","slug":"bir-zamanlar-2","status":"publish","type":"product","link":"https:\/\/roveyayinevi.com.tr\/index.php\/urun\/bir-zamanlar-2\/","title":{"rendered":"Bir Zamanlar"},"content":{"rendered":"<p>Unutulanlar\u0131 hat\u0131rlamak i\u00e7in yaz\u0131ld\u0131\u2026 \u00c7\u00fcnk\u00fc Bir zamanlar s\u00f6ylenen s\u00f6zler vard\u0131, art\u0131k kimse duymuyor. Bir zamanlar insanlar\u0131n g\u00f6z\u00fc birbirini arard\u0131, \u015fimdi kimse bakm\u0131yor. Bir zamanlar k\u0131ymet bilen vard\u0131, \u015fimdi bolluk i\u00e7inde yoksunluk ya\u015f\u0131yoruz. Bu kitap; Kaybedilen de\u011ferlere, Yitip giden dostluklara, K\u0131ymeti sonradan anla\u015f\u0131lan anlara, Kendi i\u00e7inde cevaps\u0131z kalan sorulara bir not d\u00fc\u015fmek i\u00e7in yaz\u0131ld\u0131. Kimi zaman tarihi bir k\u0131ssa, kimi zaman i\u00e7e dokunan bir deneme, bazen kendiyle konu\u015fan bir ses, bazen hat\u0131rlanmak isteyen bir y\u00fcz&#8230; Okurken kendinizi bulaca\u011f\u0131n\u0131z, unuttu\u011funuzu hat\u0131rlayaca\u011f\u0131n\u0131z k\u0131rk yaz\u0131. Her biri bir zamanlar i\u00e7imizdeydi. Belki h\u00e2l\u00e2 bir yerlerde duruyordur. \u015eimdi o kap\u0131y\u0131 aralay\u0131n. Belki siz de kendi \u201cbir zamanlar\u201d\u0131n\u0131z\u0131 bulursunuz<\/p>\n","protected":false},"excerpt":{"rendered":"<p>Unutulanlar\u0131 hat\u0131rlamak i\u00e7in yaz\u0131ld\u0131\u2026 \u00c7\u00fcnk\u00fc Bir zamanlar s\u00f6ylenen s\u00f6zler vard\u0131, art\u0131k kimse duymuyor. Bir zamanlar insanlar\u0131n g\u00f6z\u00fc birbirini arard\u0131, \u015fimdi kimse bakm\u0131yor. Bir zamanlar k\u0131ymet bilen<span class=\"excerpt-hellip\"> [\u2026]<\/span><\/p>\n","protected":false},"featured_media":0,"template":"","meta":{"_monsterinsights_skip_tracking":false,"_monsterinsights_sitenote_active":false,"_monsterinsights_sitenote_note":"","_monsterinsights_sitenote_category":0},"product_brand":[],"product_cat":[13701,12291],"product_tag":[],"class_list":{"0":"post-779571","1":"product","2":"type-product","3":"status-publish","5":"product_cat-ani-mektup-gunluk","6":"product_cat-edebiyat","7":"pa_cilt-ciltsiz","8":"pa_tur-kitap","9":"pa_yayinevi-hayykitap","10":"pa_yazar-kerem-nakisci","12":"first","13":"instock","14":"sale","15":"shipping-taxable","16":"purchasable","17":"product-type-simple"},"_links":{"self":[{"href":"https:\/\/roveyayinevi.com.tr\/index.php\/wp-json\/wp\/v2\/product\/779571","targetHints":{"allow":["GET"]}}],"collection":[{"href":"https:\/\/roveyayinevi.com.tr\/index.php\/wp-json\/wp\/v2\/product"}],"about":[{"href":"https:\/\/roveyayinevi.com.tr\/index.php\/wp-json\/wp\/v2\/types\/product"}],"wp:attachment":[{"href":"https:\/\/roveyayinevi.com.tr\/index.php\/wp-json\/wp\/v2\/media?parent=779571"}],"wp:term":[{"taxonomy":"product_brand","embeddable":true,"href":"https:\/\/roveyayinevi.com.tr\/index.php\/wp-json\/wp\/v2\/product_brand?post=779571"},{"taxonomy":"product_cat","embeddable":true,"href":"https:\/\/roveyayinevi.com.tr\/index.php\/wp-json\/wp\/v2\/product_cat?post=779571"},{"taxonomy":"product_tag","embeddable":true,"href":"https:\/\/roveyayinevi.com.tr\/index.php\/wp-json\/wp\/v2\/product_tag?post=779571"}],"curies":[{"name":"wp","href":"https:\/\/api.w.org\/{rel}","templated":true}]}}