{"id":779569,"date":"2025-12-30T12:00:12","date_gmt":"2025-12-30T09:00:12","guid":{"rendered":"https:\/\/roveyayinevi.com.tr\/index.php\/urun\/surdurulebilirlik-ve-ekonomi\/"},"modified":"2026-04-15T03:44:14","modified_gmt":"2026-04-15T00:44:14","slug":"surdurulebilirlik-ve-ekonomi","status":"publish","type":"product","link":"https:\/\/roveyayinevi.com.tr\/index.php\/urun\/surdurulebilirlik-ve-ekonomi\/","title":{"rendered":"S\u00fcrd\u00fcr\u00fclebilirlik ve Ekonomi"},"content":{"rendered":"<p>S\u00fcrd\u00fcr\u00fclebilirlik ve ESG kavramlar\u0131na dair artan fark\u0131ndal\u0131\u011f\u0131n ve bu alandaki yenilik\u00e7i yakla\u015f\u0131mlar\u0131n, sadece \u00e7evresel risklerin y\u00f6netilmesine de\u011fil, ayn\u0131 zamanda toplumsal ve ekonomik dengeyi sa\u011flamaya y\u00f6nelik stratejik bir hamle oldu\u011funu bir kez daha vurgulanmal\u0131d\u0131r. Gelece\u011fin belirsizliklerle dolu dinamik ortam\u0131nda, do\u011fal kaynaklar\u0131n korunmas\u0131, sosyal adaletin ve \u015feffaf y\u00f6neti\u015fimin sa\u011flanmas\u0131 y\u00f6n\u00fcndeki ad\u0131mlar\u0131n, hem ulusal hem de uluslararas\u0131 d\u00fczeyde ortak irade ve \u00e7aba gerektirmektedir. K\u00fcresel ekonomi, \u00e7evresel krizler ve toplumsal de\u011fi\u015fimlerin kesi\u015fim noktas\u0131nda \u015fekillenen \u00e7a\u011f\u0131m\u0131zda, s\u00fcrd\u00fcr\u00fclebilirlik ve ESG (\u00c7evresel, Sosyal ve Y\u00f6neti\u015fim) konular\u0131, sadece akademik bir tart\u0131\u015fma alan\u0131 olman\u0131n \u00f6tesine ge\u00e7erek, k\u00fcresel politikalar\u0131n ve \u015firket stratejilerinin temel ta\u015flar\u0131 h\u00e2line gelmi\u015ftir. Bu \u00e7al\u0131\u015fma, kurumlar\u0131n\u0131 s\u00fcrd\u00fcr\u00fclebilirlik ekosistemine haz\u0131rlamak, bu alandaki finansman imk\u00e2nlar\u0131ndan yararlanmak, g\u00fcncel tart\u0131\u015fmalardan haberdar olmak ve kurumuna stratejik bir y\u00f6n vermek isteyen y\u00f6neticilere bir rehber olmay\u0131 ama\u00e7lam\u0131\u015ft\u0131r. \u00c7a\u011f\u0131m\u0131z\u0131n en kritik konular\u0131ndan olan s\u00fcrd\u00fcr\u00fclebilirli\u011fi ele alan S\u00fcrd\u00fcr\u00fclebilirlik ve Ekonomi, ESG uygulamalar\u0131n\u0131 ve bu uygulamalar\u0131n i\u015f d\u00fcnyas\u0131 ile hukuk alan\u0131ndaki yans\u0131malar\u0131n\u0131 kapsaml\u0131 ve sistematik bir bi\u00e7imde incelemektedir. Kitab\u0131n her b\u00f6l\u00fcm\u00fc, detayl\u0131 analizler ve g\u00fcncel uygulamalara dayal\u0131 \u00f6rneklemelerle desteklenmi\u015f, okuyucuya bir bilgi temeli sunacak bi\u00e7imde dizayn edilmi\u015ftir. Pratik uygulama \u00f6rnekleri sunarak, s\u00fcrd\u00fcr\u00fclebilir finansman ve ESG konular\u0131nda yetkin bir k\u0131lavuz olma \u00f6zelli\u011fi ta\u015f\u0131maktad\u0131r. <\/p>\n","protected":false},"excerpt":{"rendered":"<p>S\u00fcrd\u00fcr\u00fclebilirlik ve ESG kavramlar\u0131na dair artan fark\u0131ndal\u0131\u011f\u0131n ve bu alandaki yenilik\u00e7i yakla\u015f\u0131mlar\u0131n, sadece \u00e7evresel risklerin y\u00f6netilmesine de\u011fil, ayn\u0131 zamanda toplumsal ve ekonomik dengeyi sa\u011flamaya y\u00f6nelik stratejik<span class=\"excerpt-hellip\"> [\u2026]<\/span><\/p>\n","protected":false},"featured_media":0,"template":"","meta":{"_monsterinsights_skip_tracking":false,"_monsterinsights_sitenote_active":false,"_monsterinsights_sitenote_note":"","_monsterinsights_sitenote_category":0},"product_brand":[],"product_cat":[13043],"product_tag":[],"class_list":{"0":"post-779569","1":"product","2":"type-product","3":"status-publish","5":"product_cat-ekonomi","6":"pa_cilt-ciltsiz","7":"pa_tur-kitap","8":"pa_yayinevi-vakifbank-kultur-yayinlari","9":"pa_yazar-feyzullah-yetgin","11":"first","12":"instock","13":"sale","14":"shipping-taxable","15":"purchasable","16":"product-type-simple"},"_links":{"self":[{"href":"https:\/\/roveyayinevi.com.tr\/index.php\/wp-json\/wp\/v2\/product\/779569","targetHints":{"allow":["GET"]}}],"collection":[{"href":"https:\/\/roveyayinevi.com.tr\/index.php\/wp-json\/wp\/v2\/product"}],"about":[{"href":"https:\/\/roveyayinevi.com.tr\/index.php\/wp-json\/wp\/v2\/types\/product"}],"wp:attachment":[{"href":"https:\/\/roveyayinevi.com.tr\/index.php\/wp-json\/wp\/v2\/media?parent=779569"}],"wp:term":[{"taxonomy":"product_brand","embeddable":true,"href":"https:\/\/roveyayinevi.com.tr\/index.php\/wp-json\/wp\/v2\/product_brand?post=779569"},{"taxonomy":"product_cat","embeddable":true,"href":"https:\/\/roveyayinevi.com.tr\/index.php\/wp-json\/wp\/v2\/product_cat?post=779569"},{"taxonomy":"product_tag","embeddable":true,"href":"https:\/\/roveyayinevi.com.tr\/index.php\/wp-json\/wp\/v2\/product_tag?post=779569"}],"curies":[{"name":"wp","href":"https:\/\/api.w.org\/{rel}","templated":true}]}}