{"id":779566,"date":"2025-12-30T12:00:05","date_gmt":"2025-12-30T09:00:05","guid":{"rendered":"https:\/\/roveyayinevi.com.tr\/index.php\/urun\/etkili-ozliderligin-7-aliskanligi\/"},"modified":"2026-04-03T03:35:42","modified_gmt":"2026-04-03T00:35:42","slug":"etkili-ozliderligin-7-aliskanligi","status":"publish","type":"product","link":"https:\/\/roveyayinevi.com.tr\/index.php\/urun\/etkili-ozliderligin-7-aliskanligi\/","title":{"rendered":"Etkili \u00d6zliderli\u011fin 7 Al\u0131\u015fkanl\u0131\u011f\u0131"},"content":{"rendered":"<p>HAYATIN D\u0130ZG\u0130NLER\u0130N\u0130 EL\u0130N\u0130ZE ALMANIN SIRRI NED\u0130R? Dr. Stephen R. Covey, anlaml\u0131 bir ya\u015fam\u0131n kendili\u011finden ortaya \u00e7\u0131kmad\u0131\u011f\u0131n\u0131; bunun bilin\u00e7li se\u00e7imlerin, sa\u011flam ilkelerin, g\u00fc\u00e7l\u00fc de\u011ferlerin ve net bir y\u00f6n duygusunun sonucu oldu\u011funu belirtir. Etkili \u00d6zliderli\u011fin 7 Al\u0131\u015fkanl\u0131\u011f\u0131, bireysel g\u00fcc\u00fcn\u00fc ke\u015ffetmek, kendi hayat\u0131n\u0131n mimar\u0131 olmakve ger\u00e7ek potansiyelini a\u00e7\u0131\u011fa \u00e7\u0131karmak isteyen herkes i\u00e7in evrensel bir yol haritas\u0131 sunuyor. Covey\u2019nin y\u0131llard\u0131r milyonlara ilham veren \u201c7 Al\u0131\u015fkanl\u0131k\u201d modeli bu kez \u00f6zliderlik kavram\u0131 \u00fczerinden yeniden ele al\u0131n\u0131yor. G\u00fcn\u00fcm\u00fcz\u00fcn h\u0131zl\u0131, bol stresli ve s\u00fcrekli y\u00f6n de\u011fi\u015ftiren d\u00fcnyas\u0131nda g\u00fc\u00e7l\u00fc bir karakter in\u015fa etmek art\u0131k bir l\u00fcks de\u011fil, bir zorunluluk. Etkili \u00d6zliderli\u011fin 7 Al\u0131\u015fkanl\u0131\u011f\u0131 ise proaktif olmay\u0131, vizyon olu\u015fturmay\u0131, \u00f6nceliklerinize sahip \u00e7\u0131kmay\u0131, etkili ileti\u015fim kurmay\u0131 ve kendinizi s\u00fcrekli yenilemeyi ad\u0131m ad\u0131m \u00f6\u011fretirken kendi hayat\u0131n\u0131z\u0131n direksiyonuna ge\u00e7me cesareti veriyor. Etkili \u00d6zliderli\u011fin 7 Al\u0131\u015fkanl\u0131\u011f\u0131, hayat\u0131n\u0131z\u0131 ba\u015fkalar\u0131n\u0131n senaryosuna g\u00f6re ya\u015famak yerine kendi hik\u00e2yenizi yazman\u0131z i\u00e7in pratik bir rehber.<\/p>\n","protected":false},"excerpt":{"rendered":"<p>HAYATIN D\u0130ZG\u0130NLER\u0130N\u0130 EL\u0130N\u0130ZE ALMANIN SIRRI NED\u0130R? Dr. Stephen R. Covey, anlaml\u0131 bir ya\u015fam\u0131n kendili\u011finden ortaya \u00e7\u0131kmad\u0131\u011f\u0131n\u0131; bunun bilin\u00e7li se\u00e7imlerin, sa\u011flam ilkelerin, g\u00fc\u00e7l\u00fc de\u011ferlerin ve net bir<span class=\"excerpt-hellip\"> [\u2026]<\/span><\/p>\n","protected":false},"featured_media":0,"template":"","meta":{"_monsterinsights_skip_tracking":false,"_monsterinsights_sitenote_active":false,"_monsterinsights_sitenote_note":"","_monsterinsights_sitenote_category":0},"product_brand":[],"product_cat":[12364,12376],"product_tag":[],"class_list":{"0":"post-779566","1":"product","2":"type-product","3":"status-publish","5":"product_cat-genel-konular","6":"product_cat-kisisel-gelisim","7":"pa_cilt-ciltsiz","8":"pa_tur-kitap","9":"pa_yayinevi-nova-kitap","10":"pa_yazar-stephen-r-covey","12":"first","13":"instock","14":"sale","15":"shipping-taxable","16":"purchasable","17":"product-type-simple"},"_links":{"self":[{"href":"https:\/\/roveyayinevi.com.tr\/index.php\/wp-json\/wp\/v2\/product\/779566","targetHints":{"allow":["GET"]}}],"collection":[{"href":"https:\/\/roveyayinevi.com.tr\/index.php\/wp-json\/wp\/v2\/product"}],"about":[{"href":"https:\/\/roveyayinevi.com.tr\/index.php\/wp-json\/wp\/v2\/types\/product"}],"wp:attachment":[{"href":"https:\/\/roveyayinevi.com.tr\/index.php\/wp-json\/wp\/v2\/media?parent=779566"}],"wp:term":[{"taxonomy":"product_brand","embeddable":true,"href":"https:\/\/roveyayinevi.com.tr\/index.php\/wp-json\/wp\/v2\/product_brand?post=779566"},{"taxonomy":"product_cat","embeddable":true,"href":"https:\/\/roveyayinevi.com.tr\/index.php\/wp-json\/wp\/v2\/product_cat?post=779566"},{"taxonomy":"product_tag","embeddable":true,"href":"https:\/\/roveyayinevi.com.tr\/index.php\/wp-json\/wp\/v2\/product_tag?post=779566"}],"curies":[{"name":"wp","href":"https:\/\/api.w.org\/{rel}","templated":true}]}}