{"id":779565,"date":"2025-12-30T12:00:04","date_gmt":"2025-12-30T09:00:04","guid":{"rendered":"https:\/\/roveyayinevi.com.tr\/index.php\/urun\/ayna-yasimi-bilmiyor\/"},"modified":"2026-04-15T03:44:14","modified_gmt":"2026-04-15T00:44:14","slug":"ayna-yasimi-bilmiyor","status":"publish","type":"product","link":"https:\/\/roveyayinevi.com.tr\/index.php\/urun\/ayna-yasimi-bilmiyor\/","title":{"rendered":"Ayna Ya\u015f\u0131m\u0131 Bilmiyor"},"content":{"rendered":"<p>YA\u015eTAN BA\u011eIMSIZ G\u00dc\u00c7L\u00dc OLMA REHBER\u0130!Bak\u0131\u015f a\u00e7\u0131m\u0131z hayat yolumuzu belirler. \u00c7\u00fcnk\u00fc aynaya bakt\u0131\u011f\u0131m\u0131zda g\u00f6rd\u00fc\u011f\u00fcm\u00fcz asl\u0131nda ka\u00e7 ya\u015f\u0131nda oldu\u011fumuz de\u011fil, kendimizle kurdu\u011fumuz ba\u011fd\u0131r. \u0130\u015fte bu kitap tam da o ba\u011f\u0131 g\u00fc\u00e7lendirmek i\u00e7in yaz\u0131ld\u0131!\u0130ki \u00e7ocuk annesi ve ellilerindeki Bikini Fitness \u015eampiyonu Ceyden G\u00fcran, sporun sadece g\u00fczel bir v\u00fccut de\u011fil; gen\u00e7lik, \u00f6zg\u00fcrl\u00fck ve keyif demek oldu\u011funu m\u00fcthi\u015f enerjisiyle kan\u0131tl\u0131yor.E\u011flenceli anekdotlar, meydan okuyan hik\u00e2yeler, sporla ilgili \u00f6nyarg\u0131lar\u0131 tarihe g\u00f6mecek keyifli y\u00f6ntemler, ger\u00e7ek\u00e7i tavsiyeler ve QR kodlarla ula\u015fabilece\u011finiz s\u00fcrpriz egzersiz videolar\u0131yla Ayna Ya\u015f\u0131m\u0131 Bilmiyor! sizi hayat\u0131 daha g\u00fc\u00e7l\u00fc kucaklamaya \u00e7a\u011f\u0131r\u0131yor.Bu kitab\u0131n sayfalar\u0131nda kendinizi bulacak, kimi zaman g\u00fclerek kimi zaman duygulanarak okuyacaks\u0131n\u0131z. Ama kitab\u0131n sonunda \u015f\u00fcphesiz ki kendinizi daha iyi tan\u0131yacak ve aynaya farkl\u0131 g\u00f6zlerle bakman\u0131n yolunu bulacaks\u0131n\u0131z. <\/p>\n","protected":false},"excerpt":{"rendered":"<p>YA\u015eTAN BA\u011eIMSIZ G\u00dc\u00c7L\u00dc OLMA REHBER\u0130!Bak\u0131\u015f a\u00e7\u0131m\u0131z hayat yolumuzu belirler. \u00c7\u00fcnk\u00fc aynaya bakt\u0131\u011f\u0131m\u0131zda g\u00f6rd\u00fc\u011f\u00fcm\u00fcz asl\u0131nda ka\u00e7 ya\u015f\u0131nda oldu\u011fumuz de\u011fil, kendimizle kurdu\u011fumuz ba\u011fd\u0131r. \u0130\u015fte bu kitap tam da<span class=\"excerpt-hellip\"> [\u2026]<\/span><\/p>\n","protected":false},"featured_media":0,"template":"","meta":{"_monsterinsights_skip_tracking":false,"_monsterinsights_sitenote_active":false,"_monsterinsights_sitenote_note":"","_monsterinsights_sitenote_category":0},"product_brand":[],"product_cat":[13402,13365],"product_tag":[],"class_list":{"0":"post-779565","1":"product","2":"type-product","3":"status-publish","5":"product_cat-beslenme-ve-diyet","6":"product_cat-saglik","7":"pa_cilt-ciltsiz","8":"pa_tur-kitap","9":"pa_yayinevi-muptela-yayinevi","10":"pa_yazar-ceyden-guran","12":"first","13":"instock","14":"sale","15":"shipping-taxable","16":"purchasable","17":"product-type-simple"},"_links":{"self":[{"href":"https:\/\/roveyayinevi.com.tr\/index.php\/wp-json\/wp\/v2\/product\/779565","targetHints":{"allow":["GET"]}}],"collection":[{"href":"https:\/\/roveyayinevi.com.tr\/index.php\/wp-json\/wp\/v2\/product"}],"about":[{"href":"https:\/\/roveyayinevi.com.tr\/index.php\/wp-json\/wp\/v2\/types\/product"}],"wp:attachment":[{"href":"https:\/\/roveyayinevi.com.tr\/index.php\/wp-json\/wp\/v2\/media?parent=779565"}],"wp:term":[{"taxonomy":"product_brand","embeddable":true,"href":"https:\/\/roveyayinevi.com.tr\/index.php\/wp-json\/wp\/v2\/product_brand?post=779565"},{"taxonomy":"product_cat","embeddable":true,"href":"https:\/\/roveyayinevi.com.tr\/index.php\/wp-json\/wp\/v2\/product_cat?post=779565"},{"taxonomy":"product_tag","embeddable":true,"href":"https:\/\/roveyayinevi.com.tr\/index.php\/wp-json\/wp\/v2\/product_tag?post=779565"}],"curies":[{"name":"wp","href":"https:\/\/api.w.org\/{rel}","templated":true}]}}